{"id":249936,"date":"2023-06-04T17:46:02","date_gmt":"2023-06-04T16:46:02","guid":{"rendered":"https:\/\/www.moskito.cz\/produkt\/scrimgeour-spyderco-ceramic-bench-stone-ultra-fine-302uf\/"},"modified":"2025-05-07T10:51:10","modified_gmt":"2025-05-07T09:51:10","slug":"scrimgeour-spyderco-ceramic-bench-stone-ultra-fine-302uf","status":"publish","type":"product","link":"https:\/\/www.moskito.cz\/sk\/produkt\/scrimgeour-spyderco-ceramic-bench-stone-ultra-fine-302uf\/","title":{"rendered":"Br\u00faska Spyderco Ceramic Bench Stone Ultra Fine 302UF"},"content":{"rendered":"<p>Preto\u017ee s\u00fa stolov\u00e9 kamene Spyderco ploch\u00e9 a \u0161irok\u00e9, s\u00fa vysoko \u00fa\u010dinn\u00e9 na br\u00fasenie \u0161irok\u00fdch n\u00e1strojov, ako s\u00fa hobl\u00edky, dl\u00e1ta, ve\u013ek\u00e9 \u010depele, drevoobr\u00e1bacie zariadenia, dokonca aj hrany ly\u017e\u00ed.<\/p>\n<p>Po mnoh\u00fdch po\u017eiadavk\u00e1ch teraz Spyderco vyr\u00e1ba kame\u0148 s ultrajemnou zrnitos\u0165ou 5 x 20 x 3 cm. Ultrajemn\u00e9 kamene s\u00fa ide\u00e1lne na profesion\u00e1lne le\u0161tenie a kone\u010dn\u00fa \u00fapravu a dok\u00e1\u017eu spr\u00edsni\u0165 ryhovan\u00fd vzor ocele, \u010d\u00edm prin\u00e1\u0161aj\u00fa u\u017e aj tak ostr\u00fa hranu e\u0161te prenikavej\u0161iemu. na\u0161e kamene such\u00e9 bez lubrikantov alebo olejov.<\/p>\n<p>\u010cistenie: umyte \u010distou vodou a vydrhnite kovov\u00e9 \u010dastice z kame\u0148ov pomocou plastovej dr\u00f4tenky a abraz\u00edvneho \u010distiaceho prostriedku.<\/p>\n","protected":false},"excerpt":{"rendered":"<p>Preto\u017ee s\u00fa stolov\u00e9 kamene Spyderco ploch\u00e9 a \u0161irok\u00e9, s\u00fa vysoko \u00fa\u010dinn\u00e9 na br\u00fasenie \u0161irok\u00fdch n\u00e1strojov, ako s\u00fa hobl\u00edky, dl\u00e1ta, ve\u013ek\u00e9 \u010depele, drevoobr\u00e1bacie zariadenia, dokonca aj hrany ly\u017e\u00ed.<\/p>\n","protected":false},"featured_media":249934,"comment_status":"open","ping_status":"closed","template":"","meta":[],"pwb-brand":[3261],"product_brand":[],"product_cat":[3205],"product_tag":[3668],"class_list":{"0":"post-249936","1":"product","2":"type-product","3":"status-publish","4":"has-post-thumbnail","6":"pwb-brand-zatvaraci-noz-spyderco-endura-flat-ground-gray-frn-c10fpgy","7":"product_cat-brusky-a-ocielky","8":"product_tag-b2b-sk","10":"first","11":"instock","12":"taxable","13":"shipping-taxable","14":"purchasable","15":"product-type-simple"},"brands":[{"id":3261,"name":"Zatv\u00e1rac\u00ed N\u00f4\u017e Spyderco Endura Flat Ground Gray FRN C10FPGY","slug":"zatvaraci-noz-spyderco-endura-flat-ground-gray-frn-c10fpgy"}],"_links":{"self":[{"href":"https:\/\/www.moskito.cz\/sk\/wp-json\/wp\/v2\/product\/249936","targetHints":{"allow":["GET"]}}],"collection":[{"href":"https:\/\/www.moskito.cz\/sk\/wp-json\/wp\/v2\/product"}],"about":[{"href":"https:\/\/www.moskito.cz\/sk\/wp-json\/wp\/v2\/types\/product"}],"replies":[{"embeddable":true,"href":"https:\/\/www.moskito.cz\/sk\/wp-json\/wp\/v2\/comments?post=249936"}],"wp:featuredmedia":[{"embeddable":true,"href":"https:\/\/www.moskito.cz\/sk\/wp-json\/wp\/v2\/media\/249934"}],"wp:attachment":[{"href":"https:\/\/www.moskito.cz\/sk\/wp-json\/wp\/v2\/media?parent=249936"}],"wp:term":[{"taxonomy":"pwb-brand","embeddable":true,"href":"https:\/\/www.moskito.cz\/sk\/wp-json\/wp\/v2\/pwb-brand?post=249936"},{"taxonomy":"product_brand","embeddable":true,"href":"https:\/\/www.moskito.cz\/sk\/wp-json\/wp\/v2\/product_brand?post=249936"},{"taxonomy":"product_cat","embeddable":true,"href":"https:\/\/www.moskito.cz\/sk\/wp-json\/wp\/v2\/product_cat?post=249936"},{"taxonomy":"product_tag","embeddable":true,"href":"https:\/\/www.moskito.cz\/sk\/wp-json\/wp\/v2\/product_tag?post=249936"}],"curies":[{"name":"wp","href":"https:\/\/api.w.org\/{rel}","templated":true}]}}