{"id":249942,"date":"2023-06-04T18:06:01","date_gmt":"2023-06-04T17:06:01","guid":{"rendered":"https:\/\/www.moskito.cz\/produkt\/brusik-spyderco-fine-grit-sharpening-stone-with-sheath-303f\/"},"modified":"2025-05-07T10:51:10","modified_gmt":"2025-05-07T09:51:10","slug":"brusik-spyderco-fine-grit-sharpening-stone-with-sheath-303f","status":"publish","type":"product","link":"https:\/\/www.moskito.cz\/sk\/produkt\/brusik-spyderco-fine-grit-sharpening-stone-with-sheath-303f\/","title":{"rendered":"Br\u00fasik Spyderco Fine Grit Sharpening Stone with Sheath 303F"},"content":{"rendered":"<p>Br\u00fasik Spyderco Fine Grit Sharpening Stone with Sheath 303F<\/p>\n<p>Spyderco vyr\u00e1ba mal\u00e9 obd\u013a\u017enikov\u00e9 vreckov\u00e9 kamene na cesty a na br\u00fasenie mal\u00fdch predmetov.<\/p>\n<p>Vreckov\u00fd kame\u0148 303F Fine Grit Pocket Stone sa zmest\u00ed do dlane a je zabalen\u00fd v ko\u017eenom kufr\u00edku.<\/p>\n<p>Je bezpe\u010dn\u00fd v autokl\u00e1ve (ide\u00e1lne na ostrenie zubn\u00fdch n\u00e1strojov) alebo ho mo\u017eno \u010disti\u0165 plastovou dr\u00f4tenkou a pr\u00e1\u0161kov\u00fdm abraz\u00edvnym \u010distiacim prostriedkom.<\/p>\n<p>Rozmery br\u00fasky: 2.5 cm x 12.7 cm x 0.32 cm<\/p>\n","protected":false},"excerpt":{"rendered":"<p>Spyderco vyr\u00e1ba mal\u00e9 obd\u013a\u017enikov\u00e9 vreckov\u00e9 kamene na cesty a na br\u00fasenie mal\u00fdch predmetov.<\/p>\n","protected":false},"featured_media":249940,"comment_status":"open","ping_status":"closed","template":"","meta":[],"pwb-brand":[3261],"product_brand":[],"product_cat":[3205],"product_tag":[3668],"class_list":{"0":"post-249942","1":"product","2":"type-product","3":"status-publish","4":"has-post-thumbnail","6":"pwb-brand-zatvaraci-noz-spyderco-endura-flat-ground-gray-frn-c10fpgy","7":"product_cat-brusky-a-ocielky","8":"product_tag-b2b-sk","10":"first","11":"outofstock","12":"taxable","13":"shipping-taxable","14":"purchasable","15":"product-type-simple"},"brands":[{"id":3261,"name":"Zatv\u00e1rac\u00ed N\u00f4\u017e Spyderco Endura Flat Ground Gray FRN C10FPGY","slug":"zatvaraci-noz-spyderco-endura-flat-ground-gray-frn-c10fpgy"}],"_links":{"self":[{"href":"https:\/\/www.moskito.cz\/sk\/wp-json\/wp\/v2\/product\/249942","targetHints":{"allow":["GET"]}}],"collection":[{"href":"https:\/\/www.moskito.cz\/sk\/wp-json\/wp\/v2\/product"}],"about":[{"href":"https:\/\/www.moskito.cz\/sk\/wp-json\/wp\/v2\/types\/product"}],"replies":[{"embeddable":true,"href":"https:\/\/www.moskito.cz\/sk\/wp-json\/wp\/v2\/comments?post=249942"}],"wp:featuredmedia":[{"embeddable":true,"href":"https:\/\/www.moskito.cz\/sk\/wp-json\/wp\/v2\/media\/249940"}],"wp:attachment":[{"href":"https:\/\/www.moskito.cz\/sk\/wp-json\/wp\/v2\/media?parent=249942"}],"wp:term":[{"taxonomy":"pwb-brand","embeddable":true,"href":"https:\/\/www.moskito.cz\/sk\/wp-json\/wp\/v2\/pwb-brand?post=249942"},{"taxonomy":"product_brand","embeddable":true,"href":"https:\/\/www.moskito.cz\/sk\/wp-json\/wp\/v2\/product_brand?post=249942"},{"taxonomy":"product_cat","embeddable":true,"href":"https:\/\/www.moskito.cz\/sk\/wp-json\/wp\/v2\/product_cat?post=249942"},{"taxonomy":"product_tag","embeddable":true,"href":"https:\/\/www.moskito.cz\/sk\/wp-json\/wp\/v2\/product_tag?post=249942"}],"curies":[{"name":"wp","href":"https:\/\/api.w.org\/{rel}","templated":true}]}}