{"id":249966,"date":"2023-06-04T19:26:49","date_gmt":"2023-06-04T18:26:49","guid":{"rendered":"https:\/\/www.moskito.cz\/produkt\/brusik-spyderco-ultra-fine-ceramic-bench-stone-sharpener-306uf\/"},"modified":"2025-05-07T10:51:11","modified_gmt":"2025-05-07T09:51:11","slug":"brusik-spyderco-ultra-fine-ceramic-bench-stone-sharpener-306uf","status":"publish","type":"product","link":"https:\/\/www.moskito.cz\/sk\/produkt\/brusik-spyderco-ultra-fine-ceramic-bench-stone-sharpener-306uf\/","title":{"rendered":"Br\u00fasik Spyderco Ultra Fine Ceramic Bench Stone Sharpener 306UF"},"content":{"rendered":"<p>Br\u00fasik Spyderco Ultra Fine Ceramic Bench Stone Sharpener 306UF<\/p>\n<p>Ultrajemn\u00fd keramick\u00fd br\u00fasny kame\u0148 Spyderco je ploch\u00fd, tenk\u00fd a ultra hladk\u00fd na profesion\u00e1lne dokon\u010dovanie a ostrenie \u0161irok\u00fdch n\u00e1strojov, ako s\u00fa dl\u00e1ta, ve\u013ek\u00e9 \u010depele, drevoobr\u00e1bacie zariadenia, hobl\u00edky, dokonca aj hrany ly\u017e\u00ed a snowboardov. Vyroben\u00e9 z Alumina Ceramic, je vyr\u00e1ban\u00e9 v Spojen\u00fdch \u0161t\u00e1toch pomocou procesu, kedy sa spojivo kombinuje s \u010dasticami oxidu hlinit\u00e9ho, ktor\u00e9 s\u00fa v skuto\u010dnosti syntetick\u00fdmi zaf\u00edrmi. Kame\u0148 je tvarovan\u00fd a potom vyp\u00e1len\u00fd v peci na teplotu 3000 stup\u0148ov F (1649 \u00b0C). Keramick\u00e9 kamene z oxidu hlinit\u00e9ho meraj\u00fa 9 na Mohsovej stupnici tvrdosti (z 10) a na pou\u017eitie nevy\u017eaduj\u00fa lubrikanty, ako je olej alebo voda. Kame\u0148 s ultrajemnou zrnitos\u0165ou nap\u00edna a vyhladzuje \u0161kraban\u00fa stopu na reznej hrane pre e\u0161te ostrej\u0161ie, ch\u013apky praskaj\u00face hrany. Kame\u0148 je dostato\u010dne tenk\u00fd a \u013eahk\u00fd na ru\u010dn\u00e9 pou\u017eitie, pri\u010dom ostriaca plocha je priamo na v\u00e4\u010d\u0161ie predmety. Pri stolnom br\u00fasen\u00ed odpor\u00fa\u010dame pou\u017ei\u0165 kame\u0148 na semi\u0161ovom prenosnom puzdre, aby sa nek\u013azalo. Ak chcete kame\u0148 vy\u010disti\u0165, umyte ho v sladkej vode a vydrhnite pr\u00e1\u0161kov\u00fdm abraz\u00edvnym \u010disti\u010dom a dr\u00f4tenkou. Opl\u00e1chnite a vysu\u0161te na vzduchu.<\/p>\n<p>Rormery: 7.62 cm x 20.33 cm x 0.8 cm<\/p>\n","protected":false},"excerpt":{"rendered":"<p>Ultrajemn\u00fd keramick\u00fd br\u00fasny kame\u0148 Spyderco je ploch\u00fd, tenk\u00fd a ultra hladk\u00fd na profesion\u00e1lne dokon\u010dovanie a ostrenie \u0161irok\u00fdch n\u00e1strojov, ako s\u00fa dl\u00e1ta, ve\u013ek\u00e9 \u010depele, drevoobr\u00e1bacie zariadenia, hobl\u00edky, dokonca aj hrany ly\u017e\u00ed a snowboardov.<\/p>\n","protected":false},"featured_media":249964,"comment_status":"open","ping_status":"closed","template":"","meta":[],"pwb-brand":[3261],"product_brand":[],"product_cat":[3205],"product_tag":[3668],"class_list":{"0":"post-249966","1":"product","2":"type-product","3":"status-publish","4":"has-post-thumbnail","6":"pwb-brand-zatvaraci-noz-spyderco-endura-flat-ground-gray-frn-c10fpgy","7":"product_cat-brusky-a-ocielky","8":"product_tag-b2b-sk","10":"first","11":"instock","12":"taxable","13":"shipping-taxable","14":"purchasable","15":"product-type-simple"},"brands":[{"id":3261,"name":"Zatv\u00e1rac\u00ed N\u00f4\u017e Spyderco Endura Flat Ground Gray FRN C10FPGY","slug":"zatvaraci-noz-spyderco-endura-flat-ground-gray-frn-c10fpgy"}],"_links":{"self":[{"href":"https:\/\/www.moskito.cz\/sk\/wp-json\/wp\/v2\/product\/249966","targetHints":{"allow":["GET"]}}],"collection":[{"href":"https:\/\/www.moskito.cz\/sk\/wp-json\/wp\/v2\/product"}],"about":[{"href":"https:\/\/www.moskito.cz\/sk\/wp-json\/wp\/v2\/types\/product"}],"replies":[{"embeddable":true,"href":"https:\/\/www.moskito.cz\/sk\/wp-json\/wp\/v2\/comments?post=249966"}],"wp:featuredmedia":[{"embeddable":true,"href":"https:\/\/www.moskito.cz\/sk\/wp-json\/wp\/v2\/media\/249964"}],"wp:attachment":[{"href":"https:\/\/www.moskito.cz\/sk\/wp-json\/wp\/v2\/media?parent=249966"}],"wp:term":[{"taxonomy":"pwb-brand","embeddable":true,"href":"https:\/\/www.moskito.cz\/sk\/wp-json\/wp\/v2\/pwb-brand?post=249966"},{"taxonomy":"product_brand","embeddable":true,"href":"https:\/\/www.moskito.cz\/sk\/wp-json\/wp\/v2\/product_brand?post=249966"},{"taxonomy":"product_cat","embeddable":true,"href":"https:\/\/www.moskito.cz\/sk\/wp-json\/wp\/v2\/product_cat?post=249966"},{"taxonomy":"product_tag","embeddable":true,"href":"https:\/\/www.moskito.cz\/sk\/wp-json\/wp\/v2\/product_tag?post=249966"}],"curies":[{"name":"wp","href":"https:\/\/api.w.org\/{rel}","templated":true}]}}