{"id":249993,"date":"2023-06-04T20:01:53","date_gmt":"2023-06-04T19:01:53","guid":{"rendered":"https:\/\/www.moskito.cz\/produkt\/brusik-spyderco-ceramic-file-round-400f1r\/"},"modified":"2023-11-20T17:32:59","modified_gmt":"2023-11-20T16:32:59","slug":"brusik-spyderco-ceramic-file-round-400f1r","status":"publish","type":"product","link":"https:\/\/www.moskito.cz\/sk\/produkt\/brusik-spyderco-ceramic-file-round-400f1r\/","title":{"rendered":"Br\u00fasik Spyderco Ceramic File Round 400F1R"},"content":{"rendered":"<p>Br\u00fasik Spyderco Ceramic File Round 400F1R<\/p>\n<p>Keramick\u00e9 br\u00fasky Spyderco s\u00fa \u0161peci\u00e1lne navrhnut\u00e9 na ostrenie mal\u00fdch, detailn\u00fdch n\u00e1strojov, ako s\u00fa rezb\u00e1rske n\u00e1stroje, dr\u00e1\u017eky a dent\u00e1lne zariadenia. Pou\u017e\u00edvaj\u00fa ich aj zbroj\u00e1ri pre sp\u00fa\u0161\u0165acie pr\u00e1ce, odstra\u0148ovanie otrepov a dokon\u010dovanie detailov. Tento okr\u00fahly piln\u00edk je ide\u00e1lny na ostrenie r\u00fdh a rezb\u00e1rskych n\u00e1strojov s konk\u00e1vnymi hranami. \u013dahko sa \u010dist\u00ed pomocou dom\u00e1ceho \u010distiaceho prostriedku, dr\u00f4tenky a vody. Rozmery: 0.62 cm x 12.5 cm. Vyroben\u00e9 v USA.<\/p>\n","protected":false},"excerpt":{"rendered":"<p>Keramick\u00e9 br\u00fasky Spyderco s\u00fa \u0161peci\u00e1lne navrhnut\u00e9 na ostrenie mal\u00fdch, detailn\u00fdch n\u00e1strojov, ako s\u00fa rezb\u00e1rske n\u00e1stroje, dr\u00e1\u017eky a dent\u00e1lne zariadenia.<\/p>\n","protected":false},"featured_media":249991,"comment_status":"open","ping_status":"closed","template":"","meta":[],"pwb-brand":[3261],"product_brand":[],"product_cat":[3205],"product_tag":[3668],"class_list":{"0":"post-249993","1":"product","2":"type-product","3":"status-publish","4":"has-post-thumbnail","6":"pwb-brand-zatvaraci-noz-spyderco-endura-flat-ground-gray-frn-c10fpgy","7":"product_cat-brusky-a-ocielky","8":"product_tag-b2b-sk","10":"first","11":"outofstock","12":"taxable","13":"shipping-taxable","14":"purchasable","15":"product-type-simple"},"brands":[{"id":3261,"name":"Zatv\u00e1rac\u00ed N\u00f4\u017e Spyderco Endura Flat Ground Gray FRN C10FPGY","slug":"zatvaraci-noz-spyderco-endura-flat-ground-gray-frn-c10fpgy"}],"_links":{"self":[{"href":"https:\/\/www.moskito.cz\/sk\/wp-json\/wp\/v2\/product\/249993","targetHints":{"allow":["GET"]}}],"collection":[{"href":"https:\/\/www.moskito.cz\/sk\/wp-json\/wp\/v2\/product"}],"about":[{"href":"https:\/\/www.moskito.cz\/sk\/wp-json\/wp\/v2\/types\/product"}],"replies":[{"embeddable":true,"href":"https:\/\/www.moskito.cz\/sk\/wp-json\/wp\/v2\/comments?post=249993"}],"wp:featuredmedia":[{"embeddable":true,"href":"https:\/\/www.moskito.cz\/sk\/wp-json\/wp\/v2\/media\/249991"}],"wp:attachment":[{"href":"https:\/\/www.moskito.cz\/sk\/wp-json\/wp\/v2\/media?parent=249993"}],"wp:term":[{"taxonomy":"pwb-brand","embeddable":true,"href":"https:\/\/www.moskito.cz\/sk\/wp-json\/wp\/v2\/pwb-brand?post=249993"},{"taxonomy":"product_brand","embeddable":true,"href":"https:\/\/www.moskito.cz\/sk\/wp-json\/wp\/v2\/product_brand?post=249993"},{"taxonomy":"product_cat","embeddable":true,"href":"https:\/\/www.moskito.cz\/sk\/wp-json\/wp\/v2\/product_cat?post=249993"},{"taxonomy":"product_tag","embeddable":true,"href":"https:\/\/www.moskito.cz\/sk\/wp-json\/wp\/v2\/product_tag?post=249993"}],"curies":[{"name":"wp","href":"https:\/\/api.w.org\/{rel}","templated":true}]}}