{"id":250062,"date":"2023-06-06T20:05:42","date_gmt":"2023-06-06T19:05:42","guid":{"rendered":"https:\/\/www.moskito.cz\/produkt\/zatvaraci-noz-spyderco-endura-4-wharncliffe-c10fpwcbk\/"},"modified":"2025-05-07T10:51:13","modified_gmt":"2025-05-07T09:51:13","slug":"zatvaraci-noz-spyderco-endura-4-wharncliffe-c10fpwcbk","status":"publish","type":"product","link":"https:\/\/www.moskito.cz\/sk\/produkt\/zatvaraci-noz-spyderco-endura-4-wharncliffe-c10fpwcbk\/","title":{"rendered":"Zatv\u00e1rac\u00ed N\u00f4\u017e Spyderco Endura 4 Wharncliffe C10FPWCBK"},"content":{"rendered":"<p>Zatv\u00e1rac\u00ed N\u00f4\u017e Spyderco Endura 4 Wharncliffe C10FPWCBK<\/p>\n<p>Endura spolo\u010dnosti Spyderco dosiahla takmer legend\u00e1rne postavenie vo svete rezn\u00fdch n\u00e1strojov na ka\u017edodenn\u00e9 nosenie. Najnov\u0161ia vari\u00e1cia tohto modelu kombinuje v\u0161etky najlep\u0161ie kvality Endura 4 Lightweight vo svojej triede s extr\u00e9mnym rezn\u00fdm v\u00fdkonom a v\u0161estrannos\u0165ou \u010depele Wharncliffe. Jeho \u010depe\u013e z nerezovej ocele VG-10, ktor\u00e1 je k dispoz\u00edcii vo form\u00e1te PlainEdge alebo SpyderEdge, sa vyzna\u010duje \u00faplne ploch\u00fdm br\u00fasen\u00edm pre v\u00fdnimo\u010dn\u00fa geometriu ostria, ktor\u00e1 \u010falej zv\u00fdraz\u0148uje v\u00fdkon jej profilu Wharncliffe. Predstavuje tie\u017e plne pr\u00edstupn\u00fd okr\u00fahly otvor s ochrannou zn\u00e1mkou a je podporen\u00fd odoln\u00fdm zadn\u00fdm z\u00e1mkov\u00fdm mechanizmom, skeletonizovan\u00fdmi vlo\u017ekami z nerezovej ocele, dvojsmerne \u0161trukt\u00farovan\u00fdmi vstrekovan\u00fdmi stupnicami rukov\u00e4te FRN a \u0161tvorpolohovou vreckovou sponou.<\/p>\n<p>\u0160pecifik\u00e1cia<br \/>\nD\u013a\u017eka \u010depele: 9.45 cm<br \/>\nD\u013a\u017eka v zatvorenom stave: 12.45 cm<br \/>\nCelkov\u00e1 d\u013a\u017eka: 22 cm<br \/>\nHr\u00fabka \u010depele: 0.29 cm<br \/>\nMateri\u00e1l \u010depele: Nerezov\u00e1 oce\u013e VG-10<br \/>\n\u0160t\u00fdl \u010depele: Wharncliffe<br \/>\nBr\u00fasenie \u010depele: Plne ploch\u00e9<br \/>\nPovrchov\u00e1 \u00faprava \u010depele: sat\u00e9n<br \/>\nOstrie \u010depele: Hladk\u00e9<br \/>\nMateri\u00e1l rukov\u00e4te: FRN<br \/>\nFarba rukov\u00e4te: \u010cierna<br \/>\nUzamykac\u00ed mechanizmus: Lockback<br \/>\nVreckov\u00fd klip: Sklopenie hore\/dole, nosenie v\u013eavo\/vpravo<br \/>\n\u010c\u00edslo modelu: C10FSWCBK<br \/>\nN\u00e1zov modelu: Endura 4 Wharncliffe<br \/>\nHmotnos\u0165: 3,4 oz.<br \/>\nVyroben\u00e9 v Japonsku<\/p>\n","protected":false},"excerpt":{"rendered":"<p>Endura spolo\u010dnosti Spyderco dosiahla takmer legend\u00e1rne postavenie vo svete rezn\u00fdch n\u00e1strojov na ka\u017edodenn\u00e9 nosenie.<\/p>\n","protected":false},"featured_media":250051,"comment_status":"open","ping_status":"closed","template":"","meta":[],"pwb-brand":[3261],"product_brand":[],"product_cat":[3186,3233],"product_tag":[3668],"class_list":{"0":"post-250062","1":"product","2":"type-product","3":"status-publish","4":"has-post-thumbnail","6":"pwb-brand-zatvaraci-noz-spyderco-endura-flat-ground-gray-frn-c10fpgy","7":"product_cat-noze-sk","8":"product_cat-zatvaracie-noze","9":"product_tag-b2b-sk","11":"first","12":"instock","13":"taxable","14":"shipping-taxable","15":"purchasable","16":"product-type-simple"},"brands":[{"id":3261,"name":"Zatv\u00e1rac\u00ed N\u00f4\u017e Spyderco Endura Flat Ground Gray FRN C10FPGY","slug":"zatvaraci-noz-spyderco-endura-flat-ground-gray-frn-c10fpgy"}],"_links":{"self":[{"href":"https:\/\/www.moskito.cz\/sk\/wp-json\/wp\/v2\/product\/250062","targetHints":{"allow":["GET"]}}],"collection":[{"href":"https:\/\/www.moskito.cz\/sk\/wp-json\/wp\/v2\/product"}],"about":[{"href":"https:\/\/www.moskito.cz\/sk\/wp-json\/wp\/v2\/types\/product"}],"replies":[{"embeddable":true,"href":"https:\/\/www.moskito.cz\/sk\/wp-json\/wp\/v2\/comments?post=250062"}],"wp:featuredmedia":[{"embeddable":true,"href":"https:\/\/www.moskito.cz\/sk\/wp-json\/wp\/v2\/media\/250051"}],"wp:attachment":[{"href":"https:\/\/www.moskito.cz\/sk\/wp-json\/wp\/v2\/media?parent=250062"}],"wp:term":[{"taxonomy":"pwb-brand","embeddable":true,"href":"https:\/\/www.moskito.cz\/sk\/wp-json\/wp\/v2\/pwb-brand?post=250062"},{"taxonomy":"product_brand","embeddable":true,"href":"https:\/\/www.moskito.cz\/sk\/wp-json\/wp\/v2\/product_brand?post=250062"},{"taxonomy":"product_cat","embeddable":true,"href":"https:\/\/www.moskito.cz\/sk\/wp-json\/wp\/v2\/product_cat?post=250062"},{"taxonomy":"product_tag","embeddable":true,"href":"https:\/\/www.moskito.cz\/sk\/wp-json\/wp\/v2\/product_tag?post=250062"}],"curies":[{"name":"wp","href":"https:\/\/api.w.org\/{rel}","templated":true}]}}