{"id":250109,"date":"2023-06-06T21:03:26","date_gmt":"2023-06-06T20:03:26","guid":{"rendered":"https:\/\/www.moskito.cz\/produkt\/zatvaraci-noz-spyderco-delica-4-lightweight-s30v-c11fppns30vbk\/"},"modified":"2025-05-07T10:51:15","modified_gmt":"2025-05-07T09:51:15","slug":"zatvaraci-noz-spyderco-delica-4-lightweight-s30v-c11fppns30vbk","status":"publish","type":"product","link":"https:\/\/www.moskito.cz\/sk\/produkt\/zatvaraci-noz-spyderco-delica-4-lightweight-s30v-c11fppns30vbk\/","title":{"rendered":"Zatv\u00e1rac\u00ed N\u00f4\u017e Spyderco Delica 4 Lightweight S30V C11FPPNS30VBK"},"content":{"rendered":"<p>Zatv\u00e1rac\u00ed N\u00f4\u017e Spyderco Delica 4 Lightweight S30V C11FPPNS30VBK<\/p>\n<p>Od svojho predstavenia pred 30 rokmi je Delica platformou pre desiatky r\u00f4znych kombin\u00e1ci\u00ed ocel\u00ed \u010depe\u013eou, farieb rukov\u00e4t\u00ed a materi\u00e1lov rukov\u00e4t\u00ed. Toto pozoruhodn\u00e9 prevedenie Delica 4 Lightweight v sebe sp\u00e1ja \u00faplne ploch\u00e9 ostrie vyroben\u00e9 z americkej nerezovej ocele CPM-S30V s brilantne ru\u017eovou rukov\u00e4\u0165ou. Vstrekovan\u00e1 rukov\u00e4\u0165 obsahuje typick\u00fd vzor Bi-Directional Texture spolo\u010dnosti Spyderco pre nek\u013azav\u00fd \u00fachop a \u010diernu \u0161tvorpolohov\u00fa vreckov\u00fa sponu konfigurovate\u013en\u00fa pre v\u0161etky polohy nosenia.<\/p>\n<p>\u010cierna a ru\u017eov\u00e1 je odv\u00e1\u017ena farebn\u00e1 kombin\u00e1cia. T\u00e1to \u00fa\u017easn\u00e1 vari\u00e1cia Delica 4 Lightweight kombinuje \u010depe\u013e z nerezovej ocele CPM-S30V potiahnut\u00fa karbonitridom tit\u00e1nu (TiCN) s jasne ru\u017eovou nylonovou (FRN) rukov\u00e4\u0165ou vystu\u017eenou sklen\u00fdmi vl\u00e1knami. Na doplnenie bohatej \u010diernej povrchovej \u00fapravy \u010depele m\u00e1 jej \u0161tvorpolohov\u00e1 vreckov\u00e1 spona a v\u0161etok \u010fal\u0161\u00ed hardv\u00e9r rukov\u00e4te tie\u017e zodpovedaj\u00facej \u010diernej farby.<\/p>\n<p>\u0160pecifik\u00e1cia<br \/>\nD\u013a\u017eka \u010depele: 7.4 cm<br \/>\nRezn\u00e1 hrana: 6.5 cm<br \/>\nD\u013a\u017eka v zatvorenom stave: 10.8 cm<br \/>\nCelkov\u00e1 d\u013a\u017eka: 18.2 cm<br \/>\nMateri\u00e1l \u010depele: CPM-S30V Nerezov\u00e1 oce\u013e<br \/>\nHr\u00fabka \u010depele: 0.25 cm<br \/>\n\u0160t\u00fdl \u010depele: Drop Point<br \/>\nBr\u00fasenie \u010depele: Plne ploch\u00e9<br \/>\nPovrchov\u00e1 \u00faprava \u010depele: \u010dierna TiCN<br \/>\nMateri\u00e1l rukov\u00e4te: ru\u017eov\u00e1 FRN<br \/>\nMateri\u00e1l vlo\u017eky: Nerezov\u00e1 oce\u013e<br \/>\nUzamykac\u00ed mechanizmus: Lockback<br \/>\nVreckov\u00e1 spona: \u010cierna nerezov\u00e1 oce\u013e (Tip-Up\/Down, Right\/Left carry)<br \/>\nHmotnos\u0165: 2,4 oz. (68 g)<br \/>\nVyroben\u00e9 v Japonsku<\/p>\n","protected":false},"excerpt":{"rendered":"<p>Od svojho predstavenia pred 30 rokmi je Delica platformou pre desiatky r\u00f4znych kombin\u00e1ci\u00ed ocel\u00ed \u010depe\u013eou, farieb rukov\u00e4t\u00ed a materi\u00e1lov rukov\u00e4t\u00ed.<\/p>\n","protected":false},"featured_media":250098,"comment_status":"open","ping_status":"closed","template":"","meta":[],"pwb-brand":[3261],"product_brand":[],"product_cat":[3186,3233],"product_tag":[3668],"class_list":{"0":"post-250109","1":"product","2":"type-product","3":"status-publish","4":"has-post-thumbnail","6":"pwb-brand-zatvaraci-noz-spyderco-endura-flat-ground-gray-frn-c10fpgy","7":"product_cat-noze-sk","8":"product_cat-zatvaracie-noze","9":"product_tag-b2b-sk","11":"first","12":"outofstock","13":"taxable","14":"shipping-taxable","15":"purchasable","16":"product-type-simple"},"brands":[{"id":3261,"name":"Zatv\u00e1rac\u00ed N\u00f4\u017e Spyderco Endura Flat Ground Gray FRN C10FPGY","slug":"zatvaraci-noz-spyderco-endura-flat-ground-gray-frn-c10fpgy"}],"_links":{"self":[{"href":"https:\/\/www.moskito.cz\/sk\/wp-json\/wp\/v2\/product\/250109","targetHints":{"allow":["GET"]}}],"collection":[{"href":"https:\/\/www.moskito.cz\/sk\/wp-json\/wp\/v2\/product"}],"about":[{"href":"https:\/\/www.moskito.cz\/sk\/wp-json\/wp\/v2\/types\/product"}],"replies":[{"embeddable":true,"href":"https:\/\/www.moskito.cz\/sk\/wp-json\/wp\/v2\/comments?post=250109"}],"wp:featuredmedia":[{"embeddable":true,"href":"https:\/\/www.moskito.cz\/sk\/wp-json\/wp\/v2\/media\/250098"}],"wp:attachment":[{"href":"https:\/\/www.moskito.cz\/sk\/wp-json\/wp\/v2\/media?parent=250109"}],"wp:term":[{"taxonomy":"pwb-brand","embeddable":true,"href":"https:\/\/www.moskito.cz\/sk\/wp-json\/wp\/v2\/pwb-brand?post=250109"},{"taxonomy":"product_brand","embeddable":true,"href":"https:\/\/www.moskito.cz\/sk\/wp-json\/wp\/v2\/product_brand?post=250109"},{"taxonomy":"product_cat","embeddable":true,"href":"https:\/\/www.moskito.cz\/sk\/wp-json\/wp\/v2\/product_cat?post=250109"},{"taxonomy":"product_tag","embeddable":true,"href":"https:\/\/www.moskito.cz\/sk\/wp-json\/wp\/v2\/product_tag?post=250109"}],"curies":[{"name":"wp","href":"https:\/\/api.w.org\/{rel}","templated":true}]}}