{"id":250175,"date":"2023-06-06T22:21:44","date_gmt":"2023-06-06T21:21:44","guid":{"rendered":"https:\/\/www.moskito.cz\/produkt\/zatvaraci-noz-spyderco-endura-flat-ground-c10fpbk\/"},"modified":"2023-11-20T17:33:13","modified_gmt":"2023-11-20T16:33:13","slug":"zatvaraci-noz-spyderco-endura-flat-ground-c10fpbk","status":"publish","type":"product","link":"https:\/\/www.moskito.cz\/sk\/produkt\/zatvaraci-noz-spyderco-endura-flat-ground-c10fpbk\/","title":{"rendered":"Zatv\u00e1rac\u00ed N\u00f4\u017e Spyderco Endura Flat Ground C10FPBK"},"content":{"rendered":"<p>Zatv\u00e1rac\u00ed N\u00f4\u017e Spyderco Endura Flat Ground C10FPBK<\/p>\n<p>Pokia\u013e u\u017e vlastn\u00edte Delicu alebo Enduru, m\u00e1te jeden z najpred\u00e1vanej\u0161\u00edch no\u017eov od Spyderco. Tieto modely sa trochu l\u00ed\u0161ia od norm\u00e1lnych C10 Endura4 a C11 Delica 4 Lightweights. S\u00fa v rade farieb rukov\u00e4t\u00ed s celoplo\u0161ne br\u00fasen\u00fdmi \u010depe\u013eami.<\/p>\n<p>Ich rukov\u00e4te FRN (nylon vystu\u017een\u00fd sklenen\u00fdmi vl\u00e1knami) sa dod\u00e1vaj\u00fa v \u017eiariv\u00fdch t\u00f3noch vr\u00e1tane modrej, zelenej, hnedej, \u0161edej a fialovej. Na povrchu rukov\u00e4te je vytvarovan\u00e1 obojsmern\u00e1 text\u00fara pre bez\u0161mykov\u00fa hmatov\u00fa trakciu. Vn\u00fatri rukov\u00e4te s\u00fa dvojit\u00e9 skeletonizovan\u00e9 vlo\u017eky z nerezovej ocele, ktor\u00e9 spev\u0148uj\u00fa n\u00f4\u017e bez \u010fal\u0161ej hmotnosti a sl\u00fa\u017eia ako kotva pre vonkaj\u0161ie a vn\u00fatorn\u00e9 s\u00fa\u010dasti na pripevnenie, \u010d\u00edm vytv\u00e1raj\u00fa v\u00e4\u010d\u0161iu pevnos\u0165 a tuhos\u0165.<\/p>\n<p>\u010cepele s\u00fa plne ploch\u00e9 br\u00fasen\u00e9 VG-10 s ten\u0161\u00edm vysoko rafinovan\u00fdm ostr\u00edm a v\u00e4\u010d\u0161\u00edm 13mm otvorom. K chrbtu \u010depele je pridan\u00e9 proti\u0161mykov\u00e9 imping. Fosforov\u00e9 bronzov\u00e9 podlo\u017eky vyhladzuj\u00fa otv\u00e1ranie\/zatv\u00e1ranie a klip je upgradovan\u00fd na \u0161tvorcestn\u00fd sklopn\u00fd, sklopn\u00fd, \u013eav\u00fd alebo pravoto\u010div\u00fd.<\/p>\n<p>\u0160pecifik\u00e1cia<br \/>\nCelkov\u00e1 d\u013a\u017eka: 22.2 cm<br \/>\nD\u013a\u017eka v zatvorenom stave: 12.7 cm<br \/>\nD\u013a\u017eka \u010depele: 9.6 cm<br \/>\nRezn\u00e1 hrana: 8.8 cm<br \/>\nHr\u00fabka \u010depele: 0.3 cm<br \/>\nOce\u013e \u010depele: VG-10<br \/>\nHmotnos\u0165: 3,6 oz. (103 g)<br \/>\nMateri\u00e1l rukov\u00e4te: FRN<br \/>\nVyroben\u00e9 v Seki-City, Japonsko<\/p>\n","protected":false},"excerpt":{"rendered":"<p>Pokia\u013e u\u017e vlastn\u00edte Delicu alebo Enduru, m\u00e1te jeden z najpred\u00e1vanej\u0161\u00edch no\u017eov od Spyderco.<\/p>\n","protected":false},"featured_media":250161,"comment_status":"open","ping_status":"closed","template":"","meta":[],"pwb-brand":[3261],"product_brand":[],"product_cat":[3233,3186],"product_tag":[3668],"class_list":{"0":"post-250175","1":"product","2":"type-product","3":"status-publish","4":"has-post-thumbnail","6":"pwb-brand-zatvaraci-noz-spyderco-endura-flat-ground-gray-frn-c10fpgy","7":"product_cat-zatvaracie-noze","8":"product_cat-noze-sk","9":"product_tag-b2b-sk","11":"first","12":"instock","13":"taxable","14":"shipping-taxable","15":"purchasable","16":"product-type-simple"},"brands":[{"id":3261,"name":"Zatv\u00e1rac\u00ed N\u00f4\u017e Spyderco Endura Flat Ground Gray FRN C10FPGY","slug":"zatvaraci-noz-spyderco-endura-flat-ground-gray-frn-c10fpgy"}],"_links":{"self":[{"href":"https:\/\/www.moskito.cz\/sk\/wp-json\/wp\/v2\/product\/250175","targetHints":{"allow":["GET"]}}],"collection":[{"href":"https:\/\/www.moskito.cz\/sk\/wp-json\/wp\/v2\/product"}],"about":[{"href":"https:\/\/www.moskito.cz\/sk\/wp-json\/wp\/v2\/types\/product"}],"replies":[{"embeddable":true,"href":"https:\/\/www.moskito.cz\/sk\/wp-json\/wp\/v2\/comments?post=250175"}],"wp:featuredmedia":[{"embeddable":true,"href":"https:\/\/www.moskito.cz\/sk\/wp-json\/wp\/v2\/media\/250161"}],"wp:attachment":[{"href":"https:\/\/www.moskito.cz\/sk\/wp-json\/wp\/v2\/media?parent=250175"}],"wp:term":[{"taxonomy":"pwb-brand","embeddable":true,"href":"https:\/\/www.moskito.cz\/sk\/wp-json\/wp\/v2\/pwb-brand?post=250175"},{"taxonomy":"product_brand","embeddable":true,"href":"https:\/\/www.moskito.cz\/sk\/wp-json\/wp\/v2\/product_brand?post=250175"},{"taxonomy":"product_cat","embeddable":true,"href":"https:\/\/www.moskito.cz\/sk\/wp-json\/wp\/v2\/product_cat?post=250175"},{"taxonomy":"product_tag","embeddable":true,"href":"https:\/\/www.moskito.cz\/sk\/wp-json\/wp\/v2\/product_tag?post=250175"}],"curies":[{"name":"wp","href":"https:\/\/api.w.org\/{rel}","templated":true}]}}