{"id":250414,"date":"2023-06-08T20:50:48","date_gmt":"2023-06-08T19:50:48","guid":{"rendered":"https:\/\/www.moskito.cz\/produkt\/zatvaraci-noz-spyderco-manix-2-c101pbbk2\/"},"modified":"2023-11-20T17:33:22","modified_gmt":"2023-11-20T16:33:22","slug":"zatvaraci-noz-spyderco-manix-2-c101pbbk2","status":"publish","type":"product","link":"https:\/\/www.moskito.cz\/sk\/produkt\/zatvaraci-noz-spyderco-manix-2-c101pbbk2\/","title":{"rendered":"Zatv\u00e1rac\u00ed N\u00f4\u017e Spyderco Manix 2 C101PBBK2"},"content":{"rendered":"<p>Zatv\u00e1rac\u00ed N\u00f4\u017e Spyderco Manix 2 C101PBBK2<\/p>\n<p>\u013dahk\u00fd Manix 2 dorazil a \u017ene chv\u00e1lu a vyznamenanie, vr\u00e1tane \u010dasopisu Blade Magazine 2010 Most Innovative American Design.<\/p>\n<p>Rovnako ako jeho n\u00e1protivok s rukov\u00e4\u0165ou G-10 je \u013eahk\u00fd Manix 2 vybaven\u00fd z\u00e1mkom guli\u010dkov\u00e9ho lo\u017eiska. Z\u00e1mok funguje okolo vo\u013ene pl\u00e1vaj\u00faceho guli\u010dkov\u00e9ho lo\u017eiska obsiahnut\u00e9ho vo vn\u00fatri z\u00e1kazkovej polym\u00e9rovej klietky. Gu\u013eat\u00fd tvar guli\u010dkov\u00e9ho lo\u017eiska umo\u017e\u0148uje samo\u010dinn\u00e9 nastavenie z\u00e1mku na ve\u013ekej ploche, \u010do zais\u0165uje hladk\u00e9 a konzistentn\u00e9 zablokovanie pri ka\u017edom zapnut\u00ed. Z\u00e1mok Ball Bearing Lock je navrhnut\u00fd tak, aby bol samostatn\u00fd, \u010do znamen\u00e1, \u017ee nie je potreba vn\u00fatorn\u00fdch vlo\u017eiek, ktor\u00e9 by ho podopierali, \u010do umo\u017e\u0148uje v\u00fdrobu sklada\u010da bez vlo\u017eiek a mimoriadne n\u00edzku hmotnos\u0165.<\/p>\n<p>Rukov\u00e4\u0165 EdgeTek FRCP (kopolym\u00e9r vystu\u017een\u00fd sklen\u00fdmi vl\u00e1knami) je \u010dierna s radom ryhovan\u00fdch oblast\u00ed vylisovan\u00fdch po obvode rukov\u00e4te. Obojsmern\u00e1 text\u00fara navy\u0161e pokr\u00fdva obe strany stupnice rukov\u00e4te, tak\u017ee zlo\u017eka je lep\u0161ia pre uchopenie vo vlhk\u00fdch alebo neist\u00fdch podmienkach.<\/p>\n<p>\u010cepe\u013e je vyroben\u00e1 z uvo\u013enenej ocele BD-1 Carpenter. BD-1 si z\u00edskava pozornos\u0165 nad\u0161encov no\u017eov pre svoj vysok\u00fd obsah uhl\u00edka a chr\u00f3mu, ktor\u00fd je odoln\u00fd proti kor\u00f3zii a z\u00e1rove\u0148 pon\u00faka trval\u00e9 zachovanie ostria. \u010cepe\u013e je br\u00fasen\u00e1 do roviny s chrbtom a choil lemovan\u00edm a nadrozmern\u00fdm okr\u00fahlym otvorom Spyderco.<\/p>\n<p>V\u010faka obojstrannej vykl\u00e1pacej dr\u00f4tenej siluetovej vreckovej spone a skrutkovanej rukov\u00e4ti je zlo\u017eka u\u017e\u00edvate\u013esky pr\u00edvetiv\u00e1 s nieko\u013ek\u00fdmi mo\u017enos\u0165ami nosenia.<\/p>\n<p>\u0160pecifik\u00e1cia<br \/>\nD\u013a\u017eka \u010depele: 8.6 cm<br \/>\nRezn\u00e1 hrana: 7.3 cm<br \/>\nD\u013a\u017eka v zatvorenom stave: 11.7 cm<br \/>\nCelkov\u00e1 d\u013a\u017eka: 20.3 cm<br \/>\nOce\u013e: BD-1<br \/>\nHmotnos\u0165: 2,85 oz. (81 g)<br \/>\nOkraj: Hladk\u00fd<br \/>\nMateri\u00e1l rukov\u00e4te: \u013dahk\u00fd \u010dierny Edgetek FRCP (kopolym\u00e9r vystu\u017een\u00fd sklen\u00fdmi vl\u00e1knami)<br \/>\nVyroben\u00e9 v Golden, Colorado, USA<\/p>\n","protected":false},"excerpt":{"rendered":"<p>\u013dahk\u00fd Manix 2 dorazil a \u017ene chv\u00e1lu a vyznamenanie, vr\u00e1tane \u010dasopisu Blade Magazine 2010 Most Innovative American Design.<\/p>\n","protected":false},"featured_media":250403,"comment_status":"open","ping_status":"closed","template":"","meta":[],"pwb-brand":[3261],"product_brand":[],"product_cat":[3233,3186],"product_tag":[3668],"class_list":{"0":"post-250414","1":"product","2":"type-product","3":"status-publish","4":"has-post-thumbnail","6":"pwb-brand-zatvaraci-noz-spyderco-endura-flat-ground-gray-frn-c10fpgy","7":"product_cat-zatvaracie-noze","8":"product_cat-noze-sk","9":"product_tag-b2b-sk","11":"first","12":"instock","13":"taxable","14":"shipping-taxable","15":"purchasable","16":"product-type-simple"},"brands":[{"id":3261,"name":"Zatv\u00e1rac\u00ed N\u00f4\u017e Spyderco Endura Flat Ground Gray FRN C10FPGY","slug":"zatvaraci-noz-spyderco-endura-flat-ground-gray-frn-c10fpgy"}],"_links":{"self":[{"href":"https:\/\/www.moskito.cz\/sk\/wp-json\/wp\/v2\/product\/250414","targetHints":{"allow":["GET"]}}],"collection":[{"href":"https:\/\/www.moskito.cz\/sk\/wp-json\/wp\/v2\/product"}],"about":[{"href":"https:\/\/www.moskito.cz\/sk\/wp-json\/wp\/v2\/types\/product"}],"replies":[{"embeddable":true,"href":"https:\/\/www.moskito.cz\/sk\/wp-json\/wp\/v2\/comments?post=250414"}],"wp:featuredmedia":[{"embeddable":true,"href":"https:\/\/www.moskito.cz\/sk\/wp-json\/wp\/v2\/media\/250403"}],"wp:attachment":[{"href":"https:\/\/www.moskito.cz\/sk\/wp-json\/wp\/v2\/media?parent=250414"}],"wp:term":[{"taxonomy":"pwb-brand","embeddable":true,"href":"https:\/\/www.moskito.cz\/sk\/wp-json\/wp\/v2\/pwb-brand?post=250414"},{"taxonomy":"product_brand","embeddable":true,"href":"https:\/\/www.moskito.cz\/sk\/wp-json\/wp\/v2\/product_brand?post=250414"},{"taxonomy":"product_cat","embeddable":true,"href":"https:\/\/www.moskito.cz\/sk\/wp-json\/wp\/v2\/product_cat?post=250414"},{"taxonomy":"product_tag","embeddable":true,"href":"https:\/\/www.moskito.cz\/sk\/wp-json\/wp\/v2\/product_tag?post=250414"}],"curies":[{"name":"wp","href":"https:\/\/api.w.org\/{rel}","templated":true}]}}