{"id":250431,"date":"2023-06-08T21:16:12","date_gmt":"2023-06-08T20:16:12","guid":{"rendered":"https:\/\/www.moskito.cz\/produkt\/zatvaraci-noz-spyderco-para-3-lightweight-c223pcbl\/"},"modified":"2023-11-20T17:33:24","modified_gmt":"2023-11-20T16:33:24","slug":"zatvaraci-noz-spyderco-para-3-lightweight-c223pcbl","status":"publish","type":"product","link":"https:\/\/www.moskito.cz\/sk\/produkt\/zatvaraci-noz-spyderco-para-3-lightweight-c223pcbl\/","title":{"rendered":"Zatv\u00e1rac\u00ed N\u00f4\u017e Spyderco Para 3 Lightweight C223PCBL"},"content":{"rendered":"<p>Zatv\u00e1rac\u00ed N\u00f4\u017e Spyderco Para 3 Lightweight C223PCBL<\/p>\n<p>Oce\u0148ovan\u00fd Para 3 Lightweight r\u00fdchlo predefinuje najmodernej\u0161ie ultra\u013eahk\u00e9 rezn\u00e9 n\u00e1stroje. Jeho \u010depe\u013e PlainEdge je plne ploch\u00e1 br\u00fasen\u00e1 z nerezovej ocele CPM-SPY27 a je podporovan\u00e1 aerodynamickou verziou patentovan\u00e9ho kompresn\u00e9ho z\u00e1mku Spyderco. Na doplnenie povrchovej \u00fapravy \u010depele maj\u00fa skrutky a obojstrann\u00fa sponu s hlbok\u00fdm vreckom na jej vstrekovan\u00e9 nylonov\u00e9 rukov\u00e4te vystu\u017een\u00e9 sklenen\u00fdmi vl\u00e1knami (FRN) tie\u017e sat\u00e9nov\u00fa povrchov\u00fa \u00fapravu.<\/p>\n<p>O CPM-SPY27<br \/>\nSpyderco je u\u017e dlh\u00fa dobu l\u00eddrom v pou\u017e\u00edvan\u00ed exotick\u00fdch vysoko v\u00fdkonn\u00fdch \u010depe\u013eov\u00fdch ocel\u00ed. Po rokoch pou\u017e\u00edvania t\u00fdch najlep\u0161\u00edch materi\u00e1lov, ktor\u00e9 popredn\u00ed svetov\u00ed v\u00fdrobcovia ocele mohli poskytn\u00fa\u0165, sa rozhodli, \u017ee je \u010das vytvori\u0165 si vlastn\u00fd. V \u00fazkej spolupr\u00e1ci s Crucible Industries vyvinuli CPM-SPY27 &#8211; nerezov\u00fa oce\u013e z \u010dasticovej metalurgie obsahuj\u00facu patentovan\u00fa zmes zliatin, vr\u00e1tane van\u00e1du, molybd\u00e9nu, ni\u00f3bu, dus\u00edka a kobaltu. T\u00e1to pozoruhodn\u00e1 kompoz\u00edcia, vylep\u0161en\u00e1 zosil\u0148uj\u00facimi \u00fa\u010dinkami kobaltu a najmodernej\u0161\u00edm procesom Crucible Particle Metallurgy, je vyr\u00e1ban\u00e1 exkluz\u00edvne pre Spyderco a bude uveden\u00e1 na vybran\u00fdch modeloch vyroben\u00fdch v USA. Ka\u017ed\u00fd n\u00f4\u017e vyroben\u00fd z tejto ocele bude ma\u0165 tie\u017e v\u00fdrazn\u00fa kobaltovo modr\u00fa farbu rukov\u00e4te, ktor\u00e1 pod\u010diarkuje jeho elitn\u00fd rodokme\u0148.<\/p>\n<p>\u0160pecifik\u00e1cia:<br \/>\nD\u013a\u017eka \u010depele: 7.3 cm<br \/>\nD\u013a\u017eka v zatvorenom stave: 11 cm<br \/>\nCelkov\u00e1 d\u013a\u017eka: 18 cm<br \/>\nHr\u00fabka \u010depele: 0.36 cm<br \/>\nMateri\u00e1l \u010depele: CPM-SPY27 Nerezov\u00e1 oce\u013e<br \/>\n\u0160t\u00fdl \u010depele: Clip Point<br \/>\nBr\u00fasenie \u010depele: Plne ploch\u00e9<br \/>\nPovrchov\u00e1 \u00faprava \u010depele: sat\u00e9n<br \/>\nMateri\u00e1l rukov\u00e4te: kobaltov\u00e1 modr\u00e1 FRN<br \/>\nUzamykac\u00ed mechanizmus: Kompresn\u00fd z\u00e1mok<br \/>\nVreckov\u00fd klip: Vykl\u00e1panie, \u013eav\u00e9\/prav\u00e9 nosenie<br \/>\nHmotnos\u0165: 2,4 oz.<br \/>\nVyroben\u00e9 v USA<\/p>\n","protected":false},"excerpt":{"rendered":"<p>Oce\u0148ovan\u00fd Para 3 Lightweight r\u00fdchlo predefinuje najmodernej\u0161ie ultra\u013eahk\u00e9 rezn\u00e9 n\u00e1stroje.<\/p>\n","protected":false},"featured_media":250420,"comment_status":"open","ping_status":"closed","template":"","meta":[],"pwb-brand":[3261],"product_brand":[],"product_cat":[3233,3186],"product_tag":[3668],"class_list":{"0":"post-250431","1":"product","2":"type-product","3":"status-publish","4":"has-post-thumbnail","6":"pwb-brand-zatvaraci-noz-spyderco-endura-flat-ground-gray-frn-c10fpgy","7":"product_cat-zatvaracie-noze","8":"product_cat-noze-sk","9":"product_tag-b2b-sk","11":"first","12":"instock","13":"taxable","14":"shipping-taxable","15":"purchasable","16":"product-type-simple"},"brands":[{"id":3261,"name":"Zatv\u00e1rac\u00ed N\u00f4\u017e Spyderco Endura Flat Ground Gray FRN C10FPGY","slug":"zatvaraci-noz-spyderco-endura-flat-ground-gray-frn-c10fpgy"}],"_links":{"self":[{"href":"https:\/\/www.moskito.cz\/sk\/wp-json\/wp\/v2\/product\/250431","targetHints":{"allow":["GET"]}}],"collection":[{"href":"https:\/\/www.moskito.cz\/sk\/wp-json\/wp\/v2\/product"}],"about":[{"href":"https:\/\/www.moskito.cz\/sk\/wp-json\/wp\/v2\/types\/product"}],"replies":[{"embeddable":true,"href":"https:\/\/www.moskito.cz\/sk\/wp-json\/wp\/v2\/comments?post=250431"}],"wp:featuredmedia":[{"embeddable":true,"href":"https:\/\/www.moskito.cz\/sk\/wp-json\/wp\/v2\/media\/250420"}],"wp:attachment":[{"href":"https:\/\/www.moskito.cz\/sk\/wp-json\/wp\/v2\/media?parent=250431"}],"wp:term":[{"taxonomy":"pwb-brand","embeddable":true,"href":"https:\/\/www.moskito.cz\/sk\/wp-json\/wp\/v2\/pwb-brand?post=250431"},{"taxonomy":"product_brand","embeddable":true,"href":"https:\/\/www.moskito.cz\/sk\/wp-json\/wp\/v2\/product_brand?post=250431"},{"taxonomy":"product_cat","embeddable":true,"href":"https:\/\/www.moskito.cz\/sk\/wp-json\/wp\/v2\/product_cat?post=250431"},{"taxonomy":"product_tag","embeddable":true,"href":"https:\/\/www.moskito.cz\/sk\/wp-json\/wp\/v2\/product_tag?post=250431"}],"curies":[{"name":"wp","href":"https:\/\/api.w.org\/{rel}","templated":true}]}}