{"id":250447,"date":"2023-06-08T21:37:51","date_gmt":"2023-06-08T20:37:51","guid":{"rendered":"https:\/\/www.moskito.cz\/produkt\/zatvaraci-noz-spyderco-persistence-lightweight-c136pbbk\/"},"modified":"2023-06-08T21:37:51","modified_gmt":"2023-06-08T20:37:51","slug":"zatvaraci-noz-spyderco-persistence-lightweight-c136pbbk","status":"publish","type":"product","link":"https:\/\/www.moskito.cz\/sk\/produkt\/zatvaraci-noz-spyderco-persistence-lightweight-c136pbbk\/","title":{"rendered":"Zatv\u00e1rac\u00ed N\u00f4\u017e Spyderco Persistence Lightweight C136PBBK"},"content":{"rendered":"<p>Persistence a Persistence Lightweight pon\u00faka v\u00fdnimo\u010dn\u00fa rovnov\u00e1hu medzi v\u00fdkonom a hodnotou. \u010ci u\u017e ste za\u010diato\u010dn\u00edk alebo sk\u00fasen\u00fd pou\u017e\u00edvate\u013e no\u017eov, sme si ist\u00ed, \u017ee spln\u00ed nielen va\u0161e potreby, ale predbehne va\u0161e o\u010dak\u00e1vania.<\/p>\n<p>\u0160pecifik\u00e1cia<br \/>\nD\u013a\u017eka \u010depele: 7 cm<br \/>\nCelkov\u00e1 d\u013a\u017eka: 17.5 cm<br \/>\nD\u013a\u017eka v zatvorenom stave: 10.5 cm<br \/>\nMateri\u00e1l \u010depele: Nerezov\u00e1 oce\u013e 8CR13MoV<br \/>\nHr\u00fabka \u010depele: 031 cm<br \/>\nPovrchov\u00e1 \u00faprava \u010depele: \u010dierna<br \/>\nOstrie \u010depele: Hladk\u00e9<br \/>\nMateri\u00e1l rukov\u00e4te: \u010dierna FRN<br \/>\nUzamykac\u00ed mechanizmus: Liner Lock<br \/>\nHmotnos\u0165: 3,3 oz. (94 g)<br \/>\nVreckov\u00fd klip: 4-cestn\u00fd; Tip-Up\/Tip Down; Pren\u00e1\u0161anie v\u013eavo\/vpravo<\/p>\n","protected":false},"excerpt":{"rendered":"<p>Od doby, kedy spolo\u010dnos\u0165 Spyderco pred viac ako 40 rokmi vyrobila svoj prv\u00fd prevratn\u00fd n\u00f4\u017e CLIP-IT, sa spolo\u010dnos\u0165 Spyderco v\u017edy s\u00fastredila na v\u00fdrobu absol\u00fatne najlep\u0161\u00edch rezn\u00fdch n\u00e1strojov.<\/p>\n","protected":false},"featured_media":250436,"comment_status":"open","ping_status":"closed","template":"","meta":[],"pwb-brand":[3261],"product_brand":[],"product_cat":[3233,3186],"product_tag":[3668],"class_list":{"0":"post-250447","1":"product","2":"type-product","3":"status-publish","4":"has-post-thumbnail","6":"pwb-brand-zatvaraci-noz-spyderco-endura-flat-ground-gray-frn-c10fpgy","7":"product_cat-zatvaracie-noze","8":"product_cat-noze-sk","9":"product_tag-b2b-sk","11":"first","12":"instock","13":"sale","14":"taxable","15":"shipping-taxable","16":"purchasable","17":"product-type-simple"},"brands":[{"id":3261,"name":"Zatv\u00e1rac\u00ed N\u00f4\u017e Spyderco Endura Flat Ground Gray FRN C10FPGY","slug":"zatvaraci-noz-spyderco-endura-flat-ground-gray-frn-c10fpgy"}],"_links":{"self":[{"href":"https:\/\/www.moskito.cz\/sk\/wp-json\/wp\/v2\/product\/250447","targetHints":{"allow":["GET"]}}],"collection":[{"href":"https:\/\/www.moskito.cz\/sk\/wp-json\/wp\/v2\/product"}],"about":[{"href":"https:\/\/www.moskito.cz\/sk\/wp-json\/wp\/v2\/types\/product"}],"replies":[{"embeddable":true,"href":"https:\/\/www.moskito.cz\/sk\/wp-json\/wp\/v2\/comments?post=250447"}],"wp:featuredmedia":[{"embeddable":true,"href":"https:\/\/www.moskito.cz\/sk\/wp-json\/wp\/v2\/media\/250436"}],"wp:attachment":[{"href":"https:\/\/www.moskito.cz\/sk\/wp-json\/wp\/v2\/media?parent=250447"}],"wp:term":[{"taxonomy":"pwb-brand","embeddable":true,"href":"https:\/\/www.moskito.cz\/sk\/wp-json\/wp\/v2\/pwb-brand?post=250447"},{"taxonomy":"product_brand","embeddable":true,"href":"https:\/\/www.moskito.cz\/sk\/wp-json\/wp\/v2\/product_brand?post=250447"},{"taxonomy":"product_cat","embeddable":true,"href":"https:\/\/www.moskito.cz\/sk\/wp-json\/wp\/v2\/product_cat?post=250447"},{"taxonomy":"product_tag","embeddable":true,"href":"https:\/\/www.moskito.cz\/sk\/wp-json\/wp\/v2\/product_tag?post=250447"}],"curies":[{"name":"wp","href":"https:\/\/api.w.org\/{rel}","templated":true}]}}