{"id":250462,"date":"2023-06-08T21:53:33","date_gmt":"2023-06-08T20:53:33","guid":{"rendered":"https:\/\/www.moskito.cz\/produkt\/zatvaraci-noz-spyderco-astute-c252gp\/"},"modified":"2025-05-07T10:51:21","modified_gmt":"2025-05-07T09:51:21","slug":"zatvaraci-noz-spyderco-astute-c252gp","status":"publish","type":"product","link":"https:\/\/www.moskito.cz\/sk\/produkt\/zatvaraci-noz-spyderco-astute-c252gp\/","title":{"rendered":"Zatv\u00e1rac\u00ed N\u00f4\u017e Spyderco Astute C252GP"},"content":{"rendered":"<p>Zatv\u00e1rac\u00ed N\u00f4\u017e Spyderco Astute C252GP<\/p>\n<p>Neuverite\u013ene popul\u00e1rny rad Value Folders spolo\u010dnosti Spyderco naber\u00e1 s Astute in\u00fd smer. Hoci zdie\u013ea rovnak\u00fa z\u00e1kladn\u00fa kon\u0161trukciu a materi\u00e1ly ako jeho bratia, vyzna\u010duje sa uhladenej\u0161\u00edm a \u0161t\u00fdlovej\u0161\u00edm dizajnom, ktor\u00fd sa \u00fa\u017easne hod\u00ed do vrecka. Dlh\u00e1, jemne zakriven\u00e1 rezn\u00e1 hrana a \u00faplne ploch\u00e9 br\u00fasenie \u010depele z nerezovej ocele 8Cr13MoV mu dod\u00e1vaj\u00fa p\u00f4sobiv\u00fd rezn\u00fd v\u00fdkon a bodov\u00e9 vyu\u017eitie. Jeho ergonomick\u00e1 rukov\u00e4\u0165 s otvorenou chrbtom je vybaven\u00e1 celonerezov\u00fdmi vlo\u017ekami pre pevnos\u0165 a texturovan\u00fdmi stupnicami G10 pre zaistenie bezpe\u010dn\u00e9ho a proti\u0161mykov\u00e9ho \u00fachopu. Robustn\u00fd mechanizmus z\u00e1mku vlo\u017eky bezpe\u010dne uzamkne \u010depe\u013e pri pou\u017e\u00edvan\u00ed a \u0161tvorpolohov\u00e1 vreckov\u00e1 spona a lemovan\u00fd otvor pre \u0161n\u00farku umo\u017e\u0148uj\u00fa v\u0161etky mo\u017en\u00e9 preferencie nosenia. Jednoducho povedan\u00e9, Astute nastavuje \u0161tandard v cenovo dostupnom \u0161t\u00fdle Spyderco.<\/p>\n<p>\u0160pecifik\u00e1cia<br \/>\nD\u013a\u017eka \u010depele: 8cm<br \/>\nD\u013a\u017eka v zatvorenom stave: 10 cm<br \/>\nCelkov\u00e1 d\u013a\u017eka: 18 cm<br \/>\nHr\u00fabka \u010depele: 0.24 cm<br \/>\nMateri\u00e1l \u010depele: Nerezov\u00e1 oce\u013e 8Cr13MoV<br \/>\n\u0160t\u00fdl \u010depele: Drop Point<br \/>\nBr\u00fasenie \u010depele: Plne ploch\u00e9<br \/>\nPovrchov\u00e1 \u00faprava \u010depele: sat\u00e9n<br \/>\nOstrie \u010depele: Hladk\u00e9<br \/>\nMateri\u00e1l rukov\u00e4te: G10<br \/>\nFarba rukov\u00e4te: \u010cierna<br \/>\nUzamykac\u00ed mechanizmus: Liner Lock<br \/>\nVreckov\u00fd klip: Vykl\u00e1panie\/dole, nosenie vpravo\/v\u013eavo<br \/>\n\u010c\u00edslo modelu: C252GP<br \/>\nN\u00e1zov modelu: Astute<br \/>\nHmotnos\u0165: 2,6 oz.<\/p>\n","protected":false},"excerpt":{"rendered":"<p>Neuverite\u013ene popul\u00e1rny rad Value Folders spolo\u010dnosti Spyderco naber\u00e1 s Astute in\u00fd smer.<\/p>\n","protected":false},"featured_media":250451,"comment_status":"open","ping_status":"closed","template":"","meta":[],"pwb-brand":[3261],"product_brand":[],"product_cat":[3233,3186],"product_tag":[3668],"class_list":{"0":"post-250462","1":"product","2":"type-product","3":"status-publish","4":"has-post-thumbnail","6":"pwb-brand-zatvaraci-noz-spyderco-endura-flat-ground-gray-frn-c10fpgy","7":"product_cat-zatvaracie-noze","8":"product_cat-noze-sk","9":"product_tag-b2b-sk","11":"first","12":"instock","13":"taxable","14":"shipping-taxable","15":"purchasable","16":"product-type-simple"},"brands":[{"id":3261,"name":"Zatv\u00e1rac\u00ed N\u00f4\u017e Spyderco Endura Flat Ground Gray FRN C10FPGY","slug":"zatvaraci-noz-spyderco-endura-flat-ground-gray-frn-c10fpgy"}],"_links":{"self":[{"href":"https:\/\/www.moskito.cz\/sk\/wp-json\/wp\/v2\/product\/250462","targetHints":{"allow":["GET"]}}],"collection":[{"href":"https:\/\/www.moskito.cz\/sk\/wp-json\/wp\/v2\/product"}],"about":[{"href":"https:\/\/www.moskito.cz\/sk\/wp-json\/wp\/v2\/types\/product"}],"replies":[{"embeddable":true,"href":"https:\/\/www.moskito.cz\/sk\/wp-json\/wp\/v2\/comments?post=250462"}],"wp:featuredmedia":[{"embeddable":true,"href":"https:\/\/www.moskito.cz\/sk\/wp-json\/wp\/v2\/media\/250451"}],"wp:attachment":[{"href":"https:\/\/www.moskito.cz\/sk\/wp-json\/wp\/v2\/media?parent=250462"}],"wp:term":[{"taxonomy":"pwb-brand","embeddable":true,"href":"https:\/\/www.moskito.cz\/sk\/wp-json\/wp\/v2\/pwb-brand?post=250462"},{"taxonomy":"product_brand","embeddable":true,"href":"https:\/\/www.moskito.cz\/sk\/wp-json\/wp\/v2\/product_brand?post=250462"},{"taxonomy":"product_cat","embeddable":true,"href":"https:\/\/www.moskito.cz\/sk\/wp-json\/wp\/v2\/product_cat?post=250462"},{"taxonomy":"product_tag","embeddable":true,"href":"https:\/\/www.moskito.cz\/sk\/wp-json\/wp\/v2\/product_tag?post=250462"}],"curies":[{"name":"wp","href":"https:\/\/api.w.org\/{rel}","templated":true}]}}