{"id":250527,"date":"2023-06-09T20:03:12","date_gmt":"2023-06-09T19:03:12","guid":{"rendered":"https:\/\/www.moskito.cz\/produkt\/zatvaraci-noz-spyderco-yojumbo-blackout-c253gpbbk\/"},"modified":"2023-11-20T17:33:29","modified_gmt":"2023-11-20T16:33:29","slug":"zatvaraci-noz-spyderco-yojumbo-blackout-c253gpbbk","status":"publish","type":"product","link":"https:\/\/www.moskito.cz\/sk\/produkt\/zatvaraci-noz-spyderco-yojumbo-blackout-c253gpbbk\/","title":{"rendered":"Zatv\u00e1rac\u00ed N\u00f4\u017e Spyderco YoJumbo Blackout C253GPBBK"},"content":{"rendered":"<p>Zatv\u00e1rac\u00ed N\u00f4\u017e Spyderco YoJumbo Blackout C253GPBBK<\/p>\n<p>YoJumbo, navrhnut\u00fd autoritou na osobn\u00fa obranu Michaelom Janichom, je superve\u013ek\u00fdm vyjadren\u00edm jeho osved\u010den\u00e9ho Yojimbo 2. Ide\u00e1lne pre u\u017e\u00edvate\u013eov s ve\u013ek\u00fdmi rukami a t\u00fdch, ktor\u00ed preferuj\u00fa dlh\u0161ie \u010depele, je teraz t\u00e1to dramatick\u00e1 zlo\u017eka k dispoz\u00edcii v celo\u010diernom form\u00e1te. Jeho duto br\u00fasen\u00e1 \u010depe\u013e CPM-S30V Wharncliffe je zahalen\u00e1 n\u00edzkoprofilov\u00fdm povlakom Diamond-like Carbon (DLC) a doplnen\u00e1 zodpovedaj\u00facim \u010dierno potiahnut\u00fdm \u0161tvorpolohov\u00fdm klipom a hardv\u00e9rom rukov\u00e4te. Dokonca aj vnoren\u00e9 nerezov\u00e9 vlo\u017eky, ktor\u00e9 poskytuj\u00fa \u0161trukt\u00faru pre jeho patentovan\u00fd mechanizmus Compression Lock, maj\u00fa tajn\u00fd \u010dierny povlak, v\u010faka \u010domu je tento v\u00fdraz YoJumbo ide\u00e1lny na pou\u017eitie v prostrediach, kde je d\u00f4le\u017eit\u00e1 tmav\u00e1 farba.<\/p>\n<p>\u0160pecifik\u00e1cia<br \/>\nD\u013a\u017eka \u010depele: 10.1 cm<br \/>\nD\u013a\u017eka v zatvorenom stave: 13.6 cm<br \/>\nCelkov\u00e1 d\u013a\u017eka: 23.6 cm<br \/>\nRezn\u00e1 hrana: 10.1 cm<br \/>\nHr\u00fabka \u010depele: 0.37 cm<br \/>\nMateri\u00e1l \u010depele: CPM-S30V Nerezov\u00e1 oce\u013e<br \/>\n\u0160t\u00fdl \u010depele: Wharncliffe<br \/>\nBr\u00fasenie \u010depele: Dut\u00e9<br \/>\nPovrchov\u00e1 \u00faprava \u010depele: Black DLC<br \/>\nOstrie \u010depele: Hladk\u00e9<br \/>\nMateri\u00e1l rukov\u00e4te: G10<br \/>\nFarba rukov\u00e4te: \u010cierna<br \/>\nUzamykac\u00ed mechanizmus: Kompresn\u00fd z\u00e1mok<br \/>\nVreckov\u00e1 spona: Nerezov\u00e1 oce\u013e (Tip-Up\/Down, Right\/Left carry)<br \/>\n\u010c\u00edslo modelu: C253GPBBK<br \/>\nN\u00e1zov modelu: YoJumbo Blackout<br \/>\nDizajn\u00e9r: Michael Janich<br \/>\nHmotnos\u0165: 5,29 oz. (150 g)<br \/>\nVyroben\u00e9 v USA<\/p>\n","protected":false},"excerpt":{"rendered":"<p>YoJumbo, navrhnut\u00fd autoritou na osobn\u00fa obranu Michaelom Janichom, je superve\u013ek\u00fdm vyjadren\u00edm jeho osved\u010den\u00e9ho Yojimbo 2.<\/p>\n","protected":false},"featured_media":250516,"comment_status":"open","ping_status":"closed","template":"","meta":[],"pwb-brand":[3261],"product_brand":[],"product_cat":[3233,3186],"product_tag":[3668],"class_list":{"0":"post-250527","1":"product","2":"type-product","3":"status-publish","4":"has-post-thumbnail","6":"pwb-brand-zatvaraci-noz-spyderco-endura-flat-ground-gray-frn-c10fpgy","7":"product_cat-zatvaracie-noze","8":"product_cat-noze-sk","9":"product_tag-b2b-sk","11":"first","12":"instock","13":"taxable","14":"shipping-taxable","15":"purchasable","16":"product-type-simple"},"brands":[{"id":3261,"name":"Zatv\u00e1rac\u00ed N\u00f4\u017e Spyderco Endura Flat Ground Gray FRN C10FPGY","slug":"zatvaraci-noz-spyderco-endura-flat-ground-gray-frn-c10fpgy"}],"_links":{"self":[{"href":"https:\/\/www.moskito.cz\/sk\/wp-json\/wp\/v2\/product\/250527","targetHints":{"allow":["GET"]}}],"collection":[{"href":"https:\/\/www.moskito.cz\/sk\/wp-json\/wp\/v2\/product"}],"about":[{"href":"https:\/\/www.moskito.cz\/sk\/wp-json\/wp\/v2\/types\/product"}],"replies":[{"embeddable":true,"href":"https:\/\/www.moskito.cz\/sk\/wp-json\/wp\/v2\/comments?post=250527"}],"wp:featuredmedia":[{"embeddable":true,"href":"https:\/\/www.moskito.cz\/sk\/wp-json\/wp\/v2\/media\/250516"}],"wp:attachment":[{"href":"https:\/\/www.moskito.cz\/sk\/wp-json\/wp\/v2\/media?parent=250527"}],"wp:term":[{"taxonomy":"pwb-brand","embeddable":true,"href":"https:\/\/www.moskito.cz\/sk\/wp-json\/wp\/v2\/pwb-brand?post=250527"},{"taxonomy":"product_brand","embeddable":true,"href":"https:\/\/www.moskito.cz\/sk\/wp-json\/wp\/v2\/product_brand?post=250527"},{"taxonomy":"product_cat","embeddable":true,"href":"https:\/\/www.moskito.cz\/sk\/wp-json\/wp\/v2\/product_cat?post=250527"},{"taxonomy":"product_tag","embeddable":true,"href":"https:\/\/www.moskito.cz\/sk\/wp-json\/wp\/v2\/product_tag?post=250527"}],"curies":[{"name":"wp","href":"https:\/\/api.w.org\/{rel}","templated":true}]}}