{"id":250587,"date":"2023-06-09T21:11:57","date_gmt":"2023-06-09T20:11:57","guid":{"rendered":"https:\/\/www.moskito.cz\/produkt\/zatvaraci-noz-spyderco-para-3-paramilitary-3-c223gpcmo\/"},"modified":"2024-06-21T02:32:17","modified_gmt":"2024-06-21T01:32:17","slug":"zatvaraci-noz-spyderco-para-3-paramilitary-3-c223gpcmo","status":"publish","type":"product","link":"https:\/\/www.moskito.cz\/sk\/produkt\/zatvaraci-noz-spyderco-para-3-paramilitary-3-c223gpcmo\/","title":{"rendered":"Zatv\u00e1rac\u00ed N\u00f4\u017e Spyderco Para 3 (Paramilitary 3) C223GPCMO"},"content":{"rendered":"<p>Para 3 je pozoruhodne rafinovan\u00fd zatv\u00e1rac\u00ed n\u00f4\u017e s v\u00fdzna\u010dnou hist\u00f3riou. Je to tie\u017e \u017eiariv\u00fd pr\u00edklad na\u0161ej ne\u00fanavnej snahy o dokonalos\u0165 a n\u00e1\u0161ho hlbok\u00e9ho odhodlania plni\u0165 potreby na\u0161ich z\u00e1kazn\u00edkov.<\/p>\n<p>\u0160pecifik\u00e1cia<br \/>\nD\u013a\u017eka \u010depele: 7.5 cm<br \/>\nD\u013a\u017eka v zatvorenom stave: 11 cm<br \/>\nCelkov\u00e1 d\u013a\u017eka: 18.5 cm<br \/>\nHr\u00fabka \u010depele: 0.37 cm<br \/>\nMateri\u00e1l \u010depele: CPM-S45VN Nerezov\u00e1 oce\u013e<br \/>\n\u0160t\u00fdl \u010depele: Clip Point<br \/>\nBr\u00fasenie \u010depele: Plne ploch\u00e9<br \/>\nPovrchov\u00e1 \u00faprava \u010depele: sat\u00e9n<br \/>\nOstrie \u010depele: Hladk\u00e9<br \/>\nMateri\u00e1l rukov\u00e4te: G10<br \/>\nFarba rukov\u00e4te: Digital Camo<br \/>\nUzamykac\u00ed mechanizmus: Kompresia<br \/>\nVreckov\u00fd klip: Sklopenie hore\/dole, nosenie v\u013eavo\/vpravo<br \/>\n\u010c\u00edslo modelu: C223GPCMO<br \/>\nN\u00e1zov modelu: Para 3<br \/>\nHmotnos\u0165: 3,4 oz.<br \/>\nVyroben\u00e9 v USA<\/p>\n","protected":false},"excerpt":{"rendered":"<p>Para 3, jeden z najo\u010dak\u00e1vanej\u0161\u00edch produktov v hist\u00f3rii Spyderca, je najnov\u0161ou gener\u00e1ciou ich nesmierne ob\u013e\u00fabenej polovojenskej rodiny zatv\u00e1rac\u00edch no\u017eov.<\/p>\n","protected":false},"featured_media":250576,"comment_status":"open","ping_status":"closed","template":"","meta":[],"pwb-brand":[3261],"product_brand":[],"product_cat":[3233,3186],"product_tag":[3668],"class_list":{"0":"post-250587","1":"product","2":"type-product","3":"status-publish","4":"has-post-thumbnail","6":"pwb-brand-zatvaraci-noz-spyderco-endura-flat-ground-gray-frn-c10fpgy","7":"product_cat-zatvaracie-noze","8":"product_cat-noze-sk","9":"product_tag-b2b-sk","11":"first","12":"instock","13":"taxable","14":"shipping-taxable","15":"purchasable","16":"product-type-simple"},"brands":[{"id":3261,"name":"Zatv\u00e1rac\u00ed N\u00f4\u017e Spyderco Endura Flat Ground Gray FRN C10FPGY","slug":"zatvaraci-noz-spyderco-endura-flat-ground-gray-frn-c10fpgy"}],"_links":{"self":[{"href":"https:\/\/www.moskito.cz\/sk\/wp-json\/wp\/v2\/product\/250587","targetHints":{"allow":["GET"]}}],"collection":[{"href":"https:\/\/www.moskito.cz\/sk\/wp-json\/wp\/v2\/product"}],"about":[{"href":"https:\/\/www.moskito.cz\/sk\/wp-json\/wp\/v2\/types\/product"}],"replies":[{"embeddable":true,"href":"https:\/\/www.moskito.cz\/sk\/wp-json\/wp\/v2\/comments?post=250587"}],"wp:featuredmedia":[{"embeddable":true,"href":"https:\/\/www.moskito.cz\/sk\/wp-json\/wp\/v2\/media\/250576"}],"wp:attachment":[{"href":"https:\/\/www.moskito.cz\/sk\/wp-json\/wp\/v2\/media?parent=250587"}],"wp:term":[{"taxonomy":"pwb-brand","embeddable":true,"href":"https:\/\/www.moskito.cz\/sk\/wp-json\/wp\/v2\/pwb-brand?post=250587"},{"taxonomy":"product_brand","embeddable":true,"href":"https:\/\/www.moskito.cz\/sk\/wp-json\/wp\/v2\/product_brand?post=250587"},{"taxonomy":"product_cat","embeddable":true,"href":"https:\/\/www.moskito.cz\/sk\/wp-json\/wp\/v2\/product_cat?post=250587"},{"taxonomy":"product_tag","embeddable":true,"href":"https:\/\/www.moskito.cz\/sk\/wp-json\/wp\/v2\/product_tag?post=250587"}],"curies":[{"name":"wp","href":"https:\/\/api.w.org\/{rel}","templated":true}]}}