{"id":250603,"date":"2023-06-09T21:31:22","date_gmt":"2023-06-09T20:31:22","guid":{"rendered":"https:\/\/www.moskito.cz\/produkt\/zatvaraci-noz-spyderco-emphasis-c245gps\/"},"modified":"2025-05-07T10:51:23","modified_gmt":"2025-05-07T09:51:23","slug":"zatvaraci-noz-spyderco-emphasis-c245gps","status":"publish","type":"product","link":"https:\/\/www.moskito.cz\/sk\/produkt\/zatvaraci-noz-spyderco-emphasis-c245gps\/","title":{"rendered":"Zatv\u00e1rac\u00ed N\u00f4\u017e Spyderco Emphasis C245GPS"},"content":{"rendered":"<p>V\u00fdber no\u017ea je ve\u013emi osobn\u00fd proces. Zatia\u013e \u010do na ve\u013ekosti z\u00e1le\u017e\u00ed, na spr\u00e1vnej ve\u013ekosti z\u00e1le\u017e\u00ed e\u0161te viac. S mo\u017enos\u0165ami, ktor\u00e9 pon\u00faka Insistent, Emphasis a p\u00f4vodn\u00fd Efficient, nem\u00f4\u017eete urobi\u0165 chybu.<\/p>\n<p>\u0160pecifik\u00e1cia<br \/>\nD\u013a\u017eka \u010depele: 9.2 cm<br \/>\nD\u013a\u017eka v zatvorenom stave: 12.2 cm<br \/>\nCelkov\u00e1 d\u013a\u017eka: 21.1 cm<br \/>\nHr\u00fabka \u010depele: 0.3 cm<br \/>\nMateri\u00e1l \u010depele: Nerezov\u00e1 oce\u013e 8Cr13MoV<br \/>\n\u0160t\u00fdl \u010depele: v tvare listu<br \/>\nBr\u00fasenie \u010depele: Plne ploch\u00e9<br \/>\nPovrchov\u00e1 \u00faprava \u010depele: sat\u00e9n<br \/>\nBlade Edge: Combo<br \/>\nMateri\u00e1l rukov\u00e4te: Texturovan\u00fd G10<br \/>\nFarba rukov\u00e4te: \u010cierna<br \/>\nUzamykac\u00ed mechanizmus: Liner Lock<br \/>\nVreckov\u00fd klip: Vykl\u00e1panie, \u013eav\u00e9\/prav\u00e9 nosenie<br \/>\n\u010c\u00edslo modelu: C245GP<br \/>\nN\u00e1zov modelu: D\u00f4raz<br \/>\nHmotnos\u0165: 4,8 oz. (136 g)<\/p>\n","protected":false},"excerpt":{"rendered":"<p>Insistent je v podstate kompaktnej\u0161ia \u201egentlemansk\u00e1\u201c verzia Efficientu.<\/p>\n","protected":false},"featured_media":250591,"comment_status":"open","ping_status":"closed","template":"","meta":[],"pwb-brand":[3261],"product_brand":[],"product_cat":[3186,3233],"product_tag":[3668],"class_list":{"0":"post-250603","1":"product","2":"type-product","3":"status-publish","4":"has-post-thumbnail","6":"pwb-brand-zatvaraci-noz-spyderco-endura-flat-ground-gray-frn-c10fpgy","7":"product_cat-noze-sk","8":"product_cat-zatvaracie-noze","9":"product_tag-b2b-sk","11":"first","12":"instock","13":"taxable","14":"shipping-taxable","15":"purchasable","16":"product-type-simple"},"brands":[{"id":3261,"name":"Zatv\u00e1rac\u00ed N\u00f4\u017e Spyderco Endura Flat Ground Gray FRN C10FPGY","slug":"zatvaraci-noz-spyderco-endura-flat-ground-gray-frn-c10fpgy"}],"_links":{"self":[{"href":"https:\/\/www.moskito.cz\/sk\/wp-json\/wp\/v2\/product\/250603","targetHints":{"allow":["GET"]}}],"collection":[{"href":"https:\/\/www.moskito.cz\/sk\/wp-json\/wp\/v2\/product"}],"about":[{"href":"https:\/\/www.moskito.cz\/sk\/wp-json\/wp\/v2\/types\/product"}],"replies":[{"embeddable":true,"href":"https:\/\/www.moskito.cz\/sk\/wp-json\/wp\/v2\/comments?post=250603"}],"wp:featuredmedia":[{"embeddable":true,"href":"https:\/\/www.moskito.cz\/sk\/wp-json\/wp\/v2\/media\/250591"}],"wp:attachment":[{"href":"https:\/\/www.moskito.cz\/sk\/wp-json\/wp\/v2\/media?parent=250603"}],"wp:term":[{"taxonomy":"pwb-brand","embeddable":true,"href":"https:\/\/www.moskito.cz\/sk\/wp-json\/wp\/v2\/pwb-brand?post=250603"},{"taxonomy":"product_brand","embeddable":true,"href":"https:\/\/www.moskito.cz\/sk\/wp-json\/wp\/v2\/product_brand?post=250603"},{"taxonomy":"product_cat","embeddable":true,"href":"https:\/\/www.moskito.cz\/sk\/wp-json\/wp\/v2\/product_cat?post=250603"},{"taxonomy":"product_tag","embeddable":true,"href":"https:\/\/www.moskito.cz\/sk\/wp-json\/wp\/v2\/product_tag?post=250603"}],"curies":[{"name":"wp","href":"https:\/\/api.w.org\/{rel}","templated":true}]}}