{"id":250618,"date":"2023-06-10T19:25:05","date_gmt":"2023-06-10T18:25:05","guid":{"rendered":"https:\/\/www.moskito.cz\/produkt\/zatvaraci-noz-spyderco-endela-emerson-c243pgyw\/"},"modified":"2023-11-20T17:33:36","modified_gmt":"2023-11-20T16:33:36","slug":"zatvaraci-noz-spyderco-endela-emerson-c243pgyw","status":"publish","type":"product","link":"https:\/\/www.moskito.cz\/sk\/produkt\/zatvaraci-noz-spyderco-endela-emerson-c243pgyw\/","title":{"rendered":"Zatv\u00e1rac\u00ed N\u00f4\u017e Spyderco Endela Emerson C243PGYW"},"content":{"rendered":"<p>Emerson Opener je unik\u00e1tna funkcia, ktor\u00e1 v\u00fdrazne zvy\u0161uje r\u00fdchlos\u0165 a jednoduchos\u0165 nasadenia na\u0161ich no\u017eov. Aby ste to vyu\u017eili na maximum, pam\u00e4tajte na pr\u00edslovie Navy SEAL: \u201ePomal\u00e9 je plynul\u00e9 a plynul\u00e9 je r\u00fdchle.\u201c Urobte si \u010das, aby ste sa dostali hladko a r\u00fdchlo, pr\u00edde prirodzene.<\/p>\n<p>\u0160pecifik\u00e1cia<br \/>\nD\u013a\u017eka \u010depele: 8.52 cm<br \/>\nD\u013a\u017eka v zatvorenom stave: 12 cm<br \/>\nCelkov\u00e1 d\u013a\u017eka: 21 cm<br \/>\nMateri\u00e1l \u010depele: VG10 Nerezov\u00e1 oce\u013e<br \/>\n\u0160t\u00fdl \u010depele: Spear Point<br \/>\nBr\u00fasenie \u010depele: \u0160able<br \/>\nPovrchov\u00e1 \u00faprava \u010depele: sat\u00e9n<br \/>\nOstrie \u010depele: Hladk\u00e9<br \/>\nMateri\u00e1l rukov\u00e4te: FRN<br \/>\nFarba rukov\u00e4te: \u0161ed\u00e1<br \/>\nUzamykac\u00ed mechanizmus: Lockback<br \/>\nVreckov\u00fd klip: Vykl\u00e1panie\/dole, nosenie vpravo\/v\u013eavo<br \/>\n\u010c\u00edslo modelu: C243PGYW<br \/>\nN\u00e1zov modelu: Otv\u00e1ra\u010d Endela Emerson<br \/>\nHmotnos\u0165: 3,4 oz.<br \/>\nVyroben\u00e9 v Japonsku<\/p>\n","protected":false},"excerpt":{"rendered":"<p>V\u010faka ve\u013ekosti, ktor\u00e1 dokonale rozde\u013euje rozdiel medzi ikonick\u00fdmi modelmi Delica 4 a Endura 4, si Endela r\u00fdchlo z\u00edskava poves\u0165 dokonal\u00e9ho kompromisu.<\/p>\n","protected":false},"featured_media":250607,"comment_status":"open","ping_status":"closed","template":"","meta":[],"pwb-brand":[3261],"product_brand":[],"product_cat":[3233,3186],"product_tag":[3668],"class_list":{"0":"post-250618","1":"product","2":"type-product","3":"status-publish","4":"has-post-thumbnail","6":"pwb-brand-zatvaraci-noz-spyderco-endura-flat-ground-gray-frn-c10fpgy","7":"product_cat-zatvaracie-noze","8":"product_cat-noze-sk","9":"product_tag-b2b-sk","11":"first","12":"instock","13":"taxable","14":"shipping-taxable","15":"purchasable","16":"product-type-simple"},"brands":[{"id":3261,"name":"Zatv\u00e1rac\u00ed N\u00f4\u017e Spyderco Endura Flat Ground Gray FRN C10FPGY","slug":"zatvaraci-noz-spyderco-endura-flat-ground-gray-frn-c10fpgy"}],"_links":{"self":[{"href":"https:\/\/www.moskito.cz\/sk\/wp-json\/wp\/v2\/product\/250618","targetHints":{"allow":["GET"]}}],"collection":[{"href":"https:\/\/www.moskito.cz\/sk\/wp-json\/wp\/v2\/product"}],"about":[{"href":"https:\/\/www.moskito.cz\/sk\/wp-json\/wp\/v2\/types\/product"}],"replies":[{"embeddable":true,"href":"https:\/\/www.moskito.cz\/sk\/wp-json\/wp\/v2\/comments?post=250618"}],"wp:featuredmedia":[{"embeddable":true,"href":"https:\/\/www.moskito.cz\/sk\/wp-json\/wp\/v2\/media\/250607"}],"wp:attachment":[{"href":"https:\/\/www.moskito.cz\/sk\/wp-json\/wp\/v2\/media?parent=250618"}],"wp:term":[{"taxonomy":"pwb-brand","embeddable":true,"href":"https:\/\/www.moskito.cz\/sk\/wp-json\/wp\/v2\/pwb-brand?post=250618"},{"taxonomy":"product_brand","embeddable":true,"href":"https:\/\/www.moskito.cz\/sk\/wp-json\/wp\/v2\/product_brand?post=250618"},{"taxonomy":"product_cat","embeddable":true,"href":"https:\/\/www.moskito.cz\/sk\/wp-json\/wp\/v2\/product_cat?post=250618"},{"taxonomy":"product_tag","embeddable":true,"href":"https:\/\/www.moskito.cz\/sk\/wp-json\/wp\/v2\/product_tag?post=250618"}],"curies":[{"name":"wp","href":"https:\/\/api.w.org\/{rel}","templated":true}]}}