{"id":250619,"date":"2021-05-13T20:49:33","date_gmt":"2021-05-13T19:49:33","guid":{"rendered":"https:\/\/www.moskito.cz\/produkt\/zatvaraci-noz-spyderco-pattadese-linerlock\/"},"modified":"2025-05-07T10:51:23","modified_gmt":"2025-05-07T09:51:23","slug":"zatvaraci-noz-spyderco-pattadese-linerlock","status":"publish","type":"product","link":"https:\/\/www.moskito.cz\/sk\/produkt\/zatvaraci-noz-spyderco-pattadese-linerlock\/","title":{"rendered":"Zatv\u00e1rac\u00ed N\u00f4\u017e Spyderco Pattadese Linerlock"},"content":{"rendered":"<p>Zatv\u00e1rac\u00ed N\u00f4\u017e Spyderco Pattadese Linerlock.<\/p>\n<p>Spyderca Pattada bola modernou interpret\u00e1ciou tradi\u010dnej rezolzie, zatv\u00e1racieho no\u017ea mesta Pattada na Sard\u00ednii. Pattadese (vyslovuje sa pah-tah-day-say) m\u00e1 tento ohromuj\u00faci dizajn a zmen\u0161uje ho o viac ako 15 percent, aby bol e\u0161te \u0161ikovnej\u0161\u00ed. Hrd\u00fd \u010dlen etnickej rady Spyderco, ikonick\u00fd tvar \u010depele Pattadese je verne vyjadren\u00fd v nerezovej oceli M390. Plne ploch\u00e1 br\u00fasen\u00e1 \u010depe\u013e s hladk\u00fdm ostr\u00edm je ulo\u017een\u00e1 v elegantne zakrivenej rukov\u00e4ti s pln\u00fdmi nerezov\u00fdmi vlo\u017ekami a kr\u00e1sne tvarovanou rukov\u00e4\u0165ou G10. Robustn\u00fd mechanizmus z\u00e1mku vlo\u017eky zais\u0165uje, \u017ee sa \u010depe\u013e pri pou\u017eit\u00ed bezpe\u010dne otvor\u00ed.<\/p>\n<p>\u0160pecifik\u00e1cia<br \/>\nD\u013a\u017eka \u010depele: 80 mm<br \/>\nRezn\u00e1 hrana: 2,95&#8243; (75 mm)<br \/>\nUzavret\u00e1 d\u013a\u017eka: 4,06&#8243; (103 mm)<br \/>\nCelkov\u00e1 d\u013a\u017eka: 7,22 &#8222;(183 mm)<br \/>\nMateri\u00e1l \u010depele: nerezov\u00e1 oce\u013e Bohler M390<br \/>\nHr\u00fabka \u010depele: 0,098&#8220; (2,5 mm)<br \/>\nBlade Grind: Full Flat<br \/>\nPovrch \u010depele: Sat\u00e9n<br \/>\nMateri\u00e1l rukov\u00e4te: Tvarovan\u00e1 \u010dierna G10<br \/>\nMateri\u00e1l vlo\u017eky: nerezov\u00e1 oce\u013e<br \/>\nUzamykac\u00ed mechanizmus: Liner Lock<br \/>\nVreckov\u00e1 spona: dr\u00f4t z nerezovej ocele (v\u00fdklopn\u00fd, prav\u00fd\/\u013eav\u00fd)<br \/>\nHmotnos\u0165: 2,7 oz. (77 g)<br \/>\nVyroben\u00e9 v Taliansku<\/p>\n","protected":false},"excerpt":{"rendered":"<p>Zatv\u00e1rac\u00ed n\u00f4\u017e Spyderco s klipom a poistkou.<\/p>\n<p>Doprava zadarmo.<\/p>\n","protected":false},"featured_media":198384,"comment_status":"open","ping_status":"closed","template":"","meta":[],"pwb-brand":[3261],"product_brand":[],"product_cat":[3186,3233],"product_tag":[3668],"class_list":{"0":"post-250619","1":"product","2":"type-product","3":"status-publish","4":"has-post-thumbnail","6":"pwb-brand-zatvaraci-noz-spyderco-endura-flat-ground-gray-frn-c10fpgy","7":"product_cat-noze-sk","8":"product_cat-zatvaracie-noze","9":"product_tag-b2b-sk","11":"first","12":"instock","13":"taxable","14":"shipping-taxable","15":"purchasable","16":"product-type-simple"},"brands":[{"id":3261,"name":"Zatv\u00e1rac\u00ed N\u00f4\u017e Spyderco Endura Flat Ground Gray FRN C10FPGY","slug":"zatvaraci-noz-spyderco-endura-flat-ground-gray-frn-c10fpgy"}],"_links":{"self":[{"href":"https:\/\/www.moskito.cz\/sk\/wp-json\/wp\/v2\/product\/250619","targetHints":{"allow":["GET"]}}],"collection":[{"href":"https:\/\/www.moskito.cz\/sk\/wp-json\/wp\/v2\/product"}],"about":[{"href":"https:\/\/www.moskito.cz\/sk\/wp-json\/wp\/v2\/types\/product"}],"replies":[{"embeddable":true,"href":"https:\/\/www.moskito.cz\/sk\/wp-json\/wp\/v2\/comments?post=250619"}],"wp:featuredmedia":[{"embeddable":true,"href":"https:\/\/www.moskito.cz\/sk\/wp-json\/wp\/v2\/media\/198384"}],"wp:attachment":[{"href":"https:\/\/www.moskito.cz\/sk\/wp-json\/wp\/v2\/media?parent=250619"}],"wp:term":[{"taxonomy":"pwb-brand","embeddable":true,"href":"https:\/\/www.moskito.cz\/sk\/wp-json\/wp\/v2\/pwb-brand?post=250619"},{"taxonomy":"product_brand","embeddable":true,"href":"https:\/\/www.moskito.cz\/sk\/wp-json\/wp\/v2\/product_brand?post=250619"},{"taxonomy":"product_cat","embeddable":true,"href":"https:\/\/www.moskito.cz\/sk\/wp-json\/wp\/v2\/product_cat?post=250619"},{"taxonomy":"product_tag","embeddable":true,"href":"https:\/\/www.moskito.cz\/sk\/wp-json\/wp\/v2\/product_tag?post=250619"}],"curies":[{"name":"wp","href":"https:\/\/api.w.org\/{rel}","templated":true}]}}