{"id":250635,"date":"2023-06-10T20:01:22","date_gmt":"2023-06-10T19:01:22","guid":{"rendered":"https:\/\/www.moskito.cz\/produkt\/zatvaraci-noz-spyderco-brian-lai-amalgam-c234cfp\/"},"modified":"2025-05-07T10:51:23","modified_gmt":"2025-05-07T09:51:23","slug":"zatvaraci-noz-spyderco-brian-lai-amalgam-c234cfp","status":"publish","type":"product","link":"https:\/\/www.moskito.cz\/sk\/produkt\/zatvaraci-noz-spyderco-brian-lai-amalgam-c234cfp\/","title":{"rendered":"Zatv\u00e1rac\u00ed N\u00f4\u017e Spyderco Brian Lai Amalgam C234CFP"},"content":{"rendered":"<p>Zatv\u00e1rac\u00ed N\u00f4\u017e Spyderco Brian Lai Amalgam C234CFP<\/p>\n<p>Amalgam bol od z\u00e1kladu navrhnut\u00fd ako praktick\u00fd, v\u0161estrann\u00fd pracovn\u00fd n\u00f4\u017e, ktor\u00fd sp\u00e1ja v\u0161etky v\u00fdhody patentovan\u00e9ho kompresn\u00e9ho z\u00e1mku Spyderco, plne pr\u00edstupn\u00fd okr\u00fahly otvor pre ochrann\u00fa zn\u00e1mku a otv\u00e1ra\u010d na plutvy do jedn\u00e9ho balenia. Srdcom amalg\u00e1mu je jeho \u0161irok\u00e1 \u010depe\u013e so zapusten\u00fdm hrotom, ktor\u00e1 je dielom vysoko\u0161kolsk\u00e9ho \u0161tudenta menom Brian Lai a je celoplo\u0161ne br\u00fasen\u00e1 z nerezovej ocele CPM-S30V. \u010cepe\u013e s hladk\u00fdm britom sa opiera o \u0161peci\u00e1lne podlo\u017eky s guli\u010dkov\u00fdmi lo\u017eiskami s n\u00edzkym tren\u00edm, ktor\u00e9 s\u00fa s\u00fa\u010das\u0165ou ergonomickej rukov\u00e4te, ktor\u00e1 je skon\u0161truovan\u00e1 s vlo\u017een\u00fdmi, skeletonizovan\u00fdmi vlo\u017ekami z nerezovej ocele a text\u00farovan\u00fdmi lamin\u00e1tov\u00fdmi stupnicami z uhl\u00edkov\u00fdch vl\u00e1kien\/G1. \u0160tvorpolohov\u00e1 spona a lemovan\u00fd otvor pre \u0161n\u00farku poskytuj\u00fa pohodln\u00e9 nosenie a umo\u017e\u0148uj\u00fa r\u00fdchle uvedenie amalg\u00e1mu do akcie ktorouko\u013evek rukou.<\/p>\n<p>\u0160pecifik\u00e1cia<br \/>\nD\u013a\u017eka \u010depele: 9.5 cm<br \/>\nD\u013a\u017eka v zatvorenom stave: 13 cm<br \/>\nCelkov\u00e1 d\u013a\u017eka: 22.5 cm<br \/>\nHr\u00fabka \u010depele: 0.34 cm<br \/>\nMateri\u00e1l \u010depele: CPM-S30V Nerezov\u00e1 oce\u013e<br \/>\n\u0160t\u00fdl \u010depele: Drop Point<br \/>\nBr\u00fasenie \u010depele: Plne ploch\u00e9<br \/>\nPovrchov\u00e1 \u00faprava \u010depele: sat\u00e9n<br \/>\nOstrie \u010depele: Hladk\u00e9<br \/>\nMateri\u00e1l rukov\u00e4te: Carbon Fiber\/G10 Lamin\u00e1t<br \/>\nFarba rukov\u00e4te: \u010cierna<br \/>\nUzamykac\u00ed mechanizmus: Kompresia<br \/>\nVreckov\u00fd klip: Vykl\u00e1panie, \u013eav\u00e9\/prav\u00e9 nosenie<br \/>\n\u010c\u00edslo modelu: C234CFP<br \/>\nN\u00e1zov modelu: Amalgam<br \/>\nDizajn\u00e9r: Brian Lai<br \/>\nHmotnos\u0165: 4,3 oz.<\/p>\n","protected":false},"excerpt":{"rendered":"<p>Amalgam bol od z\u00e1kladu navrhnut\u00fd ako praktick\u00fd, v\u0161estrann\u00fd pracovn\u00fd n\u00f4\u017e.<\/p>\n","protected":false},"featured_media":250623,"comment_status":"open","ping_status":"closed","template":"","meta":[],"pwb-brand":[3261],"product_brand":[],"product_cat":[3233,3186],"product_tag":[3668],"class_list":{"0":"post-250635","1":"product","2":"type-product","3":"status-publish","4":"has-post-thumbnail","6":"pwb-brand-zatvaraci-noz-spyderco-endura-flat-ground-gray-frn-c10fpgy","7":"product_cat-zatvaracie-noze","8":"product_cat-noze-sk","9":"product_tag-b2b-sk","11":"first","12":"instock","13":"taxable","14":"shipping-taxable","15":"purchasable","16":"product-type-simple"},"brands":[{"id":3261,"name":"Zatv\u00e1rac\u00ed N\u00f4\u017e Spyderco Endura Flat Ground Gray FRN C10FPGY","slug":"zatvaraci-noz-spyderco-endura-flat-ground-gray-frn-c10fpgy"}],"_links":{"self":[{"href":"https:\/\/www.moskito.cz\/sk\/wp-json\/wp\/v2\/product\/250635","targetHints":{"allow":["GET"]}}],"collection":[{"href":"https:\/\/www.moskito.cz\/sk\/wp-json\/wp\/v2\/product"}],"about":[{"href":"https:\/\/www.moskito.cz\/sk\/wp-json\/wp\/v2\/types\/product"}],"replies":[{"embeddable":true,"href":"https:\/\/www.moskito.cz\/sk\/wp-json\/wp\/v2\/comments?post=250635"}],"wp:featuredmedia":[{"embeddable":true,"href":"https:\/\/www.moskito.cz\/sk\/wp-json\/wp\/v2\/media\/250623"}],"wp:attachment":[{"href":"https:\/\/www.moskito.cz\/sk\/wp-json\/wp\/v2\/media?parent=250635"}],"wp:term":[{"taxonomy":"pwb-brand","embeddable":true,"href":"https:\/\/www.moskito.cz\/sk\/wp-json\/wp\/v2\/pwb-brand?post=250635"},{"taxonomy":"product_brand","embeddable":true,"href":"https:\/\/www.moskito.cz\/sk\/wp-json\/wp\/v2\/product_brand?post=250635"},{"taxonomy":"product_cat","embeddable":true,"href":"https:\/\/www.moskito.cz\/sk\/wp-json\/wp\/v2\/product_cat?post=250635"},{"taxonomy":"product_tag","embeddable":true,"href":"https:\/\/www.moskito.cz\/sk\/wp-json\/wp\/v2\/product_tag?post=250635"}],"curies":[{"name":"wp","href":"https:\/\/api.w.org\/{rel}","templated":true}]}}