{"id":250701,"date":"2023-06-10T21:14:46","date_gmt":"2023-06-10T20:14:46","guid":{"rendered":"https:\/\/www.moskito.cz\/produkt\/zatvaraci-noz-spyderco-centofante-3-c66pbk3\/"},"modified":"2023-11-20T17:33:44","modified_gmt":"2023-11-20T16:33:44","slug":"zatvaraci-noz-spyderco-centofante-3-c66pbk3","status":"publish","type":"product","link":"https:\/\/www.moskito.cz\/sk\/produkt\/zatvaraci-noz-spyderco-centofante-3-c66pbk3\/","title":{"rendered":"Zatv\u00e1rac\u00ed N\u00f4\u017e Spyderco Centofante 3 C66PBK3"},"content":{"rendered":"<p>Zatv\u00e1rac\u00ed N\u00f4\u017e Spyderco Centofante 3 C66PBK3<\/p>\n<p>Pokia\u013e sa pohybujete v kruhoch z\u00e1kazkov\u00e9ho no\u017eiarskeho priemyslu a\/alebo nav\u0161tevujete v\u00fdstavy no\u017eov, ur\u010dite ste po\u010duli o Franku Centofante. Okrem toho, \u017ee je Frank sl\u00e1vny a dlhoro\u010dn\u00fd z\u00e1kazkov\u00fd no\u017eiar, je b\u00fdval\u00fdm prezidentom Cechu no\u017e\u00edrov, siln\u00fdm hlasom vo svete no\u017e\u00edrov a v\u00e1\u017een\u00fdm a re\u0161pektovan\u00fdm remeseln\u00edkom. Spolupr\u00e1ca na n\u00e1vrhoch no\u017eov s n\u00edm je nie\u010do, \u010do Spyderco malo to \u0161\u0165astie urobi\u0165 nieko\u013ekokr\u00e1t. Na\u0161ou najnov\u0161ou ponukou je p\u00e1nska zlo\u017eka Centofante3.<\/p>\n<p>Centofante3 m\u00e1 tenk\u00fa, \u013eahk\u00fa FRN rukov\u00e4\u0165. Z rukov\u00e4te s\u00fa vyh\u013aben\u00e9 dva kan\u00e1liky pre lep\u0161ie uchopenie a do jej povrchu je vsaden\u00e1 pal\u00e1diov\u00e1 strieborn\u00e1 plo\u0161tice Spyderco. Pre v\u00e4\u010d\u0161iu bezpe\u010dnos\u0165 a pohodlie je zadn\u00fd z\u00e1mok umiestnen\u00fd uprostred chrbtice a David Boye Dent je vyrezan\u00fd z uzamykacej p\u00e1ky. \u010cepe\u013e VG-10 m\u00e1 ako dut\u00fd br\u00fas, tak swedge brus s neostren\u00fdm vr\u00fabkovan\u00edm chrbta, aby palec pri rezan\u00ed dr\u017eal v pokoji. \u010cierna oce\u013eov\u00e1 vreckov\u00e1 spona na preklopenie\/dole, nosenie v pravej ruke.<\/p>\n<p>\u0160pecifik\u00e1cia<br \/>\nCelkov\u00e1 d\u013a\u017eka: 1.2 cm<br \/>\nD\u013a\u017eka: Zatvoren\u00e9: 11.5 cm<br \/>\nD\u013a\u017eka \u010depele: 7.9 cm<br \/>\nRezn\u00e1 hrana: 7.6 cm<br \/>\nHr\u00fabka \u010depele: 0.2 cm<br \/>\nOce\u013e \u010depele: VG-10<br \/>\nHmotnos\u0165: 2,5 oz. (71 g)<br \/>\nMateri\u00e1l rukov\u00e4te: Nylon vystu\u017een\u00fd sklen\u00fdmi vl\u00e1knami (FRN)<br \/>\nVyroben\u00e9 v Seki-City, Japonsko<\/p>\n","protected":false},"excerpt":{"rendered":"<p>Pokia\u013e sa pohybujete v kruhoch z\u00e1kazkov\u00e9ho no\u017eiarskeho priemyslu a\/alebo nav\u0161tevujete v\u00fdstavy no\u017eov, ur\u010dite ste po\u010duli o Franku Centofante.<\/p>\n","protected":false},"featured_media":250690,"comment_status":"open","ping_status":"closed","template":"","meta":[],"pwb-brand":[3261],"product_brand":[],"product_cat":[3233,3186],"product_tag":[3668],"class_list":{"0":"post-250701","1":"product","2":"type-product","3":"status-publish","4":"has-post-thumbnail","6":"pwb-brand-zatvaraci-noz-spyderco-endura-flat-ground-gray-frn-c10fpgy","7":"product_cat-zatvaracie-noze","8":"product_cat-noze-sk","9":"product_tag-b2b-sk","11":"first","12":"instock","13":"taxable","14":"shipping-taxable","15":"purchasable","16":"product-type-simple"},"brands":[{"id":3261,"name":"Zatv\u00e1rac\u00ed N\u00f4\u017e Spyderco Endura Flat Ground Gray FRN C10FPGY","slug":"zatvaraci-noz-spyderco-endura-flat-ground-gray-frn-c10fpgy"}],"_links":{"self":[{"href":"https:\/\/www.moskito.cz\/sk\/wp-json\/wp\/v2\/product\/250701","targetHints":{"allow":["GET"]}}],"collection":[{"href":"https:\/\/www.moskito.cz\/sk\/wp-json\/wp\/v2\/product"}],"about":[{"href":"https:\/\/www.moskito.cz\/sk\/wp-json\/wp\/v2\/types\/product"}],"replies":[{"embeddable":true,"href":"https:\/\/www.moskito.cz\/sk\/wp-json\/wp\/v2\/comments?post=250701"}],"wp:featuredmedia":[{"embeddable":true,"href":"https:\/\/www.moskito.cz\/sk\/wp-json\/wp\/v2\/media\/250690"}],"wp:attachment":[{"href":"https:\/\/www.moskito.cz\/sk\/wp-json\/wp\/v2\/media?parent=250701"}],"wp:term":[{"taxonomy":"pwb-brand","embeddable":true,"href":"https:\/\/www.moskito.cz\/sk\/wp-json\/wp\/v2\/pwb-brand?post=250701"},{"taxonomy":"product_brand","embeddable":true,"href":"https:\/\/www.moskito.cz\/sk\/wp-json\/wp\/v2\/product_brand?post=250701"},{"taxonomy":"product_cat","embeddable":true,"href":"https:\/\/www.moskito.cz\/sk\/wp-json\/wp\/v2\/product_cat?post=250701"},{"taxonomy":"product_tag","embeddable":true,"href":"https:\/\/www.moskito.cz\/sk\/wp-json\/wp\/v2\/product_tag?post=250701"}],"curies":[{"name":"wp","href":"https:\/\/api.w.org\/{rel}","templated":true}]}}