{"id":250737,"date":"2023-06-11T19:30:08","date_gmt":"2023-06-11T18:30:08","guid":{"rendered":"https:\/\/www.moskito.cz\/produkt\/zatvaraci-noz-spyderco-military-blue-purpl-c36gpdbl\/"},"modified":"2025-05-07T10:51:26","modified_gmt":"2025-05-07T09:51:26","slug":"zatvaraci-noz-spyderco-military-blue-purpl-c36gpdbl","status":"publish","type":"product","link":"https:\/\/www.moskito.cz\/sk\/produkt\/zatvaraci-noz-spyderco-military-blue-purpl-c36gpdbl\/","title":{"rendered":"Zatv\u00e1rac\u00ed N\u00f4\u017e Spyderco Military Blue\/Purpl C36GPDBL"},"content":{"rendered":"<p>Zatv\u00e1rac\u00ed N\u00f4\u017e Spyderco Military Blue\/Purpl C36GPDBL<\/p>\n<p>Tento model Military je v\u00e1\u017een\u00fdm \u010dlenom elitnej rodiny no\u017eov Spyderco s pr\u00e9miovou oce\u013eou \u010depele CPM S110V s text\u00farovanou rukov\u00e4\u0165ou G10 vo v\u00fdraznom tmavo modrom odtieni.<\/p>\n<p>Vojensk\u00fd model, z\u00e1kladn\u00fd kame\u0148 v rade Spyderco Save and Serve, vznikol po tom, \u010do sa niekto sp\u00fdtal majite\u013ea Spyderca Sala Glessera: &#8222;Keby v\u00e1\u0161 syn \u0161iel do arm\u00e1dy, s ak\u00fdm zatv\u00e1rac\u00edm no\u017eom by ste ho poslali?&#8220; S istotou musel sp\u013a\u0148a\u0165 po\u017eiadavky na vysoko v\u00fdkonn\u00fa a \u013eahk\u00fa sklada\u010dku ur\u010den\u00fa na n\u00e1ro\u010dn\u00e9 pou\u017eitie.<\/p>\n<p>\u201eMillie\u201c m\u00e1 upraven\u00fa \u010depe\u013e so zacvak\u00e1vacou \u010depe\u013eou rezanou laserom so 14 mm okr\u00fahlym otvorom Spyderco pre r\u00fdchle nasadenie a pou\u017eitie v rukaviciach. Text\u00fara nad otvorom udr\u017euje palec v kontakte s chrbtom \u010depele po\u010das rezania pre ist\u00fa kontrolu nad nabr\u00fasen\u00fdm ostr\u00edm. Stupnice rukov\u00e4te s\u00fa G10 s vlo\u017ekou z\u00e1mku vnorenou (vlo\u017eenou) priamo do v\u00e1hy, \u010do zvy\u0161uje pevnos\u0165 z\u00e1mku bez pridania objemn\u00fdch vlo\u017eiek. Di\u0161tan\u010dn\u00e9 vlo\u017eky medzi stupnicami vytv\u00e1raj\u00fa medzeru po celej d\u013a\u017eke rukov\u00e4te, ktor\u00e1 odkr\u00fdva vn\u00fatorn\u00e9 fungovanie na kontrolu a \u010distenie. Rukov\u00e4\u0165 sa na prednom konci mierne roztvor\u00ed a vytv\u00e1ra \u0161klbanie prstov a na zadnom konci, \u010do zabra\u0148uje sk\u013aznutiu no\u017ea dopredu alebo dozadu v ruke pri rezan\u00ed alebo vykon\u00e1van\u00ed tvrd\u00fdch alebo agres\u00edvnych rezov. Tvarovan\u00e1 \u010dierna kovov\u00e1 spona je nastaven\u00e1 na nosenie v pravej ruke so \u0161pi\u010dkou dole.<\/p>\n<p>\u0160pecifik\u00e1cia<br \/>\nD\u013a\u017eka \u010depele: 10 cm<br \/>\nD\u013a\u017eka v zatvorenom stave: 14 cm<br \/>\nCelkov\u00e1 d\u013a\u017eka: 24 cm&#8220;<br \/>\nHr\u00fabka \u010depele: 0.36 cm<br \/>\nMateri\u00e1l \u010depele: CPM S110V Nerezov\u00e1 oce\u013e<br \/>\nBr\u00fasenie \u010depele: Plne ploch\u00e9<br \/>\nTyp z\u00e1mku: Linerlock<br \/>\nMateri\u00e1l rukov\u00e4te: G10<br \/>\nKlip: vpravo, \u0161pi\u010dka dole<br \/>\nHmotnos\u0165: 4,5 oz.<br \/>\nVyroben\u00e9 v USA<\/p>\n","protected":false},"excerpt":{"rendered":"<p>Tento model Military je v\u00e1\u017een\u00fdm \u010dlenom elitnej rodiny no\u017eov Spyderco s pr\u00e9miovou oce\u013eou \u010depele CPM S110V s text\u00farovanou rukov\u00e4\u0165ou G10 vo v\u00fdraznom tmavo modrom odtieni.<\/p>\n","protected":false},"featured_media":250726,"comment_status":"open","ping_status":"closed","template":"","meta":[],"pwb-brand":[3261],"product_brand":[],"product_cat":[3233,3186],"product_tag":[3668],"class_list":{"0":"post-250737","1":"product","2":"type-product","3":"status-publish","4":"has-post-thumbnail","6":"pwb-brand-zatvaraci-noz-spyderco-endura-flat-ground-gray-frn-c10fpgy","7":"product_cat-zatvaracie-noze","8":"product_cat-noze-sk","9":"product_tag-b2b-sk","11":"first","12":"instock","13":"sale","14":"taxable","15":"shipping-taxable","16":"purchasable","17":"product-type-simple"},"brands":[{"id":3261,"name":"Zatv\u00e1rac\u00ed N\u00f4\u017e Spyderco Endura Flat Ground Gray FRN C10FPGY","slug":"zatvaraci-noz-spyderco-endura-flat-ground-gray-frn-c10fpgy"}],"_links":{"self":[{"href":"https:\/\/www.moskito.cz\/sk\/wp-json\/wp\/v2\/product\/250737","targetHints":{"allow":["GET"]}}],"collection":[{"href":"https:\/\/www.moskito.cz\/sk\/wp-json\/wp\/v2\/product"}],"about":[{"href":"https:\/\/www.moskito.cz\/sk\/wp-json\/wp\/v2\/types\/product"}],"replies":[{"embeddable":true,"href":"https:\/\/www.moskito.cz\/sk\/wp-json\/wp\/v2\/comments?post=250737"}],"wp:featuredmedia":[{"embeddable":true,"href":"https:\/\/www.moskito.cz\/sk\/wp-json\/wp\/v2\/media\/250726"}],"wp:attachment":[{"href":"https:\/\/www.moskito.cz\/sk\/wp-json\/wp\/v2\/media?parent=250737"}],"wp:term":[{"taxonomy":"pwb-brand","embeddable":true,"href":"https:\/\/www.moskito.cz\/sk\/wp-json\/wp\/v2\/pwb-brand?post=250737"},{"taxonomy":"product_brand","embeddable":true,"href":"https:\/\/www.moskito.cz\/sk\/wp-json\/wp\/v2\/product_brand?post=250737"},{"taxonomy":"product_cat","embeddable":true,"href":"https:\/\/www.moskito.cz\/sk\/wp-json\/wp\/v2\/product_cat?post=250737"},{"taxonomy":"product_tag","embeddable":true,"href":"https:\/\/www.moskito.cz\/sk\/wp-json\/wp\/v2\/product_tag?post=250737"}],"curies":[{"name":"wp","href":"https:\/\/api.w.org\/{rel}","templated":true}]}}