{"id":250771,"date":"2023-06-11T20:06:17","date_gmt":"2023-06-11T19:06:17","guid":{"rendered":"https:\/\/www.moskito.cz\/produkt\/zatvaraci-noz-spyderco-native-5-salt-yellow-c41syl5\/"},"modified":"2025-05-07T10:51:26","modified_gmt":"2025-05-07T09:51:26","slug":"zatvaraci-noz-spyderco-native-5-salt-yellow-c41syl5","status":"publish","type":"product","link":"https:\/\/www.moskito.cz\/sk\/produkt\/zatvaraci-noz-spyderco-native-5-salt-yellow-c41syl5\/","title":{"rendered":"Zatv\u00e1rac\u00ed N\u00f4\u017e Spyderco Native 5 Salt Yellow C41SYL5"},"content":{"rendered":"<p>Po\u010das viac ako 20 rokov slu\u017eby a piatich gener\u00e1ci\u00ed evol\u00facie bol neust\u00e1le zdokona\u013eovan\u00fd do svojej s\u00fa\u010dasnej podoby &#8211; Native 5. Kombin\u00e1cia v\u0161etk\u00fdch \u010dasom preverenej kvality p\u00f4vodn\u00e9ho dizajnu s vylep\u0161enou ergon\u00f3miou, neuverite\u013ene presn\u00fdmi toleranciami z\u00e1mku a \u0161tvorpolohov\u00fdm nosen\u00edm, je pravdepodobne tak dokonal\u00fd, ako len m\u00f4\u017ee by\u0165 zatv\u00e1rac\u00ed n\u00f4\u017e so z\u00e1mkom. \u010co by to teda mohlo zlep\u0161i\u0165? Pre milovn\u00edkov vodn\u00fdch \u0161portov, t\u00fdch, ktor\u00ed \u017eij\u00fa vo vlhkom podneb\u00ed, alebo kohoko\u013evek in\u00e9ho, \u200b\u200bkto sa posadnuto zaober\u00e1 hrozbou kor\u00f3zie, je odpove\u010fou na t\u00fato ot\u00e1zku Native 5 Salt.<\/p>\n<p>Jednoducho povedan\u00e9, Native 5 Salt vyu\u017e\u00edva neuverite\u013ene popul\u00e1rnu platformu Native 5 Lightweight a vykres\u013euje ju v\u00fdhradne z materi\u00e1lov odoln\u00fdch proti kor\u00f3zii. Jednoduch\u00e9 v\u00fdrazy v\u0161ak tento n\u00f4\u017e nespravuj\u00fa.<\/p>\n<p>\u010eal\u0161ia evol\u00facia Native 5 Salt kombinuje v\u0161etky osved\u010den\u00e9 vlastnosti najpred\u00e1vanej\u0161ieho Native 5 Lightweight s mimoriadnymi vlastnos\u0165ami ocele CPM-MagnaCut. Vyvinul Larrin Thomas, Ph.D. v metalurgickom a materi\u00e1lovom in\u017einierstve pozoruhodn\u00e9 zlo\u017eenie CPM-MagnaCut spochyb\u0148uje tradi\u010dn\u00fa ch\u00e9miu nerezovej ocele t\u00fdm, \u017ee zni\u017euje mno\u017estvo chr\u00f3mu v oceli a z\u00e1rove\u0148 prid\u00e1va presn\u00e9 mno\u017estvo van\u00e1du a ni\u00f3bu za vzniku karbidov. V\u00fdsledkom je vysoko v\u00fdkonn\u00e1 \u010depe\u013eov\u00e1 oce\u013e, ktor\u00e1 pon\u00faka v\u00fdnimo\u010dn\u00fa rovnov\u00e1hu medzi odolnos\u0165ou proti opotrebovaniu, h\u00fa\u017eevnatos\u0165ou a extr\u00e9mnou odolnos\u0165ou proti kor\u00f3zii, tak\u017ee si zasl\u00fa\u017ei zaradenie do elitn\u00e9ho radu Salt. Spyderco je hrd\u00e9 na to, \u017ee je jednou z prv\u00fdch spolo\u010dnost\u00ed, ktor\u00e1 pon\u00faka CPM-MagnaCut v tov\u00e1rni vyrobenom no\u017ei a americk\u00fd Native 5 Salt je perfektn\u00e1 platforma.<\/p>\n<p>\u0160pecifik\u00e1cia<br \/>\nD\u013a\u017eka \u010depele: 7.5 cm<br \/>\nD\u013a\u017eka v zatvorenom stave: 10.2 cm<br \/>\nCelkov\u00e1 d\u013a\u017eka: 17.7 cm<br \/>\nRezn\u00e1 hrana: 6.1 cm<br \/>\nHr\u00fabka \u010depele: 0.32 cm<br \/>\nMateri\u00e1l \u010depele: CPM-MagnaCut Nerezov\u00e1 oce\u013e<br \/>\n\u0160t\u00fdl \u010depele: Tvar listu<br \/>\nBr\u00fasenie \u010depele: Plne ploch\u00e9<br \/>\nPovrchov\u00e1 \u00faprava \u010depele: sat\u00e9n<br \/>\nOstrie \u010depele: Vr\u00fabkovan\u00e9<br \/>\nMateri\u00e1l rukov\u00e4te: Nylon vystu\u017een\u00fd sklen\u00fdmi vl\u00e1knami (FRN)<br \/>\nFarba rukov\u00e4te: \u017elt\u00e1<br \/>\nUzamykac\u00ed mechanizmus: Lockback<br \/>\nVreckov\u00e1 spona: Vykl\u00e1panie\/sklopenie, nosenie v\u013eavo\/vpravo<br \/>\n\u010c\u00edslo modelu: C41PYL5<br \/>\nN\u00e1zov modelu: Native 5 Salt<br \/>\nHmotnos\u0165: 2,5 oz. (71 g)<br \/>\nVyroben\u00e9 v USA<\/p>\n","protected":false},"excerpt":{"rendered":"<p>Native je z\u00e1kladn\u00fdm pilierom produktov\u00e9ho radu Spyderco od svojho prv\u00e9ho uvedenia na trh v roku 1997.<\/p>\n","protected":false},"featured_media":250757,"comment_status":"open","ping_status":"closed","template":"","meta":[],"pwb-brand":[3261],"product_brand":[],"product_cat":[3186,3233],"product_tag":[3668],"class_list":{"0":"post-250771","1":"product","2":"type-product","3":"status-publish","4":"has-post-thumbnail","6":"pwb-brand-zatvaraci-noz-spyderco-endura-flat-ground-gray-frn-c10fpgy","7":"product_cat-noze-sk","8":"product_cat-zatvaracie-noze","9":"product_tag-b2b-sk","11":"first","12":"outofstock","13":"taxable","14":"shipping-taxable","15":"purchasable","16":"product-type-simple"},"brands":[{"id":3261,"name":"Zatv\u00e1rac\u00ed N\u00f4\u017e Spyderco Endura Flat Ground Gray FRN C10FPGY","slug":"zatvaraci-noz-spyderco-endura-flat-ground-gray-frn-c10fpgy"}],"_links":{"self":[{"href":"https:\/\/www.moskito.cz\/sk\/wp-json\/wp\/v2\/product\/250771","targetHints":{"allow":["GET"]}}],"collection":[{"href":"https:\/\/www.moskito.cz\/sk\/wp-json\/wp\/v2\/product"}],"about":[{"href":"https:\/\/www.moskito.cz\/sk\/wp-json\/wp\/v2\/types\/product"}],"replies":[{"embeddable":true,"href":"https:\/\/www.moskito.cz\/sk\/wp-json\/wp\/v2\/comments?post=250771"}],"wp:featuredmedia":[{"embeddable":true,"href":"https:\/\/www.moskito.cz\/sk\/wp-json\/wp\/v2\/media\/250757"}],"wp:attachment":[{"href":"https:\/\/www.moskito.cz\/sk\/wp-json\/wp\/v2\/media?parent=250771"}],"wp:term":[{"taxonomy":"pwb-brand","embeddable":true,"href":"https:\/\/www.moskito.cz\/sk\/wp-json\/wp\/v2\/pwb-brand?post=250771"},{"taxonomy":"product_brand","embeddable":true,"href":"https:\/\/www.moskito.cz\/sk\/wp-json\/wp\/v2\/product_brand?post=250771"},{"taxonomy":"product_cat","embeddable":true,"href":"https:\/\/www.moskito.cz\/sk\/wp-json\/wp\/v2\/product_cat?post=250771"},{"taxonomy":"product_tag","embeddable":true,"href":"https:\/\/www.moskito.cz\/sk\/wp-json\/wp\/v2\/product_tag?post=250771"}],"curies":[{"name":"wp","href":"https:\/\/api.w.org\/{rel}","templated":true}]}}