{"id":250787,"date":"2023-06-11T20:22:23","date_gmt":"2023-06-11T19:22:23","guid":{"rendered":"https:\/\/www.moskito.cz\/produkt\/zatvaraci-noz-spyderco-delica-4-trainer-red-c11tr\/"},"modified":"2025-05-07T10:51:27","modified_gmt":"2025-05-07T09:51:27","slug":"zatvaraci-noz-spyderco-delica-4-trainer-red-c11tr","status":"publish","type":"product","link":"https:\/\/www.moskito.cz\/sk\/produkt\/zatvaraci-noz-spyderco-delica-4-trainer-red-c11tr\/","title":{"rendered":"Zatv\u00e1rac\u00ed N\u00f4\u017e Spyderco Delica 4 Trainer Red C11TR"},"content":{"rendered":"<p>Zatv\u00e1rac\u00ed N\u00f4\u017e Spyderco Delica 4 Trainer Red C11TR<\/p>\n<p>Umelci bojov\u00fdch umen\u00ed a praktizuj\u00faci MBC sa v\u0161etci riadia jedn\u00fdm z\u00e1kladn\u00fdm pravidlom, bezpe\u010dn\u00fdm cvi\u010den\u00edm a tr\u00e9ningom. U\u010denie drilu, akci\u00ed a reakci\u00ed s nenabr\u00fasenou cvi\u010dnou \u010depe\u013eou umo\u017e\u0148uje pohodln\u00e9 a realistick\u00e9 cvi\u010denie bez n\u00e1sledkov stretnutia s nabr\u00fasenou hranou.<\/p>\n<p>Trena\u017e\u00e9r Spyderco Delica m\u00e1 rovnak\u00e9 vlastnosti ako jeho \u017eiv\u00fd n\u00e1protivok &#8211; bez nabr\u00fasen\u00e9ho britu. Otvory vyv\u0155tan\u00e9 v \u010depeli a zahnut\u00fd hrot uberaj\u00fa mal\u00e9 mno\u017estvo hmotnosti a robia kus vyv\u00e1\u017een\u00fd v ruke. Rukov\u00e4\u0165 no\u017ea zamedzuje k\u013azaniu a k\u013azaniu a m\u00e1 hlbok\u00fa text\u00faru vo vzore vulk\u00e1novej rukov\u00e4te Spyderco. T\u00fdm, \u017ee je rukov\u00e4\u0165 FRN \u010derven\u00e1, je ur\u010den\u00e1 a \u013eahko rozpoznate\u013en\u00e1 ako tr\u00e9ningov\u00fd model. \u010cierna kovov\u00e1 spona je obojstrann\u00e1 a umiest\u0148uje n\u00f4\u017e do \u0161pi\u010dky vrecka.<\/p>\n<p>\u0160pecifik\u00e1cia<br \/>\nD\u013a\u017eka \u010depele: 7 cm<br \/>\nD\u013a\u017eka v zatvorenom stave: 11 cm<br \/>\nCelkov\u00e1 d\u013a\u017eka: 18 cm<br \/>\nHr\u00fabka \u010depele: 0.23 cm<br \/>\nMateri\u00e1l \u010depele: Nerezov\u00e1 oce\u013e AUS-6<br \/>\nMateri\u00e1l rukov\u00e4te: Nylon zosilnen\u00fd vl\u00e1knami (FRN)<br \/>\nHmotnos\u0165: 2,6 oz.<br \/>\nVyroben\u00e9 v Japonsku<\/p>\n","protected":false},"excerpt":{"rendered":"<p>Umelci bojov\u00fdch umen\u00ed a praktizuj\u00faci MBC sa v\u0161etci riadia jedn\u00fdm z\u00e1kladn\u00fdm pravidlom, bezpe\u010dn\u00fdm cvi\u010den\u00edm a tr\u00e9ningom.<\/p>\n","protected":false},"featured_media":250775,"comment_status":"open","ping_status":"closed","template":"","meta":[],"pwb-brand":[3261],"product_brand":[],"product_cat":[3186,3233],"product_tag":[3668],"class_list":{"0":"post-250787","1":"product","2":"type-product","3":"status-publish","4":"has-post-thumbnail","6":"pwb-brand-zatvaraci-noz-spyderco-endura-flat-ground-gray-frn-c10fpgy","7":"product_cat-noze-sk","8":"product_cat-zatvaracie-noze","9":"product_tag-b2b-sk","11":"first","12":"instock","13":"taxable","14":"shipping-taxable","15":"purchasable","16":"product-type-simple"},"brands":[{"id":3261,"name":"Zatv\u00e1rac\u00ed N\u00f4\u017e Spyderco Endura Flat Ground Gray FRN C10FPGY","slug":"zatvaraci-noz-spyderco-endura-flat-ground-gray-frn-c10fpgy"}],"_links":{"self":[{"href":"https:\/\/www.moskito.cz\/sk\/wp-json\/wp\/v2\/product\/250787","targetHints":{"allow":["GET"]}}],"collection":[{"href":"https:\/\/www.moskito.cz\/sk\/wp-json\/wp\/v2\/product"}],"about":[{"href":"https:\/\/www.moskito.cz\/sk\/wp-json\/wp\/v2\/types\/product"}],"replies":[{"embeddable":true,"href":"https:\/\/www.moskito.cz\/sk\/wp-json\/wp\/v2\/comments?post=250787"}],"wp:featuredmedia":[{"embeddable":true,"href":"https:\/\/www.moskito.cz\/sk\/wp-json\/wp\/v2\/media\/250775"}],"wp:attachment":[{"href":"https:\/\/www.moskito.cz\/sk\/wp-json\/wp\/v2\/media?parent=250787"}],"wp:term":[{"taxonomy":"pwb-brand","embeddable":true,"href":"https:\/\/www.moskito.cz\/sk\/wp-json\/wp\/v2\/pwb-brand?post=250787"},{"taxonomy":"product_brand","embeddable":true,"href":"https:\/\/www.moskito.cz\/sk\/wp-json\/wp\/v2\/product_brand?post=250787"},{"taxonomy":"product_cat","embeddable":true,"href":"https:\/\/www.moskito.cz\/sk\/wp-json\/wp\/v2\/product_cat?post=250787"},{"taxonomy":"product_tag","embeddable":true,"href":"https:\/\/www.moskito.cz\/sk\/wp-json\/wp\/v2\/product_tag?post=250787"}],"curies":[{"name":"wp","href":"https:\/\/api.w.org\/{rel}","templated":true}]}}