{"id":250805,"date":"2023-06-11T20:42:38","date_gmt":"2023-06-11T19:42:38","guid":{"rendered":"https:\/\/www.moskito.cz\/produkt\/zatvaraci-noz-spyderco-native-5-salt-green-c41sgr5\/"},"modified":"2025-05-07T10:51:27","modified_gmt":"2025-05-07T09:51:27","slug":"zatvaraci-noz-spyderco-native-5-salt-green-c41sgr5","status":"publish","type":"product","link":"https:\/\/www.moskito.cz\/sk\/produkt\/zatvaraci-noz-spyderco-native-5-salt-green-c41sgr5\/","title":{"rendered":"Zatv\u00e1rac\u00ed N\u00f4\u017e Spyderco Native 5 Salt Green C41SGR5"},"content":{"rendered":"<p>Zatv\u00e1rac\u00ed N\u00f4\u017e Spyderco Native 5 Salt Green C41SGR5<\/p>\n<p>P\u00f4vodn\u00fd Native 5 Lightweight Salt sa vyzna\u010doval ultra-kor\u00f3ziou odolnou \u010depe\u013eou LC200N a jasne \u017eltou rukov\u00e4\u0165ou. Aby to bolo v s\u00falade s farebn\u00fdm mot\u00edvom, ktor\u00fd Spyderco zaviedlo u svojich \u010fal\u0161\u00edch \u013eahk\u00fdch so\u013en\u00fdch sklada\u010diek s \u010depe\u013eou LC200N, zmenili farbu rukov\u00e4te na vysoko vidite\u013en\u00fa zelen\u00fa. V\u0161etky ostatn\u00e9 aspekty tohto vysoko v\u00fdkonn\u00e9ho no\u017ea s\u00fa vern\u00e9 origin\u00e1lu, vr\u00e1tane celoplo\u0161ne br\u00fasenej \u010depele LC200N, vysoko pevn\u00e9ho zadn\u00e9ho zamykacieho mechanizmu, bezvlo\u017ekovej rukov\u00e4te z nylonu vystu\u017een\u00e9ho sklenen\u00fdmi vl\u00e1knami (FRN) s proti\u0161mykovou Bi- Smerov\u00e9 text\u00farovanie a plne konfigurovate\u013en\u00fd. Tento \u013eahk\u00fd n\u00e1stroj, ktor\u00fd je k dispoz\u00edcii v konfigur\u00e1ci\u00e1ch PlainEdge aj SpyderEdge, poskytuje vysok\u00fd rezn\u00fd v\u00fdkon.<\/p>\n<p>\u0160pecifik\u00e1cia:<br \/>\nD\u013a\u017eka \u010depele: 7.5 cm<br \/>\nD\u013a\u017eka v zatvorenom stave: 10.2 cm<br \/>\nCelkov\u00e1 d\u013a\u017eka: 17.7 cm<br \/>\nRezn\u00e1 hrana: 6.1 cm<br \/>\nHr\u00fabka \u010depele: 0.32 cm<br \/>\nMateri\u00e1l \u010depele: LC200N Ultra-kor\u00f3zii odoln\u00e1 oce\u013e<br \/>\n\u0160t\u00fdl \u010depele: Spear Point<br \/>\nBr\u00fasenie \u010depele: Plne ploch\u00e9<br \/>\nPovrchov\u00e1 \u00faprava \u010depele: sat\u00e9n<br \/>\nOstrie \u010depele: Vr\u00fabkovan\u00e9<br \/>\nMateri\u00e1l rukov\u00e4te: FRN<br \/>\nFarba rukov\u00e4te: Zelen\u00e1<br \/>\nUzamykac\u00ed mechanizmus: Lockback<br \/>\nVreckov\u00e1 spona: Nerezov\u00e1 oce\u013e (Tip-Up\/Down, Right\/Left carry)<br \/>\n\u010c\u00edslo modelu: C41SGR5<br \/>\nN\u00e1zov modelu: Native 5 Salt LC200N<br \/>\nHmotnos\u0165: 2,40 oz. (68 g)<br \/>\nVyroben\u00e9 v USA<\/p>\n","protected":false},"excerpt":{"rendered":"<p>P\u00f4vodn\u00fd Native 5 Lightweight Salt sa vyzna\u010doval ultra-kor\u00f3ziou odolnou \u010depe\u013eou LC200N a jasne \u017eltou rukov\u00e4\u0165ou.<\/p>\n","protected":false},"featured_media":250791,"comment_status":"open","ping_status":"closed","template":"","meta":[],"pwb-brand":[3261],"product_brand":[],"product_cat":[3186,3233],"product_tag":[3668],"class_list":{"0":"post-250805","1":"product","2":"type-product","3":"status-publish","4":"has-post-thumbnail","6":"pwb-brand-zatvaraci-noz-spyderco-endura-flat-ground-gray-frn-c10fpgy","7":"product_cat-noze-sk","8":"product_cat-zatvaracie-noze","9":"product_tag-b2b-sk","11":"first","12":"instock","13":"taxable","14":"shipping-taxable","15":"purchasable","16":"product-type-simple"},"brands":[{"id":3261,"name":"Zatv\u00e1rac\u00ed N\u00f4\u017e Spyderco Endura Flat Ground Gray FRN C10FPGY","slug":"zatvaraci-noz-spyderco-endura-flat-ground-gray-frn-c10fpgy"}],"_links":{"self":[{"href":"https:\/\/www.moskito.cz\/sk\/wp-json\/wp\/v2\/product\/250805","targetHints":{"allow":["GET"]}}],"collection":[{"href":"https:\/\/www.moskito.cz\/sk\/wp-json\/wp\/v2\/product"}],"about":[{"href":"https:\/\/www.moskito.cz\/sk\/wp-json\/wp\/v2\/types\/product"}],"replies":[{"embeddable":true,"href":"https:\/\/www.moskito.cz\/sk\/wp-json\/wp\/v2\/comments?post=250805"}],"wp:featuredmedia":[{"embeddable":true,"href":"https:\/\/www.moskito.cz\/sk\/wp-json\/wp\/v2\/media\/250791"}],"wp:attachment":[{"href":"https:\/\/www.moskito.cz\/sk\/wp-json\/wp\/v2\/media?parent=250805"}],"wp:term":[{"taxonomy":"pwb-brand","embeddable":true,"href":"https:\/\/www.moskito.cz\/sk\/wp-json\/wp\/v2\/pwb-brand?post=250805"},{"taxonomy":"product_brand","embeddable":true,"href":"https:\/\/www.moskito.cz\/sk\/wp-json\/wp\/v2\/product_brand?post=250805"},{"taxonomy":"product_cat","embeddable":true,"href":"https:\/\/www.moskito.cz\/sk\/wp-json\/wp\/v2\/product_cat?post=250805"},{"taxonomy":"product_tag","embeddable":true,"href":"https:\/\/www.moskito.cz\/sk\/wp-json\/wp\/v2\/product_tag?post=250805"}],"curies":[{"name":"wp","href":"https:\/\/api.w.org\/{rel}","templated":true}]}}