{"id":250820,"date":"2023-06-11T20:58:44","date_gmt":"2023-06-11T19:58:44","guid":{"rendered":"https:\/\/www.moskito.cz\/produkt\/zatvaraci-noz-spyderco-native-5-lightweight-black-c41pbk5\/"},"modified":"2023-06-11T20:58:44","modified_gmt":"2023-06-11T19:58:44","slug":"zatvaraci-noz-spyderco-native-5-lightweight-black-c41pbk5","status":"publish","type":"product","link":"https:\/\/www.moskito.cz\/sk\/produkt\/zatvaraci-noz-spyderco-native-5-lightweight-black-c41pbk5\/","title":{"rendered":"Zatv\u00e1rac\u00ed N\u00f4\u017e Spyderco Native 5 Lightweight Black C41PBK5"},"content":{"rendered":"<p>Zatv\u00e1rac\u00ed N\u00f4\u017e Spyderco Native 5 Lightweight Black C41PBK5<\/p>\n<p>Native 5 Lightweight je jedn\u00fdm z najlep\u0161\u00edch designov Spyderco v\u0161etk\u00fdch \u010dias, teraz je e\u0161te lep\u0161\u00ed v\u010faka \u013eahk\u00fdm rukov\u00e4tiam FRN a pr\u00e9miovej ocele S30V. T\u00e1to super oce\u013e, vytvoren\u00e1 procesom Crucible Particle Metallurgy (CPM), pon\u00faka vy\u0161\u0161\u00ed v\u00fdkon ako tradi\u010dne vyr\u00e1ban\u00e9 ocele.<\/p>\n<p>Listov\u00e1 \u010depe\u013e Native 5 sa vyzna\u010duje plne ploch\u00fdm br\u00fasen\u00edm (mnoh\u00ed preferovan\u00e9 pre jeho v\u00fdkon pri kr\u00e1jan\u00ed) a swedge po celej d\u013a\u017eke, ktor\u00fd pom\u00e1ha pri efektivite rezania zn\u00ed\u017een\u00edm odporu po\u010das pou\u017e\u00edvania. \u013dahko sa otv\u00e1ra v\u010faka okr\u00fahlemu otvoru Spyderco s ochrannou zn\u00e1mkou a siln\u00fd zadn\u00fd z\u00e1mok ho udr\u017euje v bezpe\u010d\u00ed po\u010das pou\u017e\u00edvania.<\/p>\n<p>Aby bolo zaisten\u00e9 \u013eahk\u00e9 pren\u00e1\u0161anie tohto vynikaj\u00faceho no\u017ea EDC, Spyderco vybavilo Native 5 \u013eahk\u00fdmi a pevn\u00fdmi rukov\u00e4\u0165ami FRN. Obojsmern\u00e9 text\u00farovanie poskytuje v\u0161etku pri\u013enavos\u0165, ktor\u00fa potrebujete, a to aj vo vlhkom alebo \u0161pinavom prostred\u00ed. V\u010faka impingu a integrovan\u00e9mu prstov\u00e9mu choilu, ktor\u00fd predl\u017euje pou\u017eite\u013en\u00fa d\u013a\u017eku rukov\u00e4te, m\u00f4\u017ee pou\u017e\u00edvate\u013e pri\u0161krti\u0165 \u010depe\u013e pre jemn\u00e9 ovl\u00e1danie ostr\u00e9ho bodu Native. Tento \u013eahk\u00fd Spyderco Native 5 dop\u013a\u0148a \u0161tvorpolohov\u00e1 spona z nerezovej ocele, ktor\u00e1 umo\u017e\u0148uje mnoho mo\u017enost\u00ed nosenia.<\/p>\n<p>\u0160pecifik\u00e1cia<br \/>\nD\u013a\u017eka \u010depele: 7.5 cm<br \/>\nD\u013a\u017eka v zatvorenom stave: 10 cm<br \/>\nCelkov\u00e1 d\u013a\u017eka: 17.5 cm&#8220;<br \/>\nOce\u013e: CPM-S30V<br \/>\nHmotnos\u0165: 2,45 oz.<br \/>\nVyroben\u00e9 v Golden, Colorado, USA<\/p>\n","protected":false},"excerpt":{"rendered":"<p>Native 5 Lightweight je jedn\u00fdm z najlep\u0161\u00edch designov Spyderco v\u0161etk\u00fdch \u010dias, teraz je e\u0161te lep\u0161\u00ed v\u010faka \u013eahk\u00fdm rukov\u00e4tiam FRN a pr\u00e9miovej ocele S30V.<\/p>\n","protected":false},"featured_media":250809,"comment_status":"open","ping_status":"closed","template":"","meta":[],"pwb-brand":[3261],"product_brand":[],"product_cat":[3233,3186],"product_tag":[3668],"class_list":{"0":"post-250820","1":"product","2":"type-product","3":"status-publish","4":"has-post-thumbnail","6":"pwb-brand-zatvaraci-noz-spyderco-endura-flat-ground-gray-frn-c10fpgy","7":"product_cat-zatvaracie-noze","8":"product_cat-noze-sk","9":"product_tag-b2b-sk","11":"first","12":"outofstock","13":"sale","14":"taxable","15":"shipping-taxable","16":"purchasable","17":"product-type-simple"},"brands":[{"id":3261,"name":"Zatv\u00e1rac\u00ed N\u00f4\u017e Spyderco Endura Flat Ground Gray FRN C10FPGY","slug":"zatvaraci-noz-spyderco-endura-flat-ground-gray-frn-c10fpgy"}],"_links":{"self":[{"href":"https:\/\/www.moskito.cz\/sk\/wp-json\/wp\/v2\/product\/250820","targetHints":{"allow":["GET"]}}],"collection":[{"href":"https:\/\/www.moskito.cz\/sk\/wp-json\/wp\/v2\/product"}],"about":[{"href":"https:\/\/www.moskito.cz\/sk\/wp-json\/wp\/v2\/types\/product"}],"replies":[{"embeddable":true,"href":"https:\/\/www.moskito.cz\/sk\/wp-json\/wp\/v2\/comments?post=250820"}],"wp:featuredmedia":[{"embeddable":true,"href":"https:\/\/www.moskito.cz\/sk\/wp-json\/wp\/v2\/media\/250809"}],"wp:attachment":[{"href":"https:\/\/www.moskito.cz\/sk\/wp-json\/wp\/v2\/media?parent=250820"}],"wp:term":[{"taxonomy":"pwb-brand","embeddable":true,"href":"https:\/\/www.moskito.cz\/sk\/wp-json\/wp\/v2\/pwb-brand?post=250820"},{"taxonomy":"product_brand","embeddable":true,"href":"https:\/\/www.moskito.cz\/sk\/wp-json\/wp\/v2\/product_brand?post=250820"},{"taxonomy":"product_cat","embeddable":true,"href":"https:\/\/www.moskito.cz\/sk\/wp-json\/wp\/v2\/product_cat?post=250820"},{"taxonomy":"product_tag","embeddable":true,"href":"https:\/\/www.moskito.cz\/sk\/wp-json\/wp\/v2\/product_tag?post=250820"}],"curies":[{"name":"wp","href":"https:\/\/api.w.org\/{rel}","templated":true}]}}