{"id":250835,"date":"2023-06-11T21:12:01","date_gmt":"2023-06-11T20:12:01","guid":{"rendered":"https:\/\/www.moskito.cz\/produkt\/zatvaraci-noz-spyderco-assist-rescue-orange-c79psor\/"},"modified":"2024-03-20T11:33:50","modified_gmt":"2024-03-20T10:33:50","slug":"zatvaraci-noz-spyderco-assist-rescue-orange-c79psor","status":"publish","type":"product","link":"https:\/\/www.moskito.cz\/sk\/produkt\/zatvaraci-noz-spyderco-assist-rescue-orange-c79psor\/","title":{"rendered":"Zatv\u00e1rac\u00ed N\u00f4\u017e Spyderco Assist Rescue Orange C79PSOR"},"content":{"rendered":"<p>Zatv\u00e1rac\u00ed N\u00f4\u017e <strong>Spyderco<\/strong> Assist Rescue Orange C79PSOR<\/p>\n<p><strong>Spyderco<\/strong> pomenovalo tento n\u00f4\u017e pod\u013ea jeho hlavnej pracovnej funkcie, Assist. Assist bol navrhnut\u00fd pre pohotovostn\u00fdch\/po\u017eiarnych\/z\u00e1chran\u00e1rskych profesion\u00e1lov (a pre dobre vybaven\u00fdch civilistov), \u200b\u200bktor\u00ed sa spoliehaj\u00fa na to, \u017ee ich no\u017ee bud\u00fa fungova\u0165 bezchybne pod tlakom. Aj napriek 25-ro\u010dnej sk\u00fasenosti s v\u00fdrobou z\u00e1chrann\u00fdch no\u017eov Spyderco st\u00e1le pon\u00faka nov\u00e9 high-tech funkcie a model Assist predstavuje to najnov\u0161ie a najlep\u0161ie v tomto \u017e\u00e1nri no\u017eov.<\/p>\n<p>Patentovan\u00e1 \u010depe\u013e VG-10 s tupou \u0161pi\u010dkou je zubat\u00e1 osemdesiatpercentn\u00e1 SpyderEdged pre agres\u00edvne rezanie bezpe\u010dnostn\u00fdch p\u00e1sov a vl\u00e1knit\u00e9ho materi\u00e1lu. Posledn\u00fd palec hrotu sme nechali PlainEdge na detailn\u00e9 rezanie (mysl\u00edm na orez\u00e1vanie ceruziek). Cobra Hood, posaden\u00e1 nad okr\u00fahlym otvorom, umiestni palec priamo nad otvor na r\u00fdchle nasadenie \u010depele, potom sl\u00fa\u017ei ako p\u00e1kov\u00e1 platforma pre palec. Vlnit\u00fd vzor vyrezan\u00fd z hornej \u010dasti \u010depele (vytvoren\u00fd hasi\u010dom zo \u0160v\u00e9dska) a pozd\u013a\u017e vn\u00fatornej strany rukov\u00e4te umo\u017e\u0148uje umiestni\u0165 kus povrazu (medzi pootvorenou \u010depe\u013eou a rukov\u00e4\u0165ou) a no\u017enice uzavrie\u0165 &#8211; obzvl\u00e1\u0161\u0165 pohodln\u00e9 pre rezanie lana do m\u00e4sa a okolo neho bez nutnosti \u00fapln\u00e9ho otvorenia\/odkrytia no\u017ee. Bezpe\u010dnostn\u00e1 oran\u017eov\u00e1 rukov\u00e4\u0165 FRN je tvarovan\u00fdm z\u00e1zrakom obojsmern\u00fdch text\u00farovan\u00fdch kont\u00far a vydut\u00ed, ktor\u00e9 sa ergonomicky obop\u00ednaj\u00fa okolo va\u0161ej dlane. V zatvorenej polohe zatla\u010dte \u010depe\u013e hlb\u0161ie do rukov\u00e4te a zo z\u00e1kladne vy\u010dnieva zas\u00favac\u00ed karbidov\u00fd hrot na rozb\u00edjanie skla. V kontrastnej \u010diernej farbe na chrbte rukov\u00e4te je prenikav\u00e1 a pozornos\u0165 prip\u00fatan\u00e1 p\u00ed\u0161\u0165alka na pre\u017eitie. Pren\u00e1\u0161a sa \u013eavou\/pravou rukou, skl\u00e1panie pomocou spony nap\u00ednacieho dr\u00f4tu.<\/p>\n<p>\u0160pecifik\u00e1cia<br \/>\nD\u013a\u017eka \u010depele: 9.4 cm<br \/>\nRezn\u00e1 hrana: 8.1 cm<br \/>\nHr\u00fabka \u010depele: 0.3 cm<br \/>\nCelkov\u00e1 d\u013a\u017eka: 21.3 cm<br \/>\nD\u013a\u017eka v zatvorenom stave: 12.4 cm<br \/>\nOce\u013e \u010depele: VG-10<br \/>\nHmotnos\u0165: 4 oz. (115 g)<br \/>\nMateri\u00e1l rukov\u00e4te: oran\u017eov\u00e1 FRN<br \/>\nVyroben\u00e9 v Seki-City, Japonsko<\/p>\n","protected":false},"excerpt":{"rendered":"<p><strong>Spyderco pomenovalo tento n\u00f4\u017e pod\u013ea jeho hlavnej pracovnej funkcie, Assist.<\/strong><\/p>\n","protected":false},"featured_media":250824,"comment_status":"open","ping_status":"closed","template":"","meta":[],"pwb-brand":[3261],"product_brand":[],"product_cat":[3233,3186],"product_tag":[3668],"class_list":{"0":"post-250835","1":"product","2":"type-product","3":"status-publish","4":"has-post-thumbnail","6":"pwb-brand-zatvaraci-noz-spyderco-endura-flat-ground-gray-frn-c10fpgy","7":"product_cat-zatvaracie-noze","8":"product_cat-noze-sk","9":"product_tag-b2b-sk","11":"first","12":"outofstock","13":"taxable","14":"shipping-taxable","15":"purchasable","16":"product-type-simple"},"brands":[{"id":3261,"name":"Zatv\u00e1rac\u00ed N\u00f4\u017e Spyderco Endura Flat Ground Gray FRN C10FPGY","slug":"zatvaraci-noz-spyderco-endura-flat-ground-gray-frn-c10fpgy"}],"_links":{"self":[{"href":"https:\/\/www.moskito.cz\/sk\/wp-json\/wp\/v2\/product\/250835","targetHints":{"allow":["GET"]}}],"collection":[{"href":"https:\/\/www.moskito.cz\/sk\/wp-json\/wp\/v2\/product"}],"about":[{"href":"https:\/\/www.moskito.cz\/sk\/wp-json\/wp\/v2\/types\/product"}],"replies":[{"embeddable":true,"href":"https:\/\/www.moskito.cz\/sk\/wp-json\/wp\/v2\/comments?post=250835"}],"wp:featuredmedia":[{"embeddable":true,"href":"https:\/\/www.moskito.cz\/sk\/wp-json\/wp\/v2\/media\/250824"}],"wp:attachment":[{"href":"https:\/\/www.moskito.cz\/sk\/wp-json\/wp\/v2\/media?parent=250835"}],"wp:term":[{"taxonomy":"pwb-brand","embeddable":true,"href":"https:\/\/www.moskito.cz\/sk\/wp-json\/wp\/v2\/pwb-brand?post=250835"},{"taxonomy":"product_brand","embeddable":true,"href":"https:\/\/www.moskito.cz\/sk\/wp-json\/wp\/v2\/product_brand?post=250835"},{"taxonomy":"product_cat","embeddable":true,"href":"https:\/\/www.moskito.cz\/sk\/wp-json\/wp\/v2\/product_cat?post=250835"},{"taxonomy":"product_tag","embeddable":true,"href":"https:\/\/www.moskito.cz\/sk\/wp-json\/wp\/v2\/product_tag?post=250835"}],"curies":[{"name":"wp","href":"https:\/\/api.w.org\/{rel}","templated":true}]}}