{"id":250865,"date":"2023-06-11T21:52:11","date_gmt":"2023-06-11T20:52:11","guid":{"rendered":"https:\/\/www.moskito.cz\/produkt\/zatvaraci-noz-spyderco-rescue-orange-c45sor\/"},"modified":"2025-05-07T10:51:28","modified_gmt":"2025-05-07T09:51:28","slug":"zatvaraci-noz-spyderco-rescue-orange-c45sor","status":"publish","type":"product","link":"https:\/\/www.moskito.cz\/sk\/produkt\/zatvaraci-noz-spyderco-rescue-orange-c45sor\/","title":{"rendered":"Zatv\u00e1rac\u00ed N\u00f4\u017e Spyderco Rescue Orange C45SOR"},"content":{"rendered":"<p>Zatv\u00e1rac\u00ed N\u00f4\u017e Spyderco Rescue Orange C45SOR<\/p>\n<p>D\u00f4vody, pre\u010do Spyderco pon\u00faka men\u0161ie no\u017ee, s\u00fa po\u010detn\u00e9, ale ruky \u013eud\u00ed maj\u00fa v podstate r\u00f4zne ve\u013ekosti a ob\u010das sa ocit\u00e1me v soci\u00e1lnych situ\u00e1ci\u00e1ch, ktor\u00e9 vy\u017eaduj\u00fa pou\u017eitie men\u0161ej \u010depele. Mnoh\u00ed si myslia, \u017ee men\u0161ie verzie rovnak\u00e9ho modelu s\u00fa jednoducho zmen\u0161en\u00e9. Nie je tak. Aby ka\u017ed\u00fd dizajn dosiahol maxim\u00e1lnu \u00farove\u0148 ergonomick\u00e9ho pohodlia a maxim\u00e1lneho v\u00fdkonu, \u010dasto berieme funkcie a upravujeme ich do men\u0161ieho vzoru. Pr\u00edkladom je na\u0161a 79mm verzia Rescue Model.<\/p>\n<p>Men\u0161\u00ed ekvivalent C14 93mm Rescue, m\u00e1 tie\u017e ploch\u00fa \u010depe\u013e SpyderEdge VG-10 s br\u00fasenou \u010depe\u013eou, ktor\u00e1 je zakon\u010den\u00e1 bezpe\u010dnostnou \u0161pi\u010dkou. Pre hlad\u0161ie ot\u00e1\u010danie palca sme zv\u00e4\u010d\u0161ili okr\u00fahly otvor Spyderco Trademark, ktor\u00fd zasa vytv\u00e1ra v\u00fdrazn\u00fd hrb, na ktor\u00fd sa palec pri rezan\u00ed umiestni. Rukov\u00e4\u0165 s text\u00farou vafle FRN je k dispoz\u00edcii s obojstrannou vykl\u00e1pacou vreckovou sponou.<\/p>\n<p>\u0160pecifik\u00e1cia<br \/>\nD\u013a\u017eka \u010depele: 7.9 cm<br \/>\nHr\u00fabka \u010depele: 0.3 cm<br \/>\nCelkov\u00e1 d\u013a\u017eka: 18.1 cm<br \/>\nZatvoren\u00e1 d\u013a\u017eka: 10.4 cm<br \/>\nOce\u013e \u010depele: VG-10<br \/>\nHmotnos\u0165: 2,25 oz. (64 g)<br \/>\nMateri\u00e1l rukov\u00e4te: oran\u017eov\u00e1 FRN<br \/>\nVyroben\u00e9 v Japonsku<\/p>\n","protected":false},"excerpt":{"rendered":"<p>Men\u0161\u00ed ekvivalent C14 93mm Rescue, m\u00e1 tie\u017e ploch\u00fa \u010depe\u013e SpyderEdge VG-10 s br\u00fasenou \u010depe\u013eou.<\/p>\n","protected":false},"featured_media":250854,"comment_status":"open","ping_status":"closed","template":"","meta":[],"pwb-brand":[3261],"product_brand":[],"product_cat":[3233,3186],"product_tag":[3668],"class_list":{"0":"post-250865","1":"product","2":"type-product","3":"status-publish","4":"has-post-thumbnail","6":"pwb-brand-zatvaraci-noz-spyderco-endura-flat-ground-gray-frn-c10fpgy","7":"product_cat-zatvaracie-noze","8":"product_cat-noze-sk","9":"product_tag-b2b-sk","11":"first","12":"instock","13":"sale","14":"taxable","15":"shipping-taxable","16":"purchasable","17":"product-type-simple"},"brands":[{"id":3261,"name":"Zatv\u00e1rac\u00ed N\u00f4\u017e Spyderco Endura Flat Ground Gray FRN C10FPGY","slug":"zatvaraci-noz-spyderco-endura-flat-ground-gray-frn-c10fpgy"}],"_links":{"self":[{"href":"https:\/\/www.moskito.cz\/sk\/wp-json\/wp\/v2\/product\/250865","targetHints":{"allow":["GET"]}}],"collection":[{"href":"https:\/\/www.moskito.cz\/sk\/wp-json\/wp\/v2\/product"}],"about":[{"href":"https:\/\/www.moskito.cz\/sk\/wp-json\/wp\/v2\/types\/product"}],"replies":[{"embeddable":true,"href":"https:\/\/www.moskito.cz\/sk\/wp-json\/wp\/v2\/comments?post=250865"}],"wp:featuredmedia":[{"embeddable":true,"href":"https:\/\/www.moskito.cz\/sk\/wp-json\/wp\/v2\/media\/250854"}],"wp:attachment":[{"href":"https:\/\/www.moskito.cz\/sk\/wp-json\/wp\/v2\/media?parent=250865"}],"wp:term":[{"taxonomy":"pwb-brand","embeddable":true,"href":"https:\/\/www.moskito.cz\/sk\/wp-json\/wp\/v2\/pwb-brand?post=250865"},{"taxonomy":"product_brand","embeddable":true,"href":"https:\/\/www.moskito.cz\/sk\/wp-json\/wp\/v2\/product_brand?post=250865"},{"taxonomy":"product_cat","embeddable":true,"href":"https:\/\/www.moskito.cz\/sk\/wp-json\/wp\/v2\/product_cat?post=250865"},{"taxonomy":"product_tag","embeddable":true,"href":"https:\/\/www.moskito.cz\/sk\/wp-json\/wp\/v2\/product_tag?post=250865"}],"curies":[{"name":"wp","href":"https:\/\/api.w.org\/{rel}","templated":true}]}}