{"id":251052,"date":"2023-06-26T19:48:58","date_gmt":"2023-06-26T18:48:58","guid":{"rendered":"https:\/\/www.moskito.cz\/produkt\/zatvaraci-noz-spyderco-matriarch2-c12sbk2\/"},"modified":"2023-11-20T17:33:59","modified_gmt":"2023-11-20T16:33:59","slug":"zatvaraci-noz-spyderco-matriarch2-c12sbk2","status":"publish","type":"product","link":"https:\/\/www.moskito.cz\/sk\/produkt\/zatvaraci-noz-spyderco-matriarch2-c12sbk2\/","title":{"rendered":"Zatv\u00e1rac\u00ed N\u00f4\u017e Spyderco Matriarch2 C12SBK2"},"content":{"rendered":"<p>Matriarch 2 taktie\u017e pon\u00faka bezkonkuren\u010dn\u00fa v\u0161estrannos\u0165 s oh\u013eadom na mo\u017enosti pren\u00e1\u0161ania. Jeho \u0161tvorpolohov\u00e1 spona na pres\u00fdpacie hodiny je nastavite\u013en\u00e1 na nosenie so sklopen\u00edm v\u013eavo alebo vpravo. Spolu so z\u00e1mkom a otvorom pre \u010depe\u013e rob\u00ed t\u00e1to funkcia Matriarch 2 \u00faplne obojstrann\u00fd a ide\u00e1lnou vo\u013ebou pre \u013eav\u00e1kov alebo ozbrojen\u00fdch profesion\u00e1lov, ktor\u00ed preferuj\u00fa nosenie no\u017eov na strane podpory.<\/p>\n<p>Matriarch 2 kombinuje jedine\u010dn\u00e9 dedi\u010dstvo rodiny Spyderco Civilian s osved\u010den\u00fdmi kon\u0161truk\u010dn\u00fdmi prvkami a ekonomickou kon\u0161trukciou najpred\u00e1vanej\u0161ej Endura 4. V\u00fdsledkom je n\u00f4\u017e, ktor\u00fd pon\u00faka siln\u00fd rezn\u00fd v\u00fdkon v praktickom form\u00e1te na ka\u017edodenn\u00e9 nosenie.<\/p>\n<p>\u0160pecifik\u00e1cia<br \/>\nD\u013a\u017eka \u010depele: 9.2 cm<br \/>\nRezn\u00e1 hrana: 8.3 cm<br \/>\nHr\u00fabka \u010depele: 0.3 cm<br \/>\nCelkov\u00e1 d\u013a\u017eka: 21.1 cm<br \/>\nD\u013a\u017eka \u010depele: 12.4 cm<br \/>\nOce\u013e \u010depele: VG-10<br \/>\nHmotnos\u0165: 3,6 oz. (104 g)<br \/>\nMateri\u00e1l rukov\u00e4te: \u010dierna FRN<br \/>\nVyroben\u00e9 v Seki-City, Japonsko<\/p>\n","protected":false},"excerpt":{"rendered":"<p>Matriarch 2 je jedn\u00fdm z najstar\u0161\u00edch a naj\u00fanik\u00e1tnej\u0161\u00edch n\u00e1vrhov Spyderca.<\/p>\n","protected":false},"featured_media":251041,"comment_status":"open","ping_status":"closed","template":"","meta":[],"pwb-brand":[3261],"product_brand":[],"product_cat":[3233,3186],"product_tag":[3668],"class_list":{"0":"post-251052","1":"product","2":"type-product","3":"status-publish","4":"has-post-thumbnail","6":"pwb-brand-zatvaraci-noz-spyderco-endura-flat-ground-gray-frn-c10fpgy","7":"product_cat-zatvaracie-noze","8":"product_cat-noze-sk","9":"product_tag-b2b-sk","11":"first","12":"instock","13":"taxable","14":"shipping-taxable","15":"purchasable","16":"product-type-simple"},"brands":[{"id":3261,"name":"Zatv\u00e1rac\u00ed N\u00f4\u017e Spyderco Endura Flat Ground Gray FRN C10FPGY","slug":"zatvaraci-noz-spyderco-endura-flat-ground-gray-frn-c10fpgy"}],"_links":{"self":[{"href":"https:\/\/www.moskito.cz\/sk\/wp-json\/wp\/v2\/product\/251052","targetHints":{"allow":["GET"]}}],"collection":[{"href":"https:\/\/www.moskito.cz\/sk\/wp-json\/wp\/v2\/product"}],"about":[{"href":"https:\/\/www.moskito.cz\/sk\/wp-json\/wp\/v2\/types\/product"}],"replies":[{"embeddable":true,"href":"https:\/\/www.moskito.cz\/sk\/wp-json\/wp\/v2\/comments?post=251052"}],"wp:featuredmedia":[{"embeddable":true,"href":"https:\/\/www.moskito.cz\/sk\/wp-json\/wp\/v2\/media\/251041"}],"wp:attachment":[{"href":"https:\/\/www.moskito.cz\/sk\/wp-json\/wp\/v2\/media?parent=251052"}],"wp:term":[{"taxonomy":"pwb-brand","embeddable":true,"href":"https:\/\/www.moskito.cz\/sk\/wp-json\/wp\/v2\/pwb-brand?post=251052"},{"taxonomy":"product_brand","embeddable":true,"href":"https:\/\/www.moskito.cz\/sk\/wp-json\/wp\/v2\/product_brand?post=251052"},{"taxonomy":"product_cat","embeddable":true,"href":"https:\/\/www.moskito.cz\/sk\/wp-json\/wp\/v2\/product_cat?post=251052"},{"taxonomy":"product_tag","embeddable":true,"href":"https:\/\/www.moskito.cz\/sk\/wp-json\/wp\/v2\/product_tag?post=251052"}],"curies":[{"name":"wp","href":"https:\/\/api.w.org\/{rel}","templated":true}]}}