{"id":251070,"date":"2023-06-26T20:12:30","date_gmt":"2023-06-26T19:12:30","guid":{"rendered":"https:\/\/www.moskito.cz\/produkt\/zatvaraci-noz-spyderco-rescue-3-lightweight-thin-blue-line-c14fsbkbl3\/"},"modified":"2025-05-07T10:51:28","modified_gmt":"2025-05-07T09:51:28","slug":"zatvaraci-noz-spyderco-rescue-3-lightweight-thin-blue-line-c14fsbkbl3","status":"publish","type":"product","link":"https:\/\/www.moskito.cz\/sk\/produkt\/zatvaraci-noz-spyderco-rescue-3-lightweight-thin-blue-line-c14fsbkbl3\/","title":{"rendered":"Zatv\u00e1rac\u00ed N\u00f4\u017e Spyderco Rescue 3 Lightweight Thin Blue Line C14FSBKBL3"},"content":{"rendered":"<p>Okrem svojej jedine\u010dnosti no\u017ea \u201eThin Blue Line\u201c tie\u017e prospievaj\u00fa dobr\u00e9 veci. \u010cas\u0165 v\u0161etk\u00fdch predajov t\u00fdchto no\u017eov bude venovan\u00e1 nad\u00e1cii Tunnel to Towers Foundation, ktor\u00e1 11. septembra 2001 oce\u0148uje obe\u0165 hasi\u010da Stephena Sillera spo\u010d\u00edvaj\u00facu v polo\u017een\u00ed \u017eivota za z\u00e1chranu ostatn\u00fdch. Tunnel to Towers prev\u00e1dzkuje nieko\u013eko charitat\u00edvnych programov, ktor\u00e9 podporuj\u00fa prv\u00e9<br \/>\nzasahuj\u00faci vojensk\u00fd person\u00e1l, ktor\u00fd pre na\u0161u krajinu priniesol najvy\u0161\u0161iu obe\u0165 \u017eivota a zdravia.<\/p>\n<p>\u0160pecifik\u00e1cia<br \/>\nD\u013a\u017eka \u010depele: 9.1 cm<br \/>\nD\u013a\u017eka v zatvorenom stave: 12 cm<br \/>\nCelkov\u00e1 d\u013a\u017eka: 21 cm<br \/>\nRezn\u00e1 hrana: 8.1 cm<br \/>\nHr\u00fabka \u010depele: 0.3 cm<br \/>\nMateri\u00e1l \u010depele: Nerezov\u00e1 oce\u013e VG-10<br \/>\n\u0160t\u00fdl \u010depele: Sheepfoot<br \/>\nBr\u00fasenie \u010depele: Plne ploch\u00e9<br \/>\nPovrchov\u00e1 \u00faprava \u010depele: sat\u00e9n<br \/>\nOstrie \u010depele: Vr\u00fabkovan\u00e9<br \/>\nMateri\u00e1l rukov\u00e4te: FRN<br \/>\nFarba rukov\u00e4te: \u010cierna<br \/>\nUzamykac\u00ed mechanizmus: Lockback<br \/>\nVreckov\u00e1 spona: Nerezov\u00e1 oce\u013e (Tip-Up\/Down, Right\/Left carry)<br \/>\n\u010c\u00edslo modelu: C14FSBKBL3<br \/>\nN\u00e1zov modelu: Rescue 3 Lightweight Thin Blue Line<br \/>\nHmotnos\u0165: 3,39 oz. (96 g)<br \/>\nTenk\u00e1 modr\u00e1 l\u00ednia FRN Backspacer<br \/>\nVyroben\u00e9 v Japonsku<\/p>\n","protected":false},"excerpt":{"rendered":"<p>Na po\u010des\u0165 slu\u017eby a obete na\u0161ich n\u00e1rodn\u00fdch policajtov vytvorila spolo\u010dnos\u0165 Spyderco s\u00e9riu \u201eThin Blue Line\u201c<\/p>\n","protected":false},"featured_media":251056,"comment_status":"open","ping_status":"closed","template":"","meta":[],"pwb-brand":[3261],"product_brand":[],"product_cat":[3186,3233],"product_tag":[3668],"class_list":{"0":"post-251070","1":"product","2":"type-product","3":"status-publish","4":"has-post-thumbnail","6":"pwb-brand-zatvaraci-noz-spyderco-endura-flat-ground-gray-frn-c10fpgy","7":"product_cat-noze-sk","8":"product_cat-zatvaracie-noze","9":"product_tag-b2b-sk","11":"first","12":"instock","13":"taxable","14":"shipping-taxable","15":"purchasable","16":"product-type-simple"},"brands":[{"id":3261,"name":"Zatv\u00e1rac\u00ed N\u00f4\u017e Spyderco Endura Flat Ground Gray FRN C10FPGY","slug":"zatvaraci-noz-spyderco-endura-flat-ground-gray-frn-c10fpgy"}],"_links":{"self":[{"href":"https:\/\/www.moskito.cz\/sk\/wp-json\/wp\/v2\/product\/251070","targetHints":{"allow":["GET"]}}],"collection":[{"href":"https:\/\/www.moskito.cz\/sk\/wp-json\/wp\/v2\/product"}],"about":[{"href":"https:\/\/www.moskito.cz\/sk\/wp-json\/wp\/v2\/types\/product"}],"replies":[{"embeddable":true,"href":"https:\/\/www.moskito.cz\/sk\/wp-json\/wp\/v2\/comments?post=251070"}],"wp:featuredmedia":[{"embeddable":true,"href":"https:\/\/www.moskito.cz\/sk\/wp-json\/wp\/v2\/media\/251056"}],"wp:attachment":[{"href":"https:\/\/www.moskito.cz\/sk\/wp-json\/wp\/v2\/media?parent=251070"}],"wp:term":[{"taxonomy":"pwb-brand","embeddable":true,"href":"https:\/\/www.moskito.cz\/sk\/wp-json\/wp\/v2\/pwb-brand?post=251070"},{"taxonomy":"product_brand","embeddable":true,"href":"https:\/\/www.moskito.cz\/sk\/wp-json\/wp\/v2\/product_brand?post=251070"},{"taxonomy":"product_cat","embeddable":true,"href":"https:\/\/www.moskito.cz\/sk\/wp-json\/wp\/v2\/product_cat?post=251070"},{"taxonomy":"product_tag","embeddable":true,"href":"https:\/\/www.moskito.cz\/sk\/wp-json\/wp\/v2\/product_tag?post=251070"}],"curies":[{"name":"wp","href":"https:\/\/api.w.org\/{rel}","templated":true}]}}