{"id":251097,"date":"2023-06-26T20:42:42","date_gmt":"2023-06-26T19:42:42","guid":{"rendered":"https:\/\/www.moskito.cz\/produkt\/zatvaraci-noz-spyderco-delica-4-c11s\/"},"modified":"2025-05-07T10:51:29","modified_gmt":"2025-05-07T09:51:29","slug":"zatvaraci-noz-spyderco-delica-4-c11s","status":"publish","type":"product","link":"https:\/\/www.moskito.cz\/sk\/produkt\/zatvaraci-noz-spyderco-delica-4-c11s\/","title":{"rendered":"Zatv\u00e1rac\u00ed N\u00f4\u017e Spyderco Delica 4 C11S"},"content":{"rendered":"<p>Zatv\u00e1rac\u00ed N\u00f4\u017e Spyderco Delica 4 C11S<\/p>\n<p>Delica 4 z nerezovej ocele napln\u00ed va\u0161u dla\u0148 oce\u013eou, napriek tomu nep\u00f4sob\u00ed \u0165a\u017eko ani nemotorne. N\u00f4\u017e Zd\u00e1 sa, \u017ee Knutovia, ktor\u00ed d\u00e1vaj\u00fa prednos\u0165 nie\u010domu \u0165a\u017e\u0161iemu a robustnej\u0161iemu, tiahnu k no\u017eom s oce\u013eovou rukov\u00e4\u0165ou. Preto\u017ee je povrch rukov\u00e4te ploch\u00fd a hladk\u00fd, pon\u00faka ide\u00e1lnu paletu na grav\u00edrovanie alebo personaliz\u00e1ciu v\u00e1\u0161ho no\u017ea.<\/p>\n<p>Ako s\u00fa\u010das\u0165 filozofie CQI&#8216; (Constant Quality Improvement) spolo\u010dnosti Spyderco teraz C11 SS pon\u00faka vylep\u0161en\u00fa ergon\u00f3miu, pridan\u00fa k chrbtu \u010depele je proti\u0161mykov\u00fd proti\u0161mykov\u00fd p\u00e1s, v\u00e4\u010d\u0161\u00ed otvor pre palec, silnej\u0161\u00ed hrub\u0161\u00ed hrot a \u0161tvorcestn\u00fd dizajn klipu (P\/L reverzn\u00fd ). \u010cepe\u013e br\u00fasen\u00e1 \u0161ab\u013eou bola upgradovan\u00e1 na nerezov\u00fa oce\u013e VG10.<\/p>\n<p>\u0160pecifik\u00e1cia<br \/>\nD\u013a\u017eka \u010depele: 7.3 cm<br \/>\nHr\u00fabka \u010depele: 0.25 cm<br \/>\nCelkov\u00e1 d\u013a\u017eka: 18.1 cm<br \/>\nZatvoren\u00e1 d\u013a\u017eka: 10.8 cm<br \/>\nMateri\u00e1l \u010depele: VG10 Nerezov\u00e1 oce\u013e<br \/>\nBr\u00fasenie \u010depele: \u0160able<br \/>\nHmotnos\u0165: 4 oz. (114 g)<br \/>\nMateri\u00e1l rukov\u00e4te: Nerezov\u00e1 oce\u013e<br \/>\nVyroben\u00e9 v Seki-City, Japonsko<\/p>\n","protected":false},"excerpt":{"rendered":"<p>Delica 4 z nerezovej ocele napln\u00ed va\u0161u dla\u0148 oce\u013eou, napriek tomu nep\u00f4sob\u00ed \u0165a\u017eko ani nemotorne.<\/p>\n","protected":false},"featured_media":251089,"comment_status":"open","ping_status":"closed","template":"","meta":[],"pwb-brand":[3261],"product_brand":[],"product_cat":[3233,3186],"product_tag":[3668],"class_list":{"0":"post-251097","1":"product","2":"type-product","3":"status-publish","4":"has-post-thumbnail","6":"pwb-brand-zatvaraci-noz-spyderco-endura-flat-ground-gray-frn-c10fpgy","7":"product_cat-zatvaracie-noze","8":"product_cat-noze-sk","9":"product_tag-b2b-sk","11":"first","12":"instock","13":"taxable","14":"shipping-taxable","15":"purchasable","16":"product-type-simple"},"brands":[{"id":3261,"name":"Zatv\u00e1rac\u00ed N\u00f4\u017e Spyderco Endura Flat Ground Gray FRN C10FPGY","slug":"zatvaraci-noz-spyderco-endura-flat-ground-gray-frn-c10fpgy"}],"_links":{"self":[{"href":"https:\/\/www.moskito.cz\/sk\/wp-json\/wp\/v2\/product\/251097","targetHints":{"allow":["GET"]}}],"collection":[{"href":"https:\/\/www.moskito.cz\/sk\/wp-json\/wp\/v2\/product"}],"about":[{"href":"https:\/\/www.moskito.cz\/sk\/wp-json\/wp\/v2\/types\/product"}],"replies":[{"embeddable":true,"href":"https:\/\/www.moskito.cz\/sk\/wp-json\/wp\/v2\/comments?post=251097"}],"wp:featuredmedia":[{"embeddable":true,"href":"https:\/\/www.moskito.cz\/sk\/wp-json\/wp\/v2\/media\/251089"}],"wp:attachment":[{"href":"https:\/\/www.moskito.cz\/sk\/wp-json\/wp\/v2\/media?parent=251097"}],"wp:term":[{"taxonomy":"pwb-brand","embeddable":true,"href":"https:\/\/www.moskito.cz\/sk\/wp-json\/wp\/v2\/pwb-brand?post=251097"},{"taxonomy":"product_brand","embeddable":true,"href":"https:\/\/www.moskito.cz\/sk\/wp-json\/wp\/v2\/product_brand?post=251097"},{"taxonomy":"product_cat","embeddable":true,"href":"https:\/\/www.moskito.cz\/sk\/wp-json\/wp\/v2\/product_cat?post=251097"},{"taxonomy":"product_tag","embeddable":true,"href":"https:\/\/www.moskito.cz\/sk\/wp-json\/wp\/v2\/product_tag?post=251097"}],"curies":[{"name":"wp","href":"https:\/\/api.w.org\/{rel}","templated":true}]}}