{"id":251112,"date":"2023-06-26T20:59:47","date_gmt":"2023-06-26T19:59:47","guid":{"rendered":"https:\/\/www.moskito.cz\/produkt\/zatvaraci-noz-spyderco-delica-4-c11sbk\/"},"modified":"2025-05-07T10:51:29","modified_gmt":"2025-05-07T09:51:29","slug":"zatvaraci-noz-spyderco-delica-4-c11sbk","status":"publish","type":"product","link":"https:\/\/www.moskito.cz\/sk\/produkt\/zatvaraci-noz-spyderco-delica-4-c11sbk\/","title":{"rendered":"Zatv\u00e1rac\u00ed N\u00f4\u017e Spyderco Delica 4 C11SBK"},"content":{"rendered":"<p>Nylonov\u00e9 rukov\u00e4te vystu\u017een\u00e9 sklen\u00fdmi vl\u00e1knami s\u00fa tvarovan\u00e9 s Bi-Directional Texturing\u00ae pre lep\u0161iu trakciu a lep\u0161iu ergon\u00f3miu. Vn\u00fatri rukov\u00e4te s\u00fa dvojit\u00e9 skeletonizovan\u00e9 vlo\u017eky z nerezovej ocele, aby bol n\u00f4\u017e pevnej\u0161\u00ed bez toho, aby prid\u00e1val na hmotnosti, a vytv\u00e1raj\u00fa kotvu pre v\u0161etky vonkaj\u0161ie a vn\u00fatorn\u00e9 s\u00fa\u010dasti, ktor\u00e9 sa pripev\u0148uj\u00fa v\u010faka zv\u00fd\u0161eniu pevnosti a tuhosti. Ich \u010depele VG-10 s\u00fa ploch\u00e9 \u0161able br\u00fasen\u00e9 so silnej\u0161ou \u0161pi\u010dkou a v\u00e4\u010d\u0161\u00edm 13mm otvorom. K chrbtu \u010depele je pridan\u00e9 proti\u0161mykov\u00e9 imping. Fosforov\u00e9 bronzov\u00e9 podlo\u017eky vyhladzuj\u00fa otv\u00e1ranie\/zatv\u00e1ranie a klip je upgradovan\u00fd na \u0161tvorcestn\u00fd sklopn\u00fd, sklopn\u00fd, \u013eav\u00fd alebo pravoto\u010div\u00fd. Vn\u00fatri rukov\u00e4te s\u00fa dvojit\u00e9 skeletonizovan\u00e9 vlo\u017eky z nerezovej ocele, aby bol n\u00f4\u017e pevnej\u0161\u00ed bez toho, aby prid\u00e1val na hmotnosti, a vytv\u00e1raj\u00fa kotvu pre v\u0161etky vonkaj\u0161ie a vn\u00fatorn\u00e9 s\u00fa\u010dasti, ktor\u00e9 sa pripev\u0148uj\u00fa v\u010faka zv\u00fd\u0161eniu pevnosti a tuhosti. Ich \u010depele VG-10 s\u00fa ploch\u00e9 \u0161able br\u00fasen\u00e9 so silnej\u0161ou \u0161pi\u010dkou a v\u00e4\u010d\u0161\u00edm 13mm otvorom. K chrbtu \u010depele je pridan\u00e9 proti\u0161mykov\u00e9 imping. Fosforov\u00e9 bronzov\u00e9 podlo\u017eky vyhladzuj\u00fa otv\u00e1ranie\/zatv\u00e1ranie a klip je upgradovan\u00fd na \u0161tvorcestn\u00fd sklopn\u00fd, sklopn\u00fd, \u013eav\u00fd alebo pravoto\u010div\u00fd. Vn\u00fatri rukov\u00e4te s\u00fa dvojit\u00e9 skeletonizovan\u00e9 vlo\u017eky z nerezovej ocele, aby bol n\u00f4\u017e pevnej\u0161\u00ed bez toho, aby prid\u00e1val na hmotnosti, a vytv\u00e1raj\u00fa kotvu pre v\u0161etky vonkaj\u0161ie a vn\u00fatorn\u00e9 s\u00fa\u010dasti, ktor\u00e9 sa pripev\u0148uj\u00fa v\u010faka zv\u00fd\u0161eniu pevnosti a tuhosti. Ich \u010depele VG-10 s\u00fa ploch\u00e9 \u0161able br\u00fasen\u00e9 so silnej\u0161ou \u0161pi\u010dkou a v\u00e4\u010d\u0161\u00edm 13mm otvorom. K chrbtu \u010depele je pridan\u00e9 proti\u0161mykov\u00e9 imping. Fosforov\u00e9 bronzov\u00e9 podlo\u017eky vyhladzuj\u00fa otv\u00e1ranie\/zatv\u00e1ranie a klip je upgradovan\u00fd na \u0161tvorcestn\u00fd sklopn\u00fd, sklopn\u00fd, \u013eav\u00fd alebo pravoto\u010div\u00fd.<\/p>\n<p>\u0160pecifik\u00e1cia<br \/>\nD\u013a\u017eka \u010depele: 7.3 cm<br \/>\nRezn\u00e1 hrana: 6.5 cm<br \/>\nHr\u00fabka \u010depele: 0.25 cm<br \/>\nCelkov\u00e1 d\u013a\u017eka: 18.1 cm<br \/>\nZatvoren\u00e1 d\u013a\u017eka: 10.8 cm<br \/>\nOce\u013e \u010depele: VG-10<br \/>\nHmotnos\u0165: 2,5 oz. (71 g)<br \/>\nMateri\u00e1l rukov\u00e4te: \u010dierna FRN<br \/>\nVyroben\u00e9 v Seki-City, Japonsko<\/p>\n","protected":false},"excerpt":{"rendered":"<p>Prv\u00e9 svojho druhu na trhu, otvorili trh no\u017eov \u013eahk\u00e9mu v\u00fdkonu, vreckov\u00fdm no\u017eom otvoren\u00fdm jednou rukou, ktor\u00e9 si mohol dovoli\u0165 takmer ka\u017ed\u00fd.<\/p>\n","protected":false},"featured_media":251101,"comment_status":"open","ping_status":"closed","template":"","meta":[],"pwb-brand":[3261],"product_brand":[],"product_cat":[3233,3186],"product_tag":[3668],"class_list":{"0":"post-251112","1":"product","2":"type-product","3":"status-publish","4":"has-post-thumbnail","6":"pwb-brand-zatvaraci-noz-spyderco-endura-flat-ground-gray-frn-c10fpgy","7":"product_cat-zatvaracie-noze","8":"product_cat-noze-sk","9":"product_tag-b2b-sk","11":"first","12":"instock","13":"taxable","14":"shipping-taxable","15":"purchasable","16":"product-type-simple"},"brands":[{"id":3261,"name":"Zatv\u00e1rac\u00ed N\u00f4\u017e Spyderco Endura Flat Ground Gray FRN C10FPGY","slug":"zatvaraci-noz-spyderco-endura-flat-ground-gray-frn-c10fpgy"}],"_links":{"self":[{"href":"https:\/\/www.moskito.cz\/sk\/wp-json\/wp\/v2\/product\/251112","targetHints":{"allow":["GET"]}}],"collection":[{"href":"https:\/\/www.moskito.cz\/sk\/wp-json\/wp\/v2\/product"}],"about":[{"href":"https:\/\/www.moskito.cz\/sk\/wp-json\/wp\/v2\/types\/product"}],"replies":[{"embeddable":true,"href":"https:\/\/www.moskito.cz\/sk\/wp-json\/wp\/v2\/comments?post=251112"}],"wp:featuredmedia":[{"embeddable":true,"href":"https:\/\/www.moskito.cz\/sk\/wp-json\/wp\/v2\/media\/251101"}],"wp:attachment":[{"href":"https:\/\/www.moskito.cz\/sk\/wp-json\/wp\/v2\/media?parent=251112"}],"wp:term":[{"taxonomy":"pwb-brand","embeddable":true,"href":"https:\/\/www.moskito.cz\/sk\/wp-json\/wp\/v2\/pwb-brand?post=251112"},{"taxonomy":"product_brand","embeddable":true,"href":"https:\/\/www.moskito.cz\/sk\/wp-json\/wp\/v2\/product_brand?post=251112"},{"taxonomy":"product_cat","embeddable":true,"href":"https:\/\/www.moskito.cz\/sk\/wp-json\/wp\/v2\/product_cat?post=251112"},{"taxonomy":"product_tag","embeddable":true,"href":"https:\/\/www.moskito.cz\/sk\/wp-json\/wp\/v2\/product_tag?post=251112"}],"curies":[{"name":"wp","href":"https:\/\/api.w.org\/{rel}","templated":true}]}}