{"id":251127,"date":"2023-06-26T21:23:53","date_gmt":"2023-06-26T20:23:53","guid":{"rendered":"https:\/\/www.moskito.cz\/produkt\/zatvaraci-noz-spyderco-rescue-3-lightweight-thin-red-line-c14fsbkrd3\/"},"modified":"2025-05-07T10:51:30","modified_gmt":"2025-05-07T09:51:30","slug":"zatvaraci-noz-spyderco-rescue-3-lightweight-thin-red-line-c14fsbkrd3","status":"publish","type":"product","link":"https:\/\/www.moskito.cz\/sk\/produkt\/zatvaraci-noz-spyderco-rescue-3-lightweight-thin-red-line-c14fsbkrd3\/","title":{"rendered":"Zatv\u00e1rac\u00ed N\u00f4\u017e Spyderco Rescue 3 Lightweight Thin Red Line C14FSBKRD3"},"content":{"rendered":"<p>Zatv\u00e1rac\u00ed N\u00f4\u017e Spyderco Rescue 3 Lightweight Thin Red Line C14FSBKRD3<\/p>\n<p>No\u017ee Spyderco \u201eThin Red Line\u201c, vytvoren\u00e9 ako pocta odv\u00e1\u017enym hasi\u010dom n\u00e1\u0161ho n\u00e1roda. Ich charakteristick\u00fdm rysom je ich jedine\u010dn\u00fd dizajn rukov\u00e4te, ktor\u00fd predv\u00e1dza \u010dierne \u0161upiny rukov\u00e4te vystu\u017een\u00e9 sklenen\u00fdmi vl\u00e1knami (FRN) zv\u00fdraznen\u00e9 jasne \u010dervenou pod\u0161\u00edvkou a zodpovedaj\u00facim \u010derven\u00fdm backspacerom. T\u00e1to farebn\u00e1 t\u00e9ma symbolizuje \u201etenk\u00fa \u010derven\u00fa \u010diaru\u201c, ktor\u00fa predstavuj\u00fa prv\u00ed zasahuj\u00faci pracovn\u00edci medzi norm\u00e1lnos\u0165ou n\u00e1\u0161ho ka\u017edodenn\u00e9ho sveta a chaosom \u017eivot ohrozuj\u00facich mimoriadnych udalost\u00ed. \u010cepele VG-10 t\u00fdchto no\u017eov tie\u017e kombinuj\u00fa vylep\u0161en\u00fa geometriu ostrie plne ploch\u00e9ho br\u00fasenia s nen\u00e1sytnou reznou silou vr\u00fabkovania Spyderco. Aby sme ctili nezi\u0161tn\u00fa slu\u017ebu z\u00e1chran\u00e1rov, je ka\u017ed\u00e1 \u010depe\u013e hrdo vyryt\u00e1 laserom s mottom \u201eUlo\u017ei\u0165 a sl\u00fa\u017ei\u0165. V\u0161etky ostatn\u00e9 vlastnosti t\u00fdchto elitn\u00fdch no\u017eov s\u00fa v s\u00falade so \u0161tandardn\u00fdmi verziami t\u00fdchto modelov, vr\u00e1tane spo\u013eahliv\u00fdch zadn\u00fdch z\u00e1mkov\u00fdch mechanizmov, skeletonizovan\u00fdch vlo\u017eiek z nerezovej ocele, \u0161tvorpolohov\u00fdch vreckov\u00fdch klipov a obojsmerne text\u00farovan\u00fdch vstrekovan\u00fdch rukov\u00e4t\u00ed FRN. Siln\u00fd z\u00e1chran\u00e1rsky n\u00e1stroj vreckovej ve\u013ekosti, Thin Red Line Rescue, sa vyzna\u010duje ostr\u00edm SpyderEdge a \u010depe\u013eou s tupou \u0161pi\u010dkou.<\/p>\n<p>Spyderco venuje \u010das\u0165 v\u0161etk\u00fdch predajov no\u017eov \u201eThin Red Line\u201c nad\u00e1cii Wildland Firefighter Foundation, ktor\u00e1 poskytuje okam\u017eit\u00fa finan\u010dn\u00fa a trval\u00fa emocion\u00e1lnu podporu, obhajobu a uznanie padl\u00fdm a zranen\u00fdm hasi\u010dom a ich rodin\u00e1m.<\/p>\n<p>\u0160pecifik\u00e1cia<br \/>\nD\u013a\u017eka \u010depele: 9.1 cm<br \/>\nD\u013a\u017eka v zatvorenom stave: 12 cm<br \/>\nCelkov\u00e1 d\u013a\u017eka: 21 cm<br \/>\nHr\u00fabka \u010depele: 0.3 cm<br \/>\nMateri\u00e1l \u010depele: Nerezov\u00e1 oce\u013e VG-10<br \/>\n\u0160t\u00fdl \u010depele: Sheepfoot<br \/>\nBr\u00fasenie \u010depele: Plne ploch\u00e9<br \/>\nPovrchov\u00e1 \u00faprava \u010depele: sat\u00e9n<br \/>\nOstrie \u010depele: Vr\u00fabkovan\u00e9<br \/>\nMateri\u00e1l rukov\u00e4te: FRN<br \/>\nFarba rukov\u00e4te: \u010cierna<br \/>\nUzamykac\u00ed mechanizmus: Lockback<br \/>\nVreckov\u00e1 spona: Nerezov\u00e1 oce\u013e (Tip-Up\/Down, Right\/Left carry)<br \/>\n\u010c\u00edslo modelu: C14FSBKRD3<br \/>\nN\u00e1zov modelu: Rescue 3 Lightweight Thin Red Line<br \/>\nHmotnos\u0165: 3,39 oz. (96 g)<br \/>\nTenk\u00e1 \u010derven\u00e1 \u010diara FRN Backspacer<br \/>\nVyroben\u00e9 v Japonsku<\/p>\n","protected":false},"excerpt":{"rendered":"<p>No\u017ee Spyderco \u201eThin Red Line\u201c, vytvoren\u00e9 ako pocta odv\u00e1\u017enym hasi\u010dom n\u00e1\u0161ho n\u00e1roda.<\/p>\n","protected":false},"featured_media":251116,"comment_status":"open","ping_status":"closed","template":"","meta":[],"pwb-brand":[3261],"product_brand":[],"product_cat":[3186,3233],"product_tag":[3668],"class_list":{"0":"post-251127","1":"product","2":"type-product","3":"status-publish","4":"has-post-thumbnail","6":"pwb-brand-zatvaraci-noz-spyderco-endura-flat-ground-gray-frn-c10fpgy","7":"product_cat-noze-sk","8":"product_cat-zatvaracie-noze","9":"product_tag-b2b-sk","11":"first","12":"instock","13":"taxable","14":"shipping-taxable","15":"purchasable","16":"product-type-simple"},"brands":[{"id":3261,"name":"Zatv\u00e1rac\u00ed N\u00f4\u017e Spyderco Endura Flat Ground Gray FRN C10FPGY","slug":"zatvaraci-noz-spyderco-endura-flat-ground-gray-frn-c10fpgy"}],"_links":{"self":[{"href":"https:\/\/www.moskito.cz\/sk\/wp-json\/wp\/v2\/product\/251127","targetHints":{"allow":["GET"]}}],"collection":[{"href":"https:\/\/www.moskito.cz\/sk\/wp-json\/wp\/v2\/product"}],"about":[{"href":"https:\/\/www.moskito.cz\/sk\/wp-json\/wp\/v2\/types\/product"}],"replies":[{"embeddable":true,"href":"https:\/\/www.moskito.cz\/sk\/wp-json\/wp\/v2\/comments?post=251127"}],"wp:featuredmedia":[{"embeddable":true,"href":"https:\/\/www.moskito.cz\/sk\/wp-json\/wp\/v2\/media\/251116"}],"wp:attachment":[{"href":"https:\/\/www.moskito.cz\/sk\/wp-json\/wp\/v2\/media?parent=251127"}],"wp:term":[{"taxonomy":"pwb-brand","embeddable":true,"href":"https:\/\/www.moskito.cz\/sk\/wp-json\/wp\/v2\/pwb-brand?post=251127"},{"taxonomy":"product_brand","embeddable":true,"href":"https:\/\/www.moskito.cz\/sk\/wp-json\/wp\/v2\/product_brand?post=251127"},{"taxonomy":"product_cat","embeddable":true,"href":"https:\/\/www.moskito.cz\/sk\/wp-json\/wp\/v2\/product_cat?post=251127"},{"taxonomy":"product_tag","embeddable":true,"href":"https:\/\/www.moskito.cz\/sk\/wp-json\/wp\/v2\/product_tag?post=251127"}],"curies":[{"name":"wp","href":"https:\/\/api.w.org\/{rel}","templated":true}]}}