{"id":251142,"date":"2023-06-26T21:39:41","date_gmt":"2023-06-26T20:39:41","guid":{"rendered":"https:\/\/www.moskito.cz\/produkt\/zatvaraci-noz-spyderco-native-5-c41pdbl5\/"},"modified":"2025-05-07T10:51:30","modified_gmt":"2025-05-07T09:51:30","slug":"zatvaraci-noz-spyderco-native-5-c41pdbl5","status":"publish","type":"product","link":"https:\/\/www.moskito.cz\/sk\/produkt\/zatvaraci-noz-spyderco-native-5-c41pdbl5\/","title":{"rendered":"Zatv\u00e1rac\u00ed N\u00f4\u017e Spyderco Native 5 C41PDBL5"},"content":{"rendered":"<p>Zatv\u00e1rac\u00ed N\u00f4\u017e Spyderco Native 5 C41PDBL5<\/p>\n<p>Od svojho p\u00f4vodn\u00e9ho vydania v roku 1997 je Native hlavn\u00fdm pilierom produktov\u00e9ho radu Spyderco a vlajkovou lo\u010fou americkej stajne no\u017eov Spyderco. Dizajn sa v priebehu rokov neust\u00e1le vyv\u00edjal a svoj s\u00fa\u010dasn\u00fd stav dosiahol v roku 2012 vydan\u00edm Native 5. Najnov\u0161\u00edm pr\u00edrastkom do rady Native je Native 5 Lightweight, ktor\u00fd kombinuje technick\u00e9 vylep\u0161enia Native 5 s hmotnos\u0165ou. \u00fasporn\u00e9 v\u00fdhody vstrekovanej rukov\u00e4te z nylonu vystu\u017een\u00e9ho sklenen\u00fdmi vl\u00e1knami (FRN).<\/p>\n<p>Native 5, hrdo vyr\u00e1ban\u00fd v tov\u00e1rni Spyderco v Golden, Colorado, m\u00e1 \u010depe\u013e s hrotom kopije vyroben\u00fa z prvotriednej nerezovej ocele CPM-S110V. Jeho \u00faplne ploch\u00e9 br\u00fasenie, dist\u00e1lne z\u00fa\u017eenie, text\u00farovan\u00fd ukazov\u00e1k a n\u00e1jazd na palec a decentn\u00e9 swedge spolo\u010dne pon\u00fakaj\u00fa v\u00fdrazn\u00fd vzh\u013ead a vynikaj\u00facu geometriu hr\u00e1n a \u0161pi\u010dku. \u010cepe\u013e je podporovan\u00e1 vysoko prepracovan\u00fdm mechanizmom zadn\u00e9ho z\u00e1mku, ktor\u00fd preber\u00e1 tento \u010dasom preveren\u00fd dizajn z\u00e1mku a povy\u0161uje ho na nov\u00fd \u0161tandard in\u017einierskej a v\u00fdrobnej dokonalosti.<\/p>\n<p>Rukov\u00e4\u0165 FRN bez vlo\u017eky je vybaven\u00e1 obojsmernou text\u00farou pre ultra bezpe\u010dn\u00fd \u00fachop a zni\u017euje celkov\u00fa hmotnos\u0165 no\u017ea na iba 2,5 unca. Rukov\u00e4\u0165 tie\u017e obsahuje \u0161tyri sady z\u00e1vitov\u00fdch vlo\u017eiek lisovan\u00fdch priamo do FRN. Tie umo\u017e\u0148uj\u00fa umiestni\u0165 vylep\u0161en\u00fa sponu pres\u00fdpac\u00edch hod\u00edn na nosenie so sklopen\u00edm na\u013eavo alebo napravo. Ve\u013ekoryso dimenzovan\u00fd otvor pre lano taktie\u017e poskytuje praktick\u00fd upev\u0148ovac\u00ed bod pre lan\u00e1, pr\u00edvesky a bezpe\u010dnostn\u00e9 \u0161n\u00fary.<\/p>\n<p>Vysoko pokro\u010dil\u00e1 evol\u00facia osved\u010den\u00e9ho dizajnu, Native 5 Lightweight je neuverite\u013ene schopn\u00fd rezac\u00ed n\u00e1stroj vreckovej ve\u013ekosti a \u017eiariv\u00fd pr\u00edklad odhodlania spolo\u010dnosti Spyderco neust\u00e1le zlep\u0161ova\u0165 aj na\u0161e najlep\u0161ie produkty.<\/p>\n<p>Funkcia<br \/>\n4-cestn\u00e1 spona: Tip hore\/dole, \u013eav\u00e1\/prav\u00e1 ruka<br \/>\nChrbtica a choil imping<br \/>\nSkrutkov\u00e1 kon\u0161trukcia<br \/>\nPloch\u00e1 \u010depe\u013e<\/p>\n<p>\u0160pecifik\u00e1cia<br \/>\nD\u013a\u017eka \u010depele: 7.5 cm<br \/>\nD\u013a\u017eka v zatvorenom stave: 10 cm<br \/>\nCelkov\u00e1 d\u013a\u017eka: 17.5 cm<br \/>\nMateri\u00e1l \u010depele: CPM-S110V Nerezov\u00e1 oce\u013e<br \/>\nMateri\u00e1l rukov\u00e4te: tmavo modr\u00e1 FRN<br \/>\nHmotnos\u0165: 2,5 oz.<br \/>\nVyroben\u00e9 v Golden, Colorado, USA<\/p>\n","protected":false},"excerpt":{"rendered":"<p>Od svojho p\u00f4vodn\u00e9ho vydania v roku 1997 je Native hlavn\u00fdm pilierom produktov\u00e9ho radu Spyderco a vlajkovou lo\u010fou<\/p>\n","protected":false},"featured_media":251131,"comment_status":"open","ping_status":"closed","template":"","meta":[],"pwb-brand":[3261],"product_brand":[],"product_cat":[3233,3186],"product_tag":[3668],"class_list":{"0":"post-251142","1":"product","2":"type-product","3":"status-publish","4":"has-post-thumbnail","6":"pwb-brand-zatvaraci-noz-spyderco-endura-flat-ground-gray-frn-c10fpgy","7":"product_cat-zatvaracie-noze","8":"product_cat-noze-sk","9":"product_tag-b2b-sk","11":"first","12":"outofstock","13":"sale","14":"taxable","15":"shipping-taxable","16":"purchasable","17":"product-type-simple"},"brands":[{"id":3261,"name":"Zatv\u00e1rac\u00ed N\u00f4\u017e Spyderco Endura Flat Ground Gray FRN C10FPGY","slug":"zatvaraci-noz-spyderco-endura-flat-ground-gray-frn-c10fpgy"}],"_links":{"self":[{"href":"https:\/\/www.moskito.cz\/sk\/wp-json\/wp\/v2\/product\/251142","targetHints":{"allow":["GET"]}}],"collection":[{"href":"https:\/\/www.moskito.cz\/sk\/wp-json\/wp\/v2\/product"}],"about":[{"href":"https:\/\/www.moskito.cz\/sk\/wp-json\/wp\/v2\/types\/product"}],"replies":[{"embeddable":true,"href":"https:\/\/www.moskito.cz\/sk\/wp-json\/wp\/v2\/comments?post=251142"}],"wp:featuredmedia":[{"embeddable":true,"href":"https:\/\/www.moskito.cz\/sk\/wp-json\/wp\/v2\/media\/251131"}],"wp:attachment":[{"href":"https:\/\/www.moskito.cz\/sk\/wp-json\/wp\/v2\/media?parent=251142"}],"wp:term":[{"taxonomy":"pwb-brand","embeddable":true,"href":"https:\/\/www.moskito.cz\/sk\/wp-json\/wp\/v2\/pwb-brand?post=251142"},{"taxonomy":"product_brand","embeddable":true,"href":"https:\/\/www.moskito.cz\/sk\/wp-json\/wp\/v2\/product_brand?post=251142"},{"taxonomy":"product_cat","embeddable":true,"href":"https:\/\/www.moskito.cz\/sk\/wp-json\/wp\/v2\/product_cat?post=251142"},{"taxonomy":"product_tag","embeddable":true,"href":"https:\/\/www.moskito.cz\/sk\/wp-json\/wp\/v2\/product_tag?post=251142"}],"curies":[{"name":"wp","href":"https:\/\/api.w.org\/{rel}","templated":true}]}}