{"id":251160,"date":"2023-06-26T21:56:24","date_gmt":"2023-06-26T20:56:24","guid":{"rendered":"https:\/\/www.moskito.cz\/produkt\/zatvaraci-noz-spyderco-assist-salt-rescue-c79psyl\/"},"modified":"2023-06-26T21:56:24","modified_gmt":"2023-06-26T20:56:24","slug":"zatvaraci-noz-spyderco-assist-salt-rescue-c79psyl","status":"publish","type":"product","link":"https:\/\/www.moskito.cz\/sk\/produkt\/zatvaraci-noz-spyderco-assist-salt-rescue-c79psyl\/","title":{"rendered":"Zatv\u00e1rac\u00ed N\u00f4\u017e Spyderco Assist Salt Rescue C79PSYL"},"content":{"rendered":"<p>Zatv\u00e1rac\u00ed N\u00f4\u017e Spyderco Assist Salt Rescue C79PSYL<\/p>\n<p>Spyderco Assist je multifunk\u010dn\u00fd, \u00fa\u010delovo navrhnut\u00fd z\u00e1chrann\u00fd n\u00e1stroj a bezpochyby jeden z najneobvyklej\u0161\u00edch zatv\u00e1rac\u00edch no\u017eov, ak\u00e9 boli kedy vyroben\u00e9. \u010co by to teda mohlo zlep\u0161i\u0165? Odpove\u010fou je urobi\u0165 z neho hrd\u00e9ho \u010dlena radu Salt s \u010depe\u013eou z ocele H2 ultraodolnou proti kor\u00f3zii a zais\u0165ovacou ty\u010dou a dobre vidite\u013enou \u017eltou rukov\u00e4\u0165ou FRN. Assist Salt verne zah\u0155\u0148a \u010fal\u0161ie definuj\u00face rysy tohto dizajnu, vr\u00e1tane \u010depele Combination-Edge s tup\u00fdm koncom, zapusten\u00e9ho rozb\u00edja\u010da karbidov\u00e9ho skla, obojstrann\u00e9 dr\u00f4ten\u00e9 spony, vstavan\u00e9 p\u00ed\u0161\u0165alky na pre\u017eitie a schopnosti striha\u0165 lano no\u017enicami pomocou ergonomickej dr\u00e1\u017eky. Aj ten najlep\u0161\u00ed je lep\u0161\u00ed!<\/p>\n<p>\u0160pecifik\u00e1cia<br \/>\nD\u013a\u017eka \u010depele: 9.3 cm<br \/>\nHr\u00fabka \u010depele: 0.3 cm<br \/>\nCelkov\u00e1 d\u013a\u017eka: 21.7 cm<br \/>\nD\u013a\u017eka v zatvorenom stave: 12.4 cm<br \/>\nOce\u013e \u010depele: Ultra-kor\u00f3zii odoln\u00e1 oce\u013e H2<br \/>\nHmotnos\u0165: 3,9 oz. (111 g)<br \/>\nMateri\u00e1l rukov\u00e4te: \u017elt\u00e1 FRN<br \/>\nBr\u00fasenie: Dut\u00e9<br \/>\nVyroben\u00e9 v Seki-City, Japonsko<\/p>\n","protected":false},"excerpt":{"rendered":"<p>Spyderco Assist je multifunk\u010dn\u00fd, \u00fa\u010delovo navrhnut\u00fd z\u00e1chrann\u00fd n\u00e1stroj a bezpochyby jeden z najneobvyklej\u0161\u00edch zatv\u00e1rac\u00edch no\u017eov, ak\u00e9 boli kedy vyroben\u00e9.<\/p>\n","protected":false},"featured_media":251146,"comment_status":"open","ping_status":"closed","template":"","meta":[],"pwb-brand":[3261],"product_brand":[],"product_cat":[3233,3186],"product_tag":[3668],"class_list":{"0":"post-251160","1":"product","2":"type-product","3":"status-publish","4":"has-post-thumbnail","6":"pwb-brand-zatvaraci-noz-spyderco-endura-flat-ground-gray-frn-c10fpgy","7":"product_cat-zatvaracie-noze","8":"product_cat-noze-sk","9":"product_tag-b2b-sk","11":"first","12":"instock","13":"taxable","14":"shipping-taxable","15":"purchasable","16":"product-type-simple"},"brands":[{"id":3261,"name":"Zatv\u00e1rac\u00ed N\u00f4\u017e Spyderco Endura Flat Ground Gray FRN C10FPGY","slug":"zatvaraci-noz-spyderco-endura-flat-ground-gray-frn-c10fpgy"}],"_links":{"self":[{"href":"https:\/\/www.moskito.cz\/sk\/wp-json\/wp\/v2\/product\/251160","targetHints":{"allow":["GET"]}}],"collection":[{"href":"https:\/\/www.moskito.cz\/sk\/wp-json\/wp\/v2\/product"}],"about":[{"href":"https:\/\/www.moskito.cz\/sk\/wp-json\/wp\/v2\/types\/product"}],"replies":[{"embeddable":true,"href":"https:\/\/www.moskito.cz\/sk\/wp-json\/wp\/v2\/comments?post=251160"}],"wp:featuredmedia":[{"embeddable":true,"href":"https:\/\/www.moskito.cz\/sk\/wp-json\/wp\/v2\/media\/251146"}],"wp:attachment":[{"href":"https:\/\/www.moskito.cz\/sk\/wp-json\/wp\/v2\/media?parent=251160"}],"wp:term":[{"taxonomy":"pwb-brand","embeddable":true,"href":"https:\/\/www.moskito.cz\/sk\/wp-json\/wp\/v2\/pwb-brand?post=251160"},{"taxonomy":"product_brand","embeddable":true,"href":"https:\/\/www.moskito.cz\/sk\/wp-json\/wp\/v2\/product_brand?post=251160"},{"taxonomy":"product_cat","embeddable":true,"href":"https:\/\/www.moskito.cz\/sk\/wp-json\/wp\/v2\/product_cat?post=251160"},{"taxonomy":"product_tag","embeddable":true,"href":"https:\/\/www.moskito.cz\/sk\/wp-json\/wp\/v2\/product_tag?post=251160"}],"curies":[{"name":"wp","href":"https:\/\/api.w.org\/{rel}","templated":true}]}}