{"id":251175,"date":"2023-06-26T22:10:59","date_gmt":"2023-06-26T21:10:59","guid":{"rendered":"https:\/\/www.moskito.cz\/produkt\/zatvaraci-noz-spyderco-assist-rescue-c79psbbk\/"},"modified":"2025-05-07T10:51:31","modified_gmt":"2025-05-07T09:51:31","slug":"zatvaraci-noz-spyderco-assist-rescue-c79psbbk","status":"publish","type":"product","link":"https:\/\/www.moskito.cz\/sk\/produkt\/zatvaraci-noz-spyderco-assist-rescue-c79psbbk\/","title":{"rendered":"Zatv\u00e1rac\u00ed N\u00f4\u017e Spyderco Assist Rescue C79PSBBK"},"content":{"rendered":"<p>Zatv\u00e1rac\u00ed N\u00f4\u017e Spyderco Assist Rescue C79PSBBK<\/p>\n<p>Z\u00e1chran\u00e1ri, policajti a servisn\u00ed profesion\u00e1li urobili z Assist nepostr\u00e1date\u013en\u00fa s\u00fa\u010das\u0165 ich pracovn\u00e9ho vybavenia. Jeho z\u00fabkovan\u00e9 ostrie pon\u00faka ohromn\u00fd rezn\u00fd v\u00fdkon a obsahuje \u010das\u0165 PlainEdge pre detailn\u00fa pr\u00e1cu. Patentovan\u00fd tup\u00fd hrot na zdvihnutie a vyp\u00e1\u010denie zabra\u0148uje n\u00e1hodn\u00e9mu prepichnutiu a pon\u00faka obmedzen\u00fa schopnos\u0165 p\u00e1\u010denia. Cobra Hood zais\u0165uje pozit\u00edvne nasadenie \u010depele aj v rukaviciach a po\u010das pou\u017e\u00edvania sl\u00fa\u017ei ako platforma pre palec. Jeho zas\u00favac\u00ed, vymenite\u013en\u00fd rozb\u00edja\u010d karbidov\u00e9ho skla sa vysunie, ke\u010f je uzavret\u00e1 \u010depe\u013e stla\u010den\u00e1 do rukov\u00e4te, a dr\u00e1\u017eky pre prsty v rukov\u00e4ti umo\u017e\u0148uj\u00fa no\u017enicov\u00e9 strihanie lana a \u0161n\u00fary s \u010diasto\u010dne otvorenou \u010depe\u013eou. Tento multifunk\u010dn\u00fd z\u00e1chrann\u00fd n\u00e1stroj dokonca obsahuje n\u00fadzov\u00fa p\u00ed\u0161\u0165alku v rukov\u00e4ti.<\/p>\n<p>Vlastnosti:<br \/>\nRozb\u00edja\u010d a p\u00ed\u0161\u0165alka z tvrdokovu<br \/>\nObojstrann\u00e1 vykl\u00e1pacia spona<br \/>\nDavid Boye Dent<br \/>\nObojsmerne text\u00farovan\u00e9 3D \u010dierne FRN rukov\u00e4te<br \/>\nCobra Hood<br \/>\n\u010cepe\u013e s dut\u00fdm br\u00fasen\u00edm<\/p>\n<p>\u0160pecifik\u00e1cia:<br \/>\nD\u013a\u017eka \u010depele: 9.4 cm<br \/>\nRezn\u00e1 hrana: 8.1 cm<br \/>\nD\u013a\u017eka v zatvorenom stave: 12.4 cm<br \/>\nCelkov\u00e1 d\u013a\u017eka: 21.3 cm<br \/>\nOce\u013e: Nerezov\u00e1 oce\u013e VG-10<br \/>\nHmotnos\u0165: 4 oz. (115 g)<br \/>\nOkraj: \u010ciasto\u010dne z\u00fabkovan\u00fd<br \/>\nVyroben\u00e9 v Japonsku<\/p>\n","protected":false},"excerpt":{"rendered":"<p>Z\u00e1chran\u00e1ri, policajti a servisn\u00ed profesion\u00e1li urobili z Assist nepostr\u00e1date\u013en\u00fa s\u00fa\u010das\u0165 ich pracovn\u00e9ho vybavenia.<\/p>\n","protected":false},"featured_media":251164,"comment_status":"open","ping_status":"closed","template":"","meta":[],"pwb-brand":[3261],"product_brand":[],"product_cat":[3186,3233],"product_tag":[3668],"class_list":{"0":"post-251175","1":"product","2":"type-product","3":"status-publish","4":"has-post-thumbnail","6":"pwb-brand-zatvaraci-noz-spyderco-endura-flat-ground-gray-frn-c10fpgy","7":"product_cat-noze-sk","8":"product_cat-zatvaracie-noze","9":"product_tag-b2b-sk","11":"first","12":"instock","13":"taxable","14":"shipping-taxable","15":"purchasable","16":"product-type-simple"},"brands":[{"id":3261,"name":"Zatv\u00e1rac\u00ed N\u00f4\u017e Spyderco Endura Flat Ground Gray FRN C10FPGY","slug":"zatvaraci-noz-spyderco-endura-flat-ground-gray-frn-c10fpgy"}],"_links":{"self":[{"href":"https:\/\/www.moskito.cz\/sk\/wp-json\/wp\/v2\/product\/251175","targetHints":{"allow":["GET"]}}],"collection":[{"href":"https:\/\/www.moskito.cz\/sk\/wp-json\/wp\/v2\/product"}],"about":[{"href":"https:\/\/www.moskito.cz\/sk\/wp-json\/wp\/v2\/types\/product"}],"replies":[{"embeddable":true,"href":"https:\/\/www.moskito.cz\/sk\/wp-json\/wp\/v2\/comments?post=251175"}],"wp:featuredmedia":[{"embeddable":true,"href":"https:\/\/www.moskito.cz\/sk\/wp-json\/wp\/v2\/media\/251164"}],"wp:attachment":[{"href":"https:\/\/www.moskito.cz\/sk\/wp-json\/wp\/v2\/media?parent=251175"}],"wp:term":[{"taxonomy":"pwb-brand","embeddable":true,"href":"https:\/\/www.moskito.cz\/sk\/wp-json\/wp\/v2\/pwb-brand?post=251175"},{"taxonomy":"product_brand","embeddable":true,"href":"https:\/\/www.moskito.cz\/sk\/wp-json\/wp\/v2\/product_brand?post=251175"},{"taxonomy":"product_cat","embeddable":true,"href":"https:\/\/www.moskito.cz\/sk\/wp-json\/wp\/v2\/product_cat?post=251175"},{"taxonomy":"product_tag","embeddable":true,"href":"https:\/\/www.moskito.cz\/sk\/wp-json\/wp\/v2\/product_tag?post=251175"}],"curies":[{"name":"wp","href":"https:\/\/api.w.org\/{rel}","templated":true}]}}