{"id":251293,"date":"2023-06-27T18:26:21","date_gmt":"2023-06-27T17:26:21","guid":{"rendered":"https:\/\/www.moskito.cz\/produkt\/zatvaraci-noz-spyderco-military-c36gpe\/"},"modified":"2023-06-27T18:26:21","modified_gmt":"2023-06-27T17:26:21","slug":"zatvaraci-noz-spyderco-military-c36gpe","status":"publish","type":"product","link":"https:\/\/www.moskito.cz\/sk\/produkt\/zatvaraci-noz-spyderco-military-c36gpe\/","title":{"rendered":"Zatv\u00e1rac\u00ed N\u00f4\u017e Spyderco Military C36GPE"},"content":{"rendered":"<p>Zatv\u00e1rac\u00ed N\u00f4\u017e Spyderco Military C36GPE<\/p>\n<p>Vojensk\u00fd model, z\u00e1kladn\u00fd kame\u0148 v rade Spyderco Save and Serve, vznikol po tom, \u010do sa niekto sp\u00fdtal majite\u013ea Spyderca Sala Glessera: &#8222;Keby v\u00e1\u0161 syn \u0161iel do arm\u00e1dy, s ak\u00fdm zatv\u00e1rac\u00edm no\u017eom by ste mu poslali?&#8220; S istotou musel sp\u013a\u0148a\u0165 po\u017eiadavky na vysoko v\u00fdkonn\u00fa a \u013eahk\u00fa sklada\u010dku ur\u010den\u00fa na n\u00e1ro\u010dn\u00e9 pou\u017eitie.<\/p>\n<p>Vzh\u013eadom na to, \u017ee oce\u013e je duchom no\u017ea, CPM-S30V sa zdalo by\u0165 logickou vo\u013ebou pre \u010depe\u013e vzh\u013eadom na jej poves\u0165 dlhodob\u00e9ho zachovania ostria a odolnosti proti kor\u00f3zii. \u201eMillie\u201c m\u00e1 upraven\u00fa \u010depe\u013e so zacvak\u00e1vacou \u010depe\u013eou rezanou laserom so 14 mm okr\u00fahlym otvorom Spyderco pre r\u00fdchle nasadenie a pou\u017eitie v rukaviciach. Text\u00fara nad otvorom udr\u017euje palec v kontakte s chrbtom \u010depele po\u010das rezania pre ist\u00fa kontrolu nad nabr\u00fasen\u00fdm ostr\u00edm. Rukov\u00e4te stupnice s\u00fa G-10 s vlo\u017ekou z\u00e1mku vnorenou (vlo\u017eenou) priamo do stupnice, \u010do zvy\u0161uje pevnos\u0165 z\u00e1mku bez pridania objemn\u00fdch vlo\u017eiek. Di\u0161tan\u010dn\u00e9 vlo\u017eky medzi stupnicami vytv\u00e1raj\u00fa medzeru po celej d\u013a\u017eke rukov\u00e4te, ktor\u00e1 odkr\u00fdva vn\u00fatorn\u00e9 fungovanie na kontrolu a \u010distenie. Rukov\u00e4\u0165 sa na prednom konci mierne roz\u0161iruje a vytv\u00e1ra klepanie prstov a na zadnom konci, ktor\u00fd zabra\u0148uje sk\u013aznutiu no\u017ea dopredu alebo dozadu v ruke pri rezan\u00ed alebo vykon\u00e1van\u00ed tvrd\u00fdch alebo agres\u00edvnych rezov. Tvarovan\u00e1 kovov\u00e1 spona je nastaven\u00e1 na nosenie v pravej ruke so \u0161pi\u010dkou dole.<\/p>\n<p>\u0160pecifik\u00e1cia<br \/>\nD\u013a\u017eka \u010depele: 10.2 cm<br \/>\nRezn\u00e1 hrana: 9.4 cm<br \/>\nHr\u00fabka \u010depele: 0.4 cm<br \/>\nCelkov\u00e1 d\u013a\u017eka: 24.1 cm<br \/>\nZatvoren\u00e1 d\u013a\u017eka: 14 cm<br \/>\n\u010cepe\u013e Oce\u013e: CPM-S30V Nerezov\u00e1 oce\u013e<br \/>\nHmotnos\u0165: 4,2 oz. (120 g)<br \/>\nMateri\u00e1l rukov\u00e4te: G10<br \/>\nVyroben\u00e9 v Golden, Colorado, USA<\/p>\n","protected":false},"excerpt":{"rendered":"<p>Vojensk\u00fd model, z\u00e1kladn\u00fd kame\u0148 v rade Spyderco Save and Serve, vznikol po tom, \u010do sa niekto sp\u00fdtal majite\u013ea Spyderca Sala Glessera: &#8222;Keby v\u00e1\u0161 syn \u0161iel do arm\u00e1dy, s ak\u00fdm zatv\u00e1rac\u00edm no\u017eom by ste mu poslali?&#8220;<\/p>\n","protected":false},"featured_media":251282,"comment_status":"open","ping_status":"closed","template":"","meta":[],"pwb-brand":[3261],"product_brand":[],"product_cat":[3233,3186],"product_tag":[3668],"class_list":{"0":"post-251293","1":"product","2":"type-product","3":"status-publish","4":"has-post-thumbnail","6":"pwb-brand-zatvaraci-noz-spyderco-endura-flat-ground-gray-frn-c10fpgy","7":"product_cat-zatvaracie-noze","8":"product_cat-noze-sk","9":"product_tag-b2b-sk","11":"first","12":"instock","13":"taxable","14":"shipping-taxable","15":"purchasable","16":"product-type-simple"},"brands":[{"id":3261,"name":"Zatv\u00e1rac\u00ed N\u00f4\u017e Spyderco Endura Flat Ground Gray FRN C10FPGY","slug":"zatvaraci-noz-spyderco-endura-flat-ground-gray-frn-c10fpgy"}],"_links":{"self":[{"href":"https:\/\/www.moskito.cz\/sk\/wp-json\/wp\/v2\/product\/251293","targetHints":{"allow":["GET"]}}],"collection":[{"href":"https:\/\/www.moskito.cz\/sk\/wp-json\/wp\/v2\/product"}],"about":[{"href":"https:\/\/www.moskito.cz\/sk\/wp-json\/wp\/v2\/types\/product"}],"replies":[{"embeddable":true,"href":"https:\/\/www.moskito.cz\/sk\/wp-json\/wp\/v2\/comments?post=251293"}],"wp:featuredmedia":[{"embeddable":true,"href":"https:\/\/www.moskito.cz\/sk\/wp-json\/wp\/v2\/media\/251282"}],"wp:attachment":[{"href":"https:\/\/www.moskito.cz\/sk\/wp-json\/wp\/v2\/media?parent=251293"}],"wp:term":[{"taxonomy":"pwb-brand","embeddable":true,"href":"https:\/\/www.moskito.cz\/sk\/wp-json\/wp\/v2\/pwb-brand?post=251293"},{"taxonomy":"product_brand","embeddable":true,"href":"https:\/\/www.moskito.cz\/sk\/wp-json\/wp\/v2\/product_brand?post=251293"},{"taxonomy":"product_cat","embeddable":true,"href":"https:\/\/www.moskito.cz\/sk\/wp-json\/wp\/v2\/product_cat?post=251293"},{"taxonomy":"product_tag","embeddable":true,"href":"https:\/\/www.moskito.cz\/sk\/wp-json\/wp\/v2\/product_tag?post=251293"}],"curies":[{"name":"wp","href":"https:\/\/api.w.org\/{rel}","templated":true}]}}