{"id":251324,"date":"2023-06-27T19:24:03","date_gmt":"2023-06-27T18:24:03","guid":{"rendered":"https:\/\/www.moskito.cz\/produkt\/zatvaraci-noz-spyderco-paramilitary-2-c81gpcmobk2\/"},"modified":"2025-05-07T10:51:33","modified_gmt":"2025-05-07T09:51:33","slug":"zatvaraci-noz-spyderco-paramilitary-2-c81gpcmobk2","status":"publish","type":"product","link":"https:\/\/www.moskito.cz\/sk\/produkt\/zatvaraci-noz-spyderco-paramilitary-2-c81gpcmobk2\/","title":{"rendered":"Zatv\u00e1rac\u00ed N\u00f4\u017e Spyderco Paramilitary 2 C81GPCMOBK2"},"content":{"rendered":"<p>Zatv\u00e1rac\u00ed N\u00f4\u017e Spyderco Paramilitary 2 C81GPCMOBK2<\/p>\n<p>Zatv\u00e1rac\u00ed bojov\u00fd n\u00f4\u017e Digital Camo G10 Paramilitary 2. Pre\u010do nie\u010do meni\u0165, ke\u010f to funguje? Preto\u017ee v Spyderco praktizuj\u00fa princ\u00edp CQI \u2013 neust\u00e1le zlep\u0161ovanie kvality. Ak m\u00f4\u017eu vylep\u0161i\u0165 a zlep\u0161i\u0165 ergon\u00f3miu alebo rezn\u00fd v\u00fdkon zaveden\u00e9ho modelu, urobia to.<\/p>\n<p>Taktick\u00fd zatv\u00e1rac\u00ed n\u00f4\u017e Spyderco Paramilitary 2 m\u00e1 oproti klasickej verzii nieko\u013eko zmien. Rukov\u00e4\u0165 G-10 je na konci z\u00fa\u017een\u00e1, \u010do zlep\u0161uje ergon\u00f3miu. Rukov\u00e4\u0165 a \u010depe\u013e boli profilovan\u00e9 ten\u0161ie; odstr\u00e1nenie nepr\u00edjemn\u00fdch uhlov v zatvorenej polohe. Je vybaven\u00e1 kompresn\u00fdm z\u00e1mkom a \u0161tvorcestnou sponou, ktor\u00e1 je vhodn\u00e1 na obojstrann\u00e9 pou\u017eitie, ktor\u00e1 pren\u00e1\u0161a klopenie hore\/dole, \u013eav\u00fa\/prav\u00fa ruku a spo\u010d\u00edva hlb\u0161ie vo vrecku. Zachovali rovnak\u00fa vysoko v\u00fdkonn\u00fa \u010depe\u013e CPM-S45VN s plne ploch\u00fdm br\u00fasen\u00edm, ale tie\u017e pred\u013a\u017eili \u0161pi\u010dku \u010depele a pridali \u010fal\u0161ie povrchov\u00e9 ryhovanie ako na chrbticu, tak na prst. Implement\u00e1cia nov\u00e9ho syst\u00e9mu oto\u010dn\u00e9ho \u010dapu puzdra generuje p\u00f4sobenie kvapaliny a konzistentnej\u0161ie v\u00fdrobn\u00e9 tolerancie. V\u00e4\u010d\u0161ia \u0161n\u00farka poskytuje viac mo\u017enost\u00ed nosenia.<\/p>\n<p>Zdokonalenie celkovej kon\u0161trukcie nemus\u00ed by\u0165 drastick\u00e9 alebo dokonca vidite\u013en\u00e9 pre oko, ale od rukov\u00e4te s text\u00farou G-10 po oce\u013eov\u00fa plne ploch\u00fa \u010diernu \u010depe\u013e CPM-S45VN je v\u0161etko ostrej\u0161ie, hlad\u0161ie a zaru\u010dene poskytuje v\u00fdkon a u\u017e\u00edvate\u013esk\u00fd komfort.<\/p>\n<p>\u0160pecifik\u00e1cia<br \/>\nD\u013a\u017eka \u010depele: 9 cm<br \/>\nD\u013a\u017eka v zatvorenom stave: 12 cm<br \/>\nCelkov\u00e1 d\u013a\u017eka: 20.6 cm<br \/>\nMateri\u00e1l \u010depele: CPM-S45VN Nerezov\u00e1 oce\u013e<br \/>\n\u0160t\u00fdl \u010depele: Clip Point<br \/>\nBr\u00fasenie \u010depele: Plne ploch\u00e9<br \/>\nPovrchov\u00e1 \u00faprava \u010depele: sat\u00e9n<br \/>\nOstrie \u010depele: Hladk\u00e9<br \/>\nMateri\u00e1l rukov\u00e4te: Digital Camo G10<br \/>\nUzamykac\u00ed mechanizmus: Kompresia<br \/>\nVreckov\u00fd klip: Vykl\u00e1panie, skl\u00e1panie dole, nosenie v\u013eavo\/vpravo<br \/>\nHmotnos\u0165: 3,81 oz. (108 g.)<br \/>\nVyroben\u00e9 v Golden, Colorado, USA<\/p>\n","protected":false},"excerpt":{"rendered":"<p>Zatv\u00e1rac\u00ed bojov\u00fd n\u00f4\u017e Digital Camo G10 Paramilitary 2. Pre\u010do nie\u010do meni\u0165, ke\u010f to funguje? Preto\u017ee v Spyderco praktizuj\u00fa princ\u00edp CQI \u2013 neust\u00e1le zlep\u0161ovanie kvality.<\/p>\n","protected":false},"featured_media":251313,"comment_status":"open","ping_status":"closed","template":"","meta":[],"pwb-brand":[3261],"product_brand":[],"product_cat":[3233,3186],"product_tag":[3668],"class_list":{"0":"post-251324","1":"product","2":"type-product","3":"status-publish","4":"has-post-thumbnail","6":"pwb-brand-zatvaraci-noz-spyderco-endura-flat-ground-gray-frn-c10fpgy","7":"product_cat-zatvaracie-noze","8":"product_cat-noze-sk","9":"product_tag-b2b-sk","11":"first","12":"instock","13":"taxable","14":"shipping-taxable","15":"purchasable","16":"product-type-simple"},"brands":[{"id":3261,"name":"Zatv\u00e1rac\u00ed N\u00f4\u017e Spyderco Endura Flat Ground Gray FRN C10FPGY","slug":"zatvaraci-noz-spyderco-endura-flat-ground-gray-frn-c10fpgy"}],"_links":{"self":[{"href":"https:\/\/www.moskito.cz\/sk\/wp-json\/wp\/v2\/product\/251324","targetHints":{"allow":["GET"]}}],"collection":[{"href":"https:\/\/www.moskito.cz\/sk\/wp-json\/wp\/v2\/product"}],"about":[{"href":"https:\/\/www.moskito.cz\/sk\/wp-json\/wp\/v2\/types\/product"}],"replies":[{"embeddable":true,"href":"https:\/\/www.moskito.cz\/sk\/wp-json\/wp\/v2\/comments?post=251324"}],"wp:featuredmedia":[{"embeddable":true,"href":"https:\/\/www.moskito.cz\/sk\/wp-json\/wp\/v2\/media\/251313"}],"wp:attachment":[{"href":"https:\/\/www.moskito.cz\/sk\/wp-json\/wp\/v2\/media?parent=251324"}],"wp:term":[{"taxonomy":"pwb-brand","embeddable":true,"href":"https:\/\/www.moskito.cz\/sk\/wp-json\/wp\/v2\/pwb-brand?post=251324"},{"taxonomy":"product_brand","embeddable":true,"href":"https:\/\/www.moskito.cz\/sk\/wp-json\/wp\/v2\/product_brand?post=251324"},{"taxonomy":"product_cat","embeddable":true,"href":"https:\/\/www.moskito.cz\/sk\/wp-json\/wp\/v2\/product_cat?post=251324"},{"taxonomy":"product_tag","embeddable":true,"href":"https:\/\/www.moskito.cz\/sk\/wp-json\/wp\/v2\/product_tag?post=251324"}],"curies":[{"name":"wp","href":"https:\/\/api.w.org\/{rel}","templated":true}]}}