{"id":251482,"date":"2023-06-28T18:13:45","date_gmt":"2023-06-28T17:13:45","guid":{"rendered":"https:\/\/www.moskito.cz\/produkt\/zatvaraci-noz-spyderco-matriarch-2-lightweight-emerson-c12sbk2w\/"},"modified":"2025-05-07T10:51:36","modified_gmt":"2025-05-07T09:51:36","slug":"zatvaraci-noz-spyderco-matriarch-2-lightweight-emerson-c12sbk2w","status":"publish","type":"product","link":"https:\/\/www.moskito.cz\/sk\/produkt\/zatvaraci-noz-spyderco-matriarch-2-lightweight-emerson-c12sbk2w\/","title":{"rendered":"Zatv\u00e1rac\u00ed N\u00f4\u017e Spyderco Matriarch 2 Lightweight Emerson C12SBK2W"},"content":{"rendered":"<p>Zatv\u00e1rac\u00ed N\u00f4\u017e <strong>Spyderco<\/strong> Matriarch 2 Lightweight Emerson C12SBK2W<\/p>\n<p>Pokia\u013e chcete \u010do najr\u00fdchlej\u0161ie otvorenie pre v\u00e1\u0161 Matriarch 2, Matriarch 2 s funkciou Emerson Opening je dobr\u00e1 vo\u013eba. Integrovan\u00fd h\u00e1\u010dik na zadnej strane \u010depele zachyt\u00ed roh v\u00e1\u0161ho vrecka, ke\u010f sa n\u00f4\u017e vy\u0165ahuje, a hladko otv\u00e1ra \u010depe\u013e, ke\u010f n\u00f4\u017e op\u00fa\u0161\u0165a vrecko.<\/p>\n<p>P\u00f4vodn\u00fd Spyderco Matriarch bol in\u0161pirovan\u00fd po\u017eiadavkou n\u00e1\u0161ho juhoafrick\u00e9ho distrib\u00fatora na ekonomickej\u0161iu verziu Civilianu. Matriarch 2 je najnov\u0161\u00edm vyjadren\u00edm tohto konceptu, ktor\u00fd kombinuje agres\u00edvny tvar \u010depele Civilian a profil hrany Reverse &#8222;S&#8220; s \u013eahkou kon\u0161trukciou rukov\u00e4te najpred\u00e1vanej\u0161ej Endura4. V\u00fdsledkom je n\u00f4\u017e, ktor\u00fd poskytuje extr\u00e9mny rezn\u00fd v\u00fdkon v pohodlnom a \u013eahkom balen\u00ed. Jeho \u010depe\u013e z nerezovej ocele SpyderEdge VG-10 je vedecky navrhnut\u00e1 tak, aby maximalizovala rezn\u00fd v\u00fdkon a jej robustn\u00fd zadn\u00fd uzamykac\u00ed mechanizmus, \u0161tvorpolohov\u00e1 spona a okr\u00fahly otvor s ochrannou zn\u00e1mkou zais\u0165uj\u00fa bezkonkuren\u010dn\u00fa v\u0161estrannos\u0165 pren\u00e1\u0161ania a vysokor\u00fdchlostn\u00e9 otv\u00e1ranie.<\/p>\n<p>Otv\u00e1ra\u010d Emerson<\/p>\n<p>Ernest Emerson mal hlbok\u00fd vplyv na no\u017eiarsky priemysel a ako na formu, tak na funkciu modern\u00e9ho taktick\u00e9ho zatv\u00e1racieho no\u017ea. Hoci rozsah jeho vplyvu je extr\u00e9mne \u0161irok\u00fd, jeho mo\u017eno najrevolu\u010dnej\u0161ou novinkou bol \u201eEmerson Opener\u201c. Tie\u017e zn\u00e1my ako \u201eFunkcia v tvare vlny\u201c alebo viac hovorovo \u2013 a nepresne \u2013 \u201eVlna\u201c, pozost\u00e1va z mal\u00e9ho integrovan\u00e9ho h\u00e1\u010dika na chrbte \u010depele skladacieho no\u017ea. Ke\u010f sa zatvoren\u00fd n\u00f4\u017e nesie \u0161pi\u010dkou a vy\u0165ahuje z vrecka, h\u00e1\u010dik sa zachyt\u00ed na okraji vrecka a r\u00fdchlo oto\u010d\u00ed \u010depe\u013e do otvorenej polohy. Pokia\u013e potrebujete pou\u017ei\u0165 svoj zatv\u00e1rac\u00ed n\u00f4\u017e v zhone, Emerson Opener je va\u0161ou najr\u00fdchlej\u0161ou vo\u013ebou.<\/p>\n<p>No\u017eiarska cesta Ernesta Emersona<\/p>\n<p>Ernest Emerson, rod\u00e1k zo severn\u00e9ho Wisconsinu, sa narodil 7. marca 1955. Na strednej \u0161kole bol nadan\u00fdm \u0161portovcom a svoju celo\u017eivotn\u00fa posadnutos\u0165 bojov\u00fdmi umeniami za\u010dal v 16 rokoch tr\u00e9ningom v Yudo, k\u00f3rejskej verzii juda. Nav\u0161tevoval University of Wisconsin-Lacrosse a z\u00edskal tituly v telesnej v\u00fdchove a svetovej hist\u00f3rii, rovnako ako hned\u00fd p\u00e1s v Kyokushinkai Karate a \u010dierny p\u00e1s v Shotokan Karate.<\/p>\n<p>Ihne\u010f po prom\u00f3cii sa Emerson pres\u0165ahoval do ju\u017enej Kalifornie s jedin\u00fdm cie\u013eom roz\u0161\u00edri\u0165 svoje vzdelanie v bojov\u00fdch umeniach na sl\u00e1vnej akad\u00e9mii bojov\u00fdch umen\u00ed Inosanto pod veden\u00edm chr\u00e1nencov Bruce Lee Dana Inosanta a Richarda Bustilla. Tam \u0161tudoval filip\u00ednske umenie Kali a Bruce Leeho syst\u00e9my Jun Fan Gung Fu a Jeet Kune Do. Nesk\u00f4r tie\u017e tr\u00e9noval v braz\u00edlskom Jujitsu pod uzn\u00e1van\u00fdmi Royce a Rorion Gracie. Po\u010das tejto doby sa Emerson \u017eivil ako strojn\u00edk a kon\u0161trukt\u00e9r pre Hughes Aircraft.<\/p>\n<p>V roku 1978, v r\u00e1mci \u0161t\u00fadia filip\u00ednskych bojov\u00fdch umen\u00ed, Emerson zistil, \u017ee potrebuje balisong alebo mot\u00fdl\u00ed n\u00f4\u017e. Balisongy vtedy neboli be\u017ene dostupn\u00e9, a tak sa rozhodol vyrobi\u0165 si vlastn\u00fd. Ke\u010f to videli jeho spolu\u017eiaci, po\u017eiadali Emersona, aby pre nich tie\u017e vyrobil no\u017ee. Balisongy r\u00fdchlo viedli k no\u017eom s pevnou \u010depe\u013eou a potom, \u010do videl Michael Walker z\u00e1kazkov\u00fa zlo\u017eku LinerLock na v\u00fdstave zbran\u00ed, nakoniec k zatv\u00e1rac\u00edm no\u017eom. S Walkerov\u00fdm po\u017eehnan\u00edm za\u010dal Emerson vyr\u00e1ba\u0165 zatv\u00e1racie no\u017ee LinerLock a \u010doskoro sa stal no\u017eiarom na pln\u00fd \u00fav\u00e4zok. In\u0161piroval sa svojou pr\u00e1cou v leteckom priemysle, za\u010dlenil najmodernej\u0161ie, vysoko v\u00fdkonn\u00e9 materi\u00e1ly a s\u00fastredil sa na starostlivo spracovan\u00e9 no\u017ee investi\u010dnej kvality.<\/p>\n<p>V polovici 80. rokov Emerson presunul svoje zameranie na spart\u00e1nskej\u0161ie, takticky zameran\u00e9 n\u00e1vrhy. Osvojil si aj jednostrann\u00e9 dl\u00e1tov\u00e9 br\u00fasenie \u2013 charakteristick\u00fd prvok no\u017eov svojho kolegu no\u017eiera Phila Hartsfielda, ktor\u00fd vyr\u00e1bal no\u017ee pre \u010dlenov jednotiek West Coast US Navy SEALs. Ke\u010f SEALs po\u017eiadali Hartsfielda, aby vyrobil zatv\u00e1racie no\u017ee, vysvetlil, \u017ee vyr\u00e1ba iba pevn\u00e9 \u010depele a predstavil ich Emersonovi. Emersonove zlo\u017eky sa medzi SEAL r\u00fdchlo stali nevyhnutnou v\u00fdbavou a t\u00e1to popularita sa \u010doskoro roz\u0161\u00edrila do \u010fal\u0161\u00edch americk\u00fdch a zahrani\u010dn\u00fdch jednotiek \u0161peci\u00e1lnych oper\u00e1ci\u00ed a elitn\u00fdch donucovac\u00edch org\u00e1nov. Nesk\u00f4r to viedlo k spolupr\u00e1ci s nieko\u013ek\u00fdmi popredn\u00fdmi v\u00fdrobcami komer\u010dn\u00fdch no\u017eov a nakoniec k Emerson Knives, Inc., Emersonovej vlastnej spolo\u010dnosti na v\u00fdrobu no\u017eov, ktor\u00fa zalo\u017eil so svojou \u017eenou Mary.<\/p>\n<p>Emersonove legend\u00e1rne n\u00e1vrhy boli vystaven\u00e9 v Metropolitnom Museum of Art a Smithsonian Museum \u2013 \u010do je pre no\u017eiera bezprecedentn\u00fd \u00faspech \u2013 a jeho no\u017eom na\u010falej d\u00f4veruj\u00fa niektor\u00ed z najelitnej\u0161\u00edch bojovn\u00edkov sveta.<\/p>\n<p>Zrodenie otv\u00e1ra\u010da Emerson<\/p>\n<p>Otv\u00e1ra\u010d Emerson je jednou z najdynamickej\u0161\u00edch inov\u00e1ci\u00ed s\u00favisiacich s no\u017eom, ak\u00e9 boli kedy vyvinut\u00e9, av priebehu rokov bol pou\u017e\u00edvan\u00fd \u2013 s po\u017eehnan\u00edm spolo\u010dnosti Emerson aj bez neho \u2013 na nespo\u010detn\u00fdch no\u017eoch. Skuto\u010dn\u00fd vyn\u00e1lez tejto funkcie v\u0161ak bola n\u00e1hoda. Pod\u013ea Emersona chceli in\u0161truktori americk\u00e9ho Navy SEALs Combat Fighting Course vyvin\u00fa\u0165 \u0161pecifick\u00fd n\u00f4\u017e na bojov\u00e9 pou\u017eitie. Jedn\u00fdm z prvkov, ktor\u00e9 chceli na dizajne, bol \u201ezachyt\u00e1va\u010d \u010depele\u201c na chrbte \u010depele, ktor\u00fd mal chr\u00e1ni\u0165 ruku pou\u017e\u00edvate\u013ea. Emerson t\u00fato funkciu za\u010dlenil do svojho ikonick\u00e9ho modelu Commander a rozhodol sa ho vytvarova\u0165 ako mal\u00fa vlnu oce\u00e1nu. Ke\u010f dokon\u010dil prv\u00e9 prototypy n\u00e1vrhu, nieko\u013eko jednotiek SEAL z americkej n\u00e1mornej z\u00e1kladne Coronado pri\u0161lo do jeho dielne, aby ich vyzdvihlo na testovanie a hodnotenie.<\/p>\n<p>Kr\u00e1tko potom, \u010do SEAL odi\u0161li, Emerson vytiahol svoj prototyp no\u017ea a zrazu si uvedomil, \u017ee ke\u010f si vy\u010distil vrecko, \u201elapa\u010d \u010depele\u201c sa zachytil a \u010diasto\u010dne otvoril \u010depe\u013e. Spo\u010diatku sa ob\u00e1val, \u017ee by mohlo \u00eds\u0165 o bezpe\u010dnostn\u00fd probl\u00e9m, ale ke\u010f experiment opakoval s v\u00e4\u010d\u0161ou vervou, uvedomil si, \u017ee t\u00e1to funkcia otvorila \u010depe\u013e spo\u013eahlivo a ve\u013emi r\u00fdchlo. Pr\u00e1ve ke\u010f mal toto zjavenie, zazvonil telef\u00f3n v jeho obchode. Boli to SEALs z Coronado, ktor\u00ed sa pr\u00e1ve vr\u00e1tili na z\u00e1klad\u0148u, za\u010dali vyhodnocova\u0165 n\u00f4\u017e a objavili rovnak\u00fa \u00fa\u017easn\u00fa funkciu automatick\u00e9ho otv\u00e1rania ako \u201elapa\u010d \u010depel\u00ed\u201c.<\/p>\n<p>Kv\u00f4li jeho tvaru Emerson nazval svoj vyn\u00e1lez &#8222;Wave&#8220; a po\u017eiadal o \u00fa\u017eitkov\u00fd patent na\u0148 v roku 1997. Tento patent \u010d. 5 878 500 bol udelen\u00fd v marci 1999, ale od doby, ke\u010f \u010fal\u0161ia spolo\u010dnos\u0165 zaoberaj\u00faca sa v\u00fdrobou no\u017eov a n\u00e1strojov, Leatherman, pou\u017eila ochrann\u00fa zn\u00e1mku \u201eVlna\u201c, ako sa pou\u017e\u00edvalo pri no\u017eoch, Emerson zmenil ofici\u00e1lny term\u00edn pre tento v\u00fdraz na \u201eprvok otv\u00e1rania v tvare vlny.\u201c Urobil z neho tie\u017e po\u017eadovan\u00fd prvok v\u0161etk\u00fdch no\u017eov, ktor\u00e9 jeho spolo\u010dnos\u0165 vyr\u00e1bala pre vojensk\u00e9 z\u00e1kazky a z\u00e1kazky na vym\u00e1hanie pr\u00e1va .<\/p>\n<p>Spoluzakladate\u013e Spyderco Sal Glesser, horliv\u00fd nasledovn\u00edk v\u0161etk\u00e9ho nov\u00e9ho v\u00fdvoja v no\u017eiarskom priemysle, ocenil brilantnos\u0165 Emersonovho vyn\u00e1lezu a oslovil ho oh\u013eadom mo\u017enosti licencova\u0165 ho na pou\u017eitie pri vybran\u00fdch n\u00e1vrhoch Spyderco. V roku 2006 sme vydali verzie popul\u00e1rnych Delica 4 a Endura 4 Lightweights, ktor\u00e9 hrdo zah\u0155\u0148ali n\u00e1\u0161 v\u00fdraz otv\u00e1ra\u010da Emerson. Aby spolo\u010dnos\u0165 Spyderco potvrdila form\u00e1lnu licenciu tejto funkcie, vyryla Emersonovo \u010d\u00edslo patentu na zadn\u00fa stranu \u010depele.<\/p>\n<p>Odvtedy sa \u201efunkcia otv\u00e1rania v tvare vlny\u201c objavila na mnoh\u00fdch \u010fal\u0161\u00edch modeloch Spyderco, vr\u00e1tane Rescue 93mm, Endura a Delica Trainers, Matriarch 2, Karahawk, Tropen a P&#8217;Kal a P&#8217;Kal Trainer, ktor\u00e9 s\u00fa jedine\u010dn\u00e9 v tom, \u017ee obsahuj\u00fa odn\u00edmate\u013en\u00fd Emerson Opener, ktor\u00fd sa skrutkuje do chrbta \u010depele. Ned\u00e1vno bol Emersonov vyn\u00e1lez za\u010dlenen\u00fd do Endela Lightweight, Dragonfly 2 a Byrd Cara Cara 2 Lightweight, rovnako ako nieko\u013eko exkluz\u00edvnych modelov z limitovanej ed\u00edcie, vr\u00e1tane vyjadrenia popul\u00e1rneho Paramilitary 2.<\/p>\n<p>V janu\u00e1ri 2016 bola Ernestovi Emersonovi udelen\u00e1 v USA registrovan\u00e1 ochrann\u00e1 zn\u00e1mka #4 879 356 za ikonick\u00fd, propriet\u00e1rny dizajn jeho \u201eWave Shaped Feature\u201c. Jeho \u00fa\u017eitkov\u00fd patent vypr\u0161al v roku 2017 a od tej doby bolo pomocou Emerson Opener vyroben\u00fdch mnoho no\u017eov bez pripisovania Emersonovi alebo jeho revolu\u010dnej inov\u00e1cii. Existuje tie\u017e nespo\u010detn\u00e9 mno\u017estvo improvizovan\u00fdch zariaden\u00ed, \u00faprav \u010depel\u00ed a doplnkov pre trh s n\u00e1hradn\u00fdmi dielmi, ktor\u00e9 napodob\u0148uj\u00fa funkciu otv\u00e1ra\u010da Emerson. Ni\u010d v\u0161ak neprekon\u00e1 origin\u00e1l. Za t\u00fdmto \u00fa\u010delom spolo\u010dnos\u0165 Spyderco na\u010falej ofici\u00e1lne licencuje t\u00fato jedine\u010dn\u00fa funkciu od spolo\u010dnosti Emerson \u2013 dokonca aj po vypr\u0161an\u00ed patentu \u2013 a je nesmierne hrd\u00e1 na dlhoro\u010dn\u00e9 priate\u013estvo, ktor\u00e9 sme si u\u017eili s t\u00fdmto legend\u00e1rnym no\u017eiarom.<\/p>\n<p>SPR\u00c1VNE POU\u017d\u00cdVANIE OTV\u00c1RA\u010cA EMERSON<\/p>\n<p>Edge-U-Cation\u00ae<\/p>\n<p>Na rozdiel od be\u017en\u00fdch zatv\u00e1rac\u00edch no\u017eov s otv\u00e1ran\u00edm jednou rukou alebo dokonca automatick\u00fdch no\u017eov, ktor\u00e9 umo\u017e\u0148uj\u00fa r\u00fdchle otvorenie \u010depele po vytiahnut\u00ed no\u017ea, otv\u00e1ra\u010d Emerson nas\u00fava \u010depe\u013e, ke\u010f vy\u010dist\u00ed vrecko, a je preto najr\u00fdchlej\u0161ou dostupnou met\u00f3dou otv\u00e1rania. Dosiahnutie tejto r\u00fdchlosti v\u0161ak st\u00e1le vy\u017eaduje spr\u00e1vne nosenie a dobr\u00fa techniku.<\/p>\n<p>Rovnako ako pri ka\u017edej novej zru\u010dnosti je najlep\u0161ie za\u010da\u0165 pomaly. Pokia\u013e je to mo\u017en\u00e9, pou\u017eite najsk\u00f4r trena\u017e\u00e9rsku verziu no\u017ea Emerson Opener a a\u017e budete ma\u0165 pocit, \u017ee ste pripraven\u00ed, prejdite k \u017eivej \u010depeli. Aby ste predi\u0161li \u0161kod\u00e1m na majetku alebo zraneniam ostatn\u00fdch, v\u017edy sa pred otvoren\u00edm no\u017ea uistite, \u017ee sa v oblasti okolo v\u00e1s nenach\u00e1dzaj\u00fa \u013eudia ani prek\u00e1\u017eky. Tie\u017e, preto\u017ee Emerson Opener sa zah\u00e1kne na \u00fastie vreck\u00e1, funguje najlep\u0161ie s nohavicami vyroben\u00fdmi z pevnej l\u00e1tky. Spolo\u010densk\u00e9 nohavice a in\u00e9 nohavice vyroben\u00e9 z \u013eahk\u00fdch l\u00e1tok nie s\u00fa vhodn\u00e9 na pou\u017eitie s t\u00fdmto sp\u00f4sobom otv\u00e1rania.<\/p>\n<p>\u0160tandardn\u00fd \u00fachop:<\/p>\n<p>Ak chcete natiahnu\u0165 a otvori\u0165 n\u00f4\u017e do \u0161tandardn\u00e9ho \u00fachopu \u2013 tak\u017ee \u010depe\u013e vy\u010dnieva z palcovej strany va\u0161ej ruky \u2013 najprv sa uistite, \u017ee je nakonfigurovan\u00fd na nosenie nakl\u00e1pan\u00edm, a to tak, \u017ee pripevn\u00edte sponu na zadn\u00fd koniec rukov\u00e4te. Pripnite zatvoren\u00fd n\u00f4\u017e ku vrecku s telom no\u017ea vo vn\u00fatri vrecka a no\u017eom umiestnen\u00fdm a\u017e k zadnej \u010dasti vrecka. Chrb\u00e1t \u010depele by mal smerova\u0165 dozadu.<\/p>\n<p>Siahnite palcom do vrecka \u010do najhlb\u0161ie a ukazujte ju pevne proti strane rukov\u00e4te no\u017ea. S\u00fa\u010dasne kr\u010dte prsty tak, aby sa ukazov\u00e1k zah\u00e1kol pod \u0161pi\u010dku spony. Aplikujte zvierac\u00ed tlak medzi palcom a prstami, aby ste zaistili bezpe\u010dn\u00e9 uchopenie no\u017ea. Ke\u010f zdvihnete n\u00f4\u017e hore, vyv\u00edjajte mierny tlak dozadu, aby ste dr\u017eali chrb\u00e1t \u010depele proti zadnej \u010dasti vrecka. Ke\u010f sa otv\u00e1ra\u010d Emerson zah\u00e1kne na \u00fastie vreck\u00e1, pokra\u010dujte v tasen\u00ed tak, aby sa va\u0161e pa\u017ee natiahla mierne za v\u00e1s a \u010depe\u013e bezpe\u010dne uvo\u013enila va\u0161e telo, aby sa zaistila v plne otvorenej polohe.<\/p>\n<p>Cvi\u010dte tieto pohyby pomaly a opatrne, k\u00fdm sa s nimi nebudete \u00faplne c\u00edti\u0165. Potom postupne zvy\u0161ujte r\u00fdchlos\u0165 a z\u00e1rove\u0148 sa zamerajte na bezpe\u010dnos\u0165.<\/p>\n<p>Reverzn\u00fd \u00fachop:<\/p>\n<p>No\u017ee Spyderco s otv\u00e1ra\u010dmi Emerson je mo\u017en\u00e9 tie\u017e nakonfigurova\u0165 tak, aby ich bolo mo\u017en\u00e9 zatiahnu\u0165 do opa\u010dn\u00e9ho \u00fachopu, pri\u010dom \u010depe\u013e vy\u010dnieva zo strany mal\u00ed\u010dka ruky. Ak chcete svoj n\u00f4\u017e nakonfigurova\u0165 pre tento typ tasenia, namontujte sponu na zadn\u00fd koniec rukov\u00e4te tak, aby chrb\u00e1t zatvorenej \u010depele smeroval dopredu, ke\u010f je n\u00f4\u017e zacvaknut\u00fd do vrecka. Najlep\u0161ie v\u00fdsledky dosiahnete, ke\u010f n\u00f4\u017e zacvaknete vo vrecku \u010falej dopredu, bli\u017e\u0161ie k stredovej l\u00ednii tela.<\/p>\n<p>Ak chcete kresli\u0165 z tejto poz\u00edcie, siahnite palcom hlboko do vrecka a ukazujte ho proti rukov\u00e4ti no\u017ea. Pritom sa uistite, \u017ee stojina palca je v zadnej \u010dasti pa\u017eby rukov\u00e4te. Polo\u017ete kon\u010deky prstov ukazov\u00e1ka a prostredn\u00edka na z\u00e1klad\u0148u spony a vyvi\u0148te tlak medzi nimi a palcom. Dr\u017ete pevne rukov\u00e4\u0165 a vytiahnite n\u00f4\u017e z vrecka. Po\u010das toho vyv\u00edjajte tlak dopredu, aby ste posunuli chrb\u00e1t uzavretej \u010depele proti prednej \u010dasti v\u00e1\u0161ho vrecka. Akon\u00e1hle n\u00f4\u017e vy\u010dist\u00ed vrecko, otv\u00e1ra\u010d Emerson zachyt\u00ed hranu vrecka a oto\u010d\u00ed \u010depe\u013e do otvorenej polohy.<\/p>\n<p>Op\u00e4\u0165 cvi\u010dte tieto pohyby pomaly a opatrne a d\u00f4kladne si ich urobte, ne\u017e zv\u00fd\u0161ite r\u00fdchlos\u0165. Po\u010das toho zist\u00edte, \u017ee na \u00fapln\u00e9 nasadenie a zablokovanie \u010depele bude potrebn\u00fd aspo\u0148 mierny stupe\u0148 r\u00fdchlosti.<\/p>\n<p>Kreslenie bez otvorenia:<\/p>\n<p>Pokia\u013e nepotrebujete svoj n\u00f4\u017e vybaven\u00fd otv\u00e1ra\u010dom Emerson otv\u00e1ra\u0165 v zhone, m\u00f4\u017eete ho tie\u017e tasi\u0165 bez automatick\u00e9ho otv\u00e1rania \u010depele. Na to pou\u017eite rovnak\u00fa rukov\u00e4\u0165 a mechaniku, ak\u00e1 bola pop\u00edsan\u00e1 sk\u00f4r, ale pretiahnite n\u00f4\u017e stredom vrecka bez toho, aby ste dovolili h\u00e1\u010diku zachyti\u0165 \u00fastie vreck\u00e1. M\u00f4\u017eete tie\u017e pou\u017ei\u0165 ukazov\u00e1k na vyv\u00edjanie tlaku na chrb\u00e1t \u010depele a pri tasen\u00ed no\u017ea ju dr\u017ea\u0165 zatvoren\u00fa.<\/p>\n<p>Emerson Opener je unik\u00e1tna funkcia, ktor\u00e1 v\u00fdrazne zvy\u0161uje r\u00fdchlos\u0165 a jednoduchos\u0165 nasadenia na\u0161ich no\u017eov. Aby ste to vyu\u017eili na maximum, pam\u00e4tajte na pr\u00edslovie Navy SEAL: \u201ePomal\u00e9 je plynul\u00e9 a plynul\u00e9 je r\u00fdchle.\u201c Urobte si \u010das, aby ste sa dostali hladko a r\u00fdchlo, pr\u00edde prirodzene.<\/p>\n<p>\u0160pecifik\u00e1cia<br \/>\nUzavret\u00e9: 12.6 cm<br \/>\nCelkov\u00e1: 21.7 cm<br \/>\n\u010cepe\u013e: 9.1 cm<br \/>\nHr\u00fabka \u010depele: 0.3 cm<br \/>\nPriemer otvoru \u010depele: 0,46&#8243;<br \/>\nOce\u013e: VG-10<br \/>\nMateri\u00e1l rukov\u00e4te: Nylon vystu\u017een\u00fd sklen\u00fdmi vl\u00e1knami (FRN)<br \/>\nHmotnos\u0165: 3,5 oz. (99 g)<br \/>\nBr\u00fasenie: Dut\u00e9<br \/>\nKlip: 4-polohov\u00fd\/obojstrann\u00fd<br \/>\nVyroben\u00e9 v Japonsku<\/p>\n","protected":false},"excerpt":{"rendered":"<p><strong>Pokia\u013e chcete \u010do najr\u00fdchlej\u0161ie otvorenie pre v\u00e1\u0161 Matriarch 2, Matriarch 2 s funkciou Emerson Opening je dobr\u00e1 vo\u013eba.<\/strong><\/p>\n","protected":false},"featured_media":251474,"comment_status":"open","ping_status":"closed","template":"","meta":[],"pwb-brand":[3261],"product_brand":[],"product_cat":[3233,3186],"product_tag":[3668],"class_list":{"0":"post-251482","1":"product","2":"type-product","3":"status-publish","4":"has-post-thumbnail","6":"pwb-brand-zatvaraci-noz-spyderco-endura-flat-ground-gray-frn-c10fpgy","7":"product_cat-zatvaracie-noze","8":"product_cat-noze-sk","9":"product_tag-b2b-sk","11":"first","12":"instock","13":"taxable","14":"shipping-taxable","15":"purchasable","16":"product-type-simple"},"brands":[{"id":3261,"name":"Zatv\u00e1rac\u00ed N\u00f4\u017e Spyderco Endura Flat Ground Gray FRN C10FPGY","slug":"zatvaraci-noz-spyderco-endura-flat-ground-gray-frn-c10fpgy"}],"_links":{"self":[{"href":"https:\/\/www.moskito.cz\/sk\/wp-json\/wp\/v2\/product\/251482","targetHints":{"allow":["GET"]}}],"collection":[{"href":"https:\/\/www.moskito.cz\/sk\/wp-json\/wp\/v2\/product"}],"about":[{"href":"https:\/\/www.moskito.cz\/sk\/wp-json\/wp\/v2\/types\/product"}],"replies":[{"embeddable":true,"href":"https:\/\/www.moskito.cz\/sk\/wp-json\/wp\/v2\/comments?post=251482"}],"wp:featuredmedia":[{"embeddable":true,"href":"https:\/\/www.moskito.cz\/sk\/wp-json\/wp\/v2\/media\/251474"}],"wp:attachment":[{"href":"https:\/\/www.moskito.cz\/sk\/wp-json\/wp\/v2\/media?parent=251482"}],"wp:term":[{"taxonomy":"pwb-brand","embeddable":true,"href":"https:\/\/www.moskito.cz\/sk\/wp-json\/wp\/v2\/pwb-brand?post=251482"},{"taxonomy":"product_brand","embeddable":true,"href":"https:\/\/www.moskito.cz\/sk\/wp-json\/wp\/v2\/product_brand?post=251482"},{"taxonomy":"product_cat","embeddable":true,"href":"https:\/\/www.moskito.cz\/sk\/wp-json\/wp\/v2\/product_cat?post=251482"},{"taxonomy":"product_tag","embeddable":true,"href":"https:\/\/www.moskito.cz\/sk\/wp-json\/wp\/v2\/product_tag?post=251482"}],"curies":[{"name":"wp","href":"https:\/\/api.w.org\/{rel}","templated":true}]}}