{"id":251543,"date":"2023-06-28T20:03:37","date_gmt":"2023-06-28T19:03:37","guid":{"rendered":"https:\/\/www.moskito.cz\/produkt\/zatvaraci-noz-spyderco-stretch-2xl-lightweight-c258pbk\/"},"modified":"2023-06-28T20:03:37","modified_gmt":"2023-06-28T19:03:37","slug":"zatvaraci-noz-spyderco-stretch-2xl-lightweight-c258pbk","status":"publish","type":"product","link":"https:\/\/www.moskito.cz\/sk\/produkt\/zatvaraci-noz-spyderco-stretch-2xl-lightweight-c258pbk\/","title":{"rendered":"Zatv\u00e1rac\u00ed N\u00f4\u017e Spyderco Stretch 2XL Lightweight C258PBK"},"content":{"rendered":"<p>Napriek svojej v\u00e4\u010d\u0161ej ve\u013ekosti je Stretch 2 XL v skuto\u010dnosti o 29 percent \u013eah\u0161\u00ed ako Stretch 2 Lightweight \u2013 nakl\u00e1\u0148anie mer\u00edtka na iba 2,7 unca (77 gramov). Dosahuje t\u00fato \u00fa\u017easn\u00fa kvalitu t\u00fdm, \u017ee up\u00fa\u0161\u0165a od vlo\u017eiek z nerezovej ocele svojho predchodcu a pou\u017e\u00edva kon\u0161trukciu bez vlo\u017eky. Jeho vstrekovan\u00e9 FRN rukov\u00e4\u0165ov\u00e9 v\u00e1hy maj\u00fa na svojich vn\u00fatorn\u00fdch povrchoch sie\u0165 zosilnen\u00fdch rebier, ktor\u00e1 im dod\u00e1va zv\u00fd\u0161en\u00fa \u0161truktur\u00e1lnu pevnos\u0165. Vonkaj\u0161ie povrchy s\u00fa opatren\u00e9 dvojsmern\u00fdm vzorom text\u00fary pre bezpe\u010dn\u00fd a nek\u013azav\u00fd \u00fachop aj v t\u00fdch najn\u00e1ro\u010dnej\u0161\u00edch podmienkach. Robustn\u00fd lockback mechanizmus bezpe\u010dne uzamkne \u010depe\u013e pri pou\u017e\u00edvan\u00ed a plne konfigurovate\u013en\u00e1 \u0161tvorpolohov\u00e1 vreckov\u00e1 spona poskytuje v\u00fdber z \u013eavej alebo pravej strany, prekl\u00e1panie alebo prekl\u00e1panie. Tieto vlastnosti spolu s \u00faplne symetrick\u00fdm dizajnom no\u017ea<\/p>\n<p>Pon\u00faka extra ve\u013ek\u00fd rezn\u00fd v\u00fdkon v ultra\u013eahkom balen\u00ed. Tento pozoruhodn\u00fd zatv\u00e1rac\u00ed n\u00f4\u017e, vyvrcholenie evolu\u010dn\u00e9ho procesu, ktor\u00fd trval takmer \u0161tyri desa\u0165ro\u010dia, je vo svojej vlastnej triede.<\/p>\n<p>\u0160pecifik\u00e1cia<br \/>\nD\u013a\u017eka \u010depele: 10 cm<br \/>\nD\u013a\u017eka v zatvorenom stave: 12.6 cm<br \/>\nCelkov\u00e1 d\u013a\u017eka: 22.5 cm<br \/>\nHr\u00fabka \u010depele: 0.3 cm<br \/>\nMateri\u00e1l \u010depele: VG10 Nerezov\u00e1 oce\u013e<br \/>\n\u0160t\u00fdl \u010depele: Tvar listu<br \/>\nBr\u00fasenie \u010depele: Plne ploch\u00e9<br \/>\nPovrchov\u00e1 \u00faprava \u010depele: sat\u00e9n<br \/>\nOstrie \u010depele: Hladk\u00e9<br \/>\nMateri\u00e1l rukov\u00e4te: FRN<br \/>\nFarba rukov\u00e4te: \u010cierna<br \/>\nUzamykac\u00ed mechanizmus: Lockback<br \/>\nVreckov\u00e1 spona: Nerezov\u00e1 oce\u013e (Tip-Up\/Down, Right\/Left carry)<br \/>\n\u010c\u00edslo modelu: C258PBK<br \/>\nN\u00e1zov modelu: Stretch 2XL Lightweight<br \/>\nHmotnos\u0165: 2,7 oz. (77 g)<br \/>\nVyroben\u00e9 v Japonsku<\/p>\n","protected":false},"excerpt":{"rendered":"<p>Spyderco&#8217;s Stretch 2 XL Lightweight je \u010fal\u0161ou kapitolou pr\u00edbehu, ktor\u00fd sa za\u010dal pred desiatkami rokov. Jeho dlh\u00e1, bohat\u00e1 hist\u00f3ria za\u010dala so zameran\u00edm na potreby lovcov a outdoorsmanov; ale jeho dizajn sa neust\u00e1le vyv\u00edjal \u010faleko za tento rozsah, aby sa stal jedn\u00fdm z najschopnej\u0161\u00edch univerz\u00e1lnych zatv\u00e1rac\u00edch no\u017eov v na\u0161om rade.<\/p>\n","protected":false},"featured_media":251532,"comment_status":"open","ping_status":"closed","template":"","meta":[],"pwb-brand":[3261],"product_brand":[],"product_cat":[3233,3186],"product_tag":[3668],"class_list":{"0":"post-251543","1":"product","2":"type-product","3":"status-publish","4":"has-post-thumbnail","6":"pwb-brand-zatvaraci-noz-spyderco-endura-flat-ground-gray-frn-c10fpgy","7":"product_cat-zatvaracie-noze","8":"product_cat-noze-sk","9":"product_tag-b2b-sk","11":"first","12":"instock","13":"taxable","14":"shipping-taxable","15":"purchasable","16":"product-type-simple"},"brands":[{"id":3261,"name":"Zatv\u00e1rac\u00ed N\u00f4\u017e Spyderco Endura Flat Ground Gray FRN C10FPGY","slug":"zatvaraci-noz-spyderco-endura-flat-ground-gray-frn-c10fpgy"}],"_links":{"self":[{"href":"https:\/\/www.moskito.cz\/sk\/wp-json\/wp\/v2\/product\/251543","targetHints":{"allow":["GET"]}}],"collection":[{"href":"https:\/\/www.moskito.cz\/sk\/wp-json\/wp\/v2\/product"}],"about":[{"href":"https:\/\/www.moskito.cz\/sk\/wp-json\/wp\/v2\/types\/product"}],"replies":[{"embeddable":true,"href":"https:\/\/www.moskito.cz\/sk\/wp-json\/wp\/v2\/comments?post=251543"}],"wp:featuredmedia":[{"embeddable":true,"href":"https:\/\/www.moskito.cz\/sk\/wp-json\/wp\/v2\/media\/251532"}],"wp:attachment":[{"href":"https:\/\/www.moskito.cz\/sk\/wp-json\/wp\/v2\/media?parent=251543"}],"wp:term":[{"taxonomy":"pwb-brand","embeddable":true,"href":"https:\/\/www.moskito.cz\/sk\/wp-json\/wp\/v2\/pwb-brand?post=251543"},{"taxonomy":"product_brand","embeddable":true,"href":"https:\/\/www.moskito.cz\/sk\/wp-json\/wp\/v2\/product_brand?post=251543"},{"taxonomy":"product_cat","embeddable":true,"href":"https:\/\/www.moskito.cz\/sk\/wp-json\/wp\/v2\/product_cat?post=251543"},{"taxonomy":"product_tag","embeddable":true,"href":"https:\/\/www.moskito.cz\/sk\/wp-json\/wp\/v2\/product_tag?post=251543"}],"curies":[{"name":"wp","href":"https:\/\/api.w.org\/{rel}","templated":true}]}}