{"id":251560,"date":"2023-06-28T20:25:37","date_gmt":"2023-06-28T19:25:37","guid":{"rendered":"https:\/\/www.moskito.cz\/produkt\/zatvaraci-noz-spyderco-rockjumper-c254pbk\/"},"modified":"2025-05-07T10:51:38","modified_gmt":"2025-05-07T09:51:38","slug":"zatvaraci-noz-spyderco-rockjumper-c254pbk","status":"publish","type":"product","link":"https:\/\/www.moskito.cz\/sk\/produkt\/zatvaraci-noz-spyderco-rockjumper-c254pbk\/","title":{"rendered":"Zatv\u00e1rac\u00ed N\u00f4\u017e Spyderco RockJumper C254PBK"},"content":{"rendered":"<p>Sal, koncipovan\u00fd ako praktick\u00fd rezac\u00ed n\u00e1stroj s kompletn\u00fdm servisom pre vonkaj\u0161ie a be\u017en\u00e9 pou\u017eitie, pomenoval tento n\u00f4\u017e RockJumper, preto\u017ee c\u00edtil, \u017ee jeho vlastnosti z neho robia ide\u00e1lny rezn\u00fd n\u00e1stroj pre pou\u017eitie horolezcami. Ch\u00e1peme, \u017ee lezci maj\u00fa na no\u017ee \u010dasto siln\u00e9 n\u00e1zory pre a proti, ale pre t\u00fdch, ktor\u00ed ich zahrn\u00fa do svojej sady, je RockJumper \u0165a\u017ek\u00e9 porazi\u0165. Pre nelezcov je to e\u0161te \u0165a\u017e\u0161ie porazi\u0165.<\/p>\n<p>\u0160pecifik\u00e1cia<br \/>\nD\u013a\u017eka \u010depele: 7.8 cm<br \/>\nD\u013a\u017eka v zatvorenom stave: 11.2 cm<br \/>\nCelkov\u00e1 d\u013a\u017eka: 19 cm<br \/>\nHr\u00fabka \u010depele: 0.3 cm<br \/>\nMateri\u00e1l \u010depele: VG10 Nerezov\u00e1 oce\u013e<br \/>\n\u0160t\u00fdl \u010depele: Wharncliffe<br \/>\nBr\u00fasenie \u010depele: Plne ploch\u00e9<br \/>\nPovrchov\u00e1 \u00faprava \u010depele: sat\u00e9n<br \/>\nOstrie \u010depele: Hladk\u00e9<br \/>\nMateri\u00e1l rukov\u00e4te: FRN<br \/>\nFarba rukov\u00e4te: \u010cierna<br \/>\nUzamykac\u00ed mechanizmus: Lockback<br \/>\nVreckov\u00e1 spona: Nerezov\u00e1 oce\u013e (Tip-Up\/Down, Right\/Left carry)<br \/>\n\u010c\u00edslo modelu: C254PBK<br \/>\nN\u00e1zov modelu: Rockjumper<br \/>\nHmotnos\u0165: 3,1 oz. (88 g)<br \/>\nVyroben\u00e9 v Japonsku<\/p>\n","protected":false},"excerpt":{"rendered":"<p>Na prv\u00fd poh\u013ead sa Spyderco RockJumper jav\u00ed ako ni\u010d in\u00e9 ako \u013eahk\u00fd n\u00f4\u017e s \u010depe\u013eou Wharncliffe, ktor\u00e1 m\u00e1 ve\u013ekos\u0165 tak, aby rozdelila rozdiel medzi najpred\u00e1vanej\u0161\u00edm Spyderco Delica 4 a Endura 4.<\/p>\n","protected":false},"featured_media":251548,"comment_status":"open","ping_status":"closed","template":"","meta":[],"pwb-brand":[3261],"product_brand":[],"product_cat":[3233,3186],"product_tag":[3668],"class_list":{"0":"post-251560","1":"product","2":"type-product","3":"status-publish","4":"has-post-thumbnail","6":"pwb-brand-zatvaraci-noz-spyderco-endura-flat-ground-gray-frn-c10fpgy","7":"product_cat-zatvaracie-noze","8":"product_cat-noze-sk","9":"product_tag-b2b-sk","11":"first","12":"instock","13":"taxable","14":"shipping-taxable","15":"purchasable","16":"product-type-simple"},"brands":[{"id":3261,"name":"Zatv\u00e1rac\u00ed N\u00f4\u017e Spyderco Endura Flat Ground Gray FRN C10FPGY","slug":"zatvaraci-noz-spyderco-endura-flat-ground-gray-frn-c10fpgy"}],"_links":{"self":[{"href":"https:\/\/www.moskito.cz\/sk\/wp-json\/wp\/v2\/product\/251560","targetHints":{"allow":["GET"]}}],"collection":[{"href":"https:\/\/www.moskito.cz\/sk\/wp-json\/wp\/v2\/product"}],"about":[{"href":"https:\/\/www.moskito.cz\/sk\/wp-json\/wp\/v2\/types\/product"}],"replies":[{"embeddable":true,"href":"https:\/\/www.moskito.cz\/sk\/wp-json\/wp\/v2\/comments?post=251560"}],"wp:featuredmedia":[{"embeddable":true,"href":"https:\/\/www.moskito.cz\/sk\/wp-json\/wp\/v2\/media\/251548"}],"wp:attachment":[{"href":"https:\/\/www.moskito.cz\/sk\/wp-json\/wp\/v2\/media?parent=251560"}],"wp:term":[{"taxonomy":"pwb-brand","embeddable":true,"href":"https:\/\/www.moskito.cz\/sk\/wp-json\/wp\/v2\/pwb-brand?post=251560"},{"taxonomy":"product_brand","embeddable":true,"href":"https:\/\/www.moskito.cz\/sk\/wp-json\/wp\/v2\/product_brand?post=251560"},{"taxonomy":"product_cat","embeddable":true,"href":"https:\/\/www.moskito.cz\/sk\/wp-json\/wp\/v2\/product_cat?post=251560"},{"taxonomy":"product_tag","embeddable":true,"href":"https:\/\/www.moskito.cz\/sk\/wp-json\/wp\/v2\/product_tag?post=251560"}],"curies":[{"name":"wp","href":"https:\/\/api.w.org\/{rel}","templated":true}]}}