{"id":251597,"date":"2023-06-28T21:06:19","date_gmt":"2023-06-28T20:06:19","guid":{"rendered":"https:\/\/www.moskito.cz\/produkt\/zatvaraci-noz-spyderco-lionsteel-max-spyopera-sprint-run-thor-damasteel-carbon-c255cfpd\/"},"modified":"2023-06-28T21:06:19","modified_gmt":"2023-06-28T20:06:19","slug":"zatvaraci-noz-spyderco-lionsteel-max-spyopera-sprint-run-thor-damasteel-carbon-c255cfpd","status":"publish","type":"product","link":"https:\/\/www.moskito.cz\/sk\/produkt\/zatvaraci-noz-spyderco-lionsteel-max-spyopera-sprint-run-thor-damasteel-carbon-c255cfpd\/","title":{"rendered":"Zatv\u00e1rac\u00ed N\u00f4\u017e Spyderco\/LionSteel Max SpyOpera Sprint Run Thor Damasteel Carbon C255CFPD"},"content":{"rendered":"<p>Zatv\u00e1rac\u00ed N\u00f4\u017e Spyderco\/LionSteel Max SpyOpera Sprint Run Thor Damasteel Carbon C255CFPD<\/p>\n<p>Tento Sprint Run povy\u0161uje dizajn SpyOpera na \u00faplne nov\u00fa \u00farove\u0148 sofistikovanosti a p\u00fd\u0161i sa \u010depe\u013eou vyrobenou z martenzitickej dama\u0161kovej ocele so vzorom Thor. Tento mimoriadny materi\u00e1l, vytvoren\u00fd \u0161v\u00e9dskou firmou Damasteel, je vyr\u00e1ban\u00fd patentovan\u00fdm procesom pr\u00e1\u0161kovej metalurgie, ktor\u00fd kovan\u00edm zv\u00e1ra vrstvy RWL-34 a PMC-27 do najmodernej\u0161ej nerezovej dama\u0161kovej ocele. Potom, \u010do je \u010depe\u013e prec\u00edzne opracovan\u00e1 a \u00faplne plocho vybr\u00fasen\u00e1 do kone\u010dnej podoby, je leptan\u00e1 kyselinou, aby sa odhalil jej zlo\u017eit\u00fd vrstven\u00fd vzor. Rukov\u00e4\u0165 tohto no\u017ea je rovnako v\u00fdrazn\u00e1 a predstavuje pevn\u00e9 \u0161upiny z uhl\u00edkov\u00fdch vl\u00e1kien, ktor\u00e9 s\u00fa starostlivo spracovan\u00e9 a pon\u00fakaj\u00fa hladk\u00e9, ergonomick\u00e9, korunovan\u00e9 povrchy. V\u0161etky ostatn\u00e9 vlastnosti tohto n\u00e1dherne spracovan\u00e9ho no\u017ea s\u00fa v s\u00falade s osved\u010den\u00fdm dizajnom SpyOpera, vr\u00e1tane premyslene vyklenut\u00fdch pl\u00f4ch na chrbte \u010depele.<\/p>\n<p>\u0160pecifik\u00e1cia<br \/>\nD\u013a\u017eka \u010depele: 7.4 cm<br \/>\nD\u013a\u017eka v zatvorenom stave: 10.2 cm<br \/>\nCelkov\u00e1 d\u013a\u017eka: 17.5 cm<br \/>\nHr\u00fabka \u010depele: 0.3 cm<br \/>\nMateri\u00e1l \u010depele: Thor Damasteel DS93X<br \/>\n\u0160t\u00fdl \u010depele: Drop Point<br \/>\nBr\u00fasenie \u010depele: Plne ploch\u00e9<br \/>\nPovrchov\u00e1 \u00faprava \u010depele: Mirror Polish a Acid Etch<br \/>\nOstrie \u010depele: Hladk\u00e9<br \/>\nMateri\u00e1l rukov\u00e4te: Carbon Fiber<br \/>\nFarba rukov\u00e4te: \u010cierna<br \/>\nMateri\u00e1l vlo\u017eky: Titan<br \/>\nUzamykac\u00ed mechanizmus: Lockback<br \/>\nVreckov\u00e1 spona: dr\u00f4t (skl\u00e1pacie, prav\u00e9 nosenie)<br \/>\n\u010c\u00edslo modelu: C255CFPD<br \/>\nN\u00e1zov modelu: SpyOpera Carbon Fiber Damasteel Sprint Run<br \/>\nHmotnos\u0165: 2,72 oz. (77 g)<br \/>\nVyroben\u00e9 v Taliansku<\/p>\n","protected":false},"excerpt":{"rendered":"<p>Tento Sprint Run povy\u0161uje dizajn SpyOpera na \u00faplne nov\u00fa \u00farove\u0148 sofistikovanosti a p\u00fd\u0161i sa \u010depe\u013eou vyrobenou z martenzitickej dama\u0161kovej ocele so vzorom Thor.<\/p>\n","protected":false},"featured_media":251583,"comment_status":"open","ping_status":"closed","template":"","meta":[],"pwb-brand":[3261],"product_brand":[],"product_cat":[3424,3186],"product_tag":[3668],"class_list":{"0":"post-251597","1":"product","2":"type-product","3":"status-publish","4":"has-post-thumbnail","6":"pwb-brand-zatvaraci-noz-spyderco-endura-flat-ground-gray-frn-c10fpgy","7":"product_cat-damascenske-noze-sk","8":"product_cat-noze-sk","9":"product_tag-b2b-sk","11":"first","12":"instock","13":"taxable","14":"shipping-taxable","15":"purchasable","16":"product-type-simple"},"brands":[{"id":3261,"name":"Zatv\u00e1rac\u00ed N\u00f4\u017e Spyderco Endura Flat Ground Gray FRN C10FPGY","slug":"zatvaraci-noz-spyderco-endura-flat-ground-gray-frn-c10fpgy"}],"_links":{"self":[{"href":"https:\/\/www.moskito.cz\/sk\/wp-json\/wp\/v2\/product\/251597","targetHints":{"allow":["GET"]}}],"collection":[{"href":"https:\/\/www.moskito.cz\/sk\/wp-json\/wp\/v2\/product"}],"about":[{"href":"https:\/\/www.moskito.cz\/sk\/wp-json\/wp\/v2\/types\/product"}],"replies":[{"embeddable":true,"href":"https:\/\/www.moskito.cz\/sk\/wp-json\/wp\/v2\/comments?post=251597"}],"wp:featuredmedia":[{"embeddable":true,"href":"https:\/\/www.moskito.cz\/sk\/wp-json\/wp\/v2\/media\/251583"}],"wp:attachment":[{"href":"https:\/\/www.moskito.cz\/sk\/wp-json\/wp\/v2\/media?parent=251597"}],"wp:term":[{"taxonomy":"pwb-brand","embeddable":true,"href":"https:\/\/www.moskito.cz\/sk\/wp-json\/wp\/v2\/pwb-brand?post=251597"},{"taxonomy":"product_brand","embeddable":true,"href":"https:\/\/www.moskito.cz\/sk\/wp-json\/wp\/v2\/product_brand?post=251597"},{"taxonomy":"product_cat","embeddable":true,"href":"https:\/\/www.moskito.cz\/sk\/wp-json\/wp\/v2\/product_cat?post=251597"},{"taxonomy":"product_tag","embeddable":true,"href":"https:\/\/www.moskito.cz\/sk\/wp-json\/wp\/v2\/product_tag?post=251597"}],"curies":[{"name":"wp","href":"https:\/\/api.w.org\/{rel}","templated":true}]}}