{"id":251642,"date":"2023-06-28T21:48:50","date_gmt":"2023-06-28T20:48:50","guid":{"rendered":"https:\/\/www.moskito.cz\/produkt\/zatvaraci-noz-spyderco-civilian-c12gs\/"},"modified":"2023-11-20T17:34:39","modified_gmt":"2023-11-20T16:34:39","slug":"zatvaraci-noz-spyderco-civilian-c12gs","status":"publish","type":"product","link":"https:\/\/www.moskito.cz\/sk\/produkt\/zatvaraci-noz-spyderco-civilian-c12gs\/","title":{"rendered":"Zatv\u00e1rac\u00ed N\u00f4\u017e Spyderco Civilian C12GS"},"content":{"rendered":"<p>Zatv\u00e1rac\u00ed N\u00f4\u017e Spyderco Civilian C12GS<\/p>\n<p>V 90. rokoch 20. storo\u010dia sa na Spyderco obr\u00e1tila \u0161pecializovan\u00e1 pobo\u010dka americk\u00fdch donucovac\u00edch org\u00e1nov oh\u013eadom v\u00fdroby no\u017ea pre ich tajn\u00fdch agentov. T\u00edto civiln\u00e9 LEO sa ocitli v situ\u00e1ci\u00e1ch, ke\u010f \u010dasto neuniesli streln\u00fa zbra\u0148, ale nies\u0165 n\u00f4\u017e nebol probl\u00e9m. V\u00e4\u010d\u0161ina z nich nemala \u017eiadny form\u00e1lny v\u00fdcvik v taktike sebaobrany alebo MBC, ale ako posledn\u00e1 mo\u017enos\u0165 mohla pou\u017ei\u0165 \u010depe\u013e na ochranu alebo vyslobodenie z \u017eivot ohrozuj\u00facej situ\u00e1cie. Tak vznikol civiln\u00fd model.<\/p>\n<p>Civilian m\u00e1 patentovan\u00fa reverzn\u00fa \u010depe\u013e &#8222;S&#8220;, ktor\u00e1 je ur\u010den\u00e1 na pou\u017eitie ako pr\u00edli\u0161 ve\u013ek\u00fd paz\u00far. Hrot je vybr\u00fasen\u00fd do ultra tenk\u00e9ho profilu. Hlboko zakriven\u00e1 a na bruchu pln\u00e1 \u010depe\u013e VG-10 s dut\u00fdm br\u00fasen\u00edm vynik\u00e1 v kr\u00e1jan\u00ed a je k dispoz\u00edcii plne ostrie SpyderEdged. Vzh\u013eadom k svojim zrete\u013ene \u0161pecializovan\u00fdm funkci\u00e1m nie je ur\u010den\u00fd alebo navrhnut\u00fd na v\u0161eobecn\u00e9 pou\u017eitie alebo ka\u017edodenn\u00e9 pou\u017eitie. Zakriven\u00e1 na v\u0161etk\u00fdch spr\u00e1vnych miestach pre ergonomick\u00e9 pou\u017eitie a udr\u017eanie no\u017ea, rukov\u00e4\u0165 je \u010dierna G-10. N\u00f4\u017e je pripevnen\u00fd na nosenie \u0161pi\u010dkou dole pomocou \u0161peci\u00e1lneho zakriven\u00e9ho \u010dierneho klipu a ide hlboko a nen\u00e1padne vo vrecku. Jeden z naj\u0161pecializovanej\u0161\u00edch CLIPITS v rade Spyderco, Civilian je k dispoz\u00edcii v obmedzenom mno\u017estve.<\/p>\n<p>\u0160pecifik\u00e1cia<br \/>\nD\u013a\u017eka \u010depele: 10.5 cm<br \/>\nRezn\u00e1 hrana: 9.5 cm<br \/>\nHr\u00fabka \u010depele: 0.3 cm<br \/>\nCelkov\u00e1 d\u013a\u017eka: 23.3 cm<br \/>\nZatvoren\u00e1 d\u013a\u017eka: 13.2 cm<br \/>\nOce\u013e \u010depele: VG-10<br \/>\nHmotnos\u0165: 4,75 oz. (134 g)<br \/>\nMateri\u00e1l rukov\u00e4te: G-10<br \/>\nVyroben\u00e9 v Seki-City, Japonsko<\/p>\n","protected":false},"excerpt":{"rendered":"<p>V 90. rokoch 20. storo\u010dia sa na Spyderco obr\u00e1tila \u0161pecializovan\u00e1 pobo\u010dka americk\u00fdch donucovac\u00edch org\u00e1nov oh\u013eadom v\u00fdroby no\u017ea pre ich tajn\u00fdch agentov. T\u00edto civiln\u00e9 LEO sa ocitli v situ\u00e1ci\u00e1ch, ke\u010f \u010dasto neuniesli streln\u00fa zbra\u0148, ale nies\u0165 n\u00f4\u017e nebol probl\u00e9m.<\/p>\n","protected":false},"featured_media":251631,"comment_status":"open","ping_status":"closed","template":"","meta":[],"pwb-brand":[3261],"product_brand":[],"product_cat":[3233,3186],"product_tag":[3668],"class_list":{"0":"post-251642","1":"product","2":"type-product","3":"status-publish","4":"has-post-thumbnail","6":"pwb-brand-zatvaraci-noz-spyderco-endura-flat-ground-gray-frn-c10fpgy","7":"product_cat-zatvaracie-noze","8":"product_cat-noze-sk","9":"product_tag-b2b-sk","11":"first","12":"instock","13":"taxable","14":"shipping-taxable","15":"purchasable","16":"product-type-simple"},"brands":[{"id":3261,"name":"Zatv\u00e1rac\u00ed N\u00f4\u017e Spyderco Endura Flat Ground Gray FRN C10FPGY","slug":"zatvaraci-noz-spyderco-endura-flat-ground-gray-frn-c10fpgy"}],"_links":{"self":[{"href":"https:\/\/www.moskito.cz\/sk\/wp-json\/wp\/v2\/product\/251642","targetHints":{"allow":["GET"]}}],"collection":[{"href":"https:\/\/www.moskito.cz\/sk\/wp-json\/wp\/v2\/product"}],"about":[{"href":"https:\/\/www.moskito.cz\/sk\/wp-json\/wp\/v2\/types\/product"}],"replies":[{"embeddable":true,"href":"https:\/\/www.moskito.cz\/sk\/wp-json\/wp\/v2\/comments?post=251642"}],"wp:featuredmedia":[{"embeddable":true,"href":"https:\/\/www.moskito.cz\/sk\/wp-json\/wp\/v2\/media\/251631"}],"wp:attachment":[{"href":"https:\/\/www.moskito.cz\/sk\/wp-json\/wp\/v2\/media?parent=251642"}],"wp:term":[{"taxonomy":"pwb-brand","embeddable":true,"href":"https:\/\/www.moskito.cz\/sk\/wp-json\/wp\/v2\/pwb-brand?post=251642"},{"taxonomy":"product_brand","embeddable":true,"href":"https:\/\/www.moskito.cz\/sk\/wp-json\/wp\/v2\/product_brand?post=251642"},{"taxonomy":"product_cat","embeddable":true,"href":"https:\/\/www.moskito.cz\/sk\/wp-json\/wp\/v2\/product_cat?post=251642"},{"taxonomy":"product_tag","embeddable":true,"href":"https:\/\/www.moskito.cz\/sk\/wp-json\/wp\/v2\/product_tag?post=251642"}],"curies":[{"name":"wp","href":"https:\/\/api.w.org\/{rel}","templated":true}]}}