{"id":251657,"date":"2023-06-28T22:04:33","date_gmt":"2023-06-28T21:04:33","guid":{"rendered":"https:\/\/www.moskito.cz\/produkt\/zatvaraci-noz-spyderco-lionsteel-max-spyopera-c255cmp\/"},"modified":"2025-05-07T10:51:39","modified_gmt":"2025-05-07T09:51:39","slug":"zatvaraci-noz-spyderco-lionsteel-max-spyopera-c255cmp","status":"publish","type":"product","link":"https:\/\/www.moskito.cz\/sk\/produkt\/zatvaraci-noz-spyderco-lionsteel-max-spyopera-c255cmp\/","title":{"rendered":"Zatv\u00e1rac\u00ed N\u00f4\u017e Spyderco\/LionSteel Max SpyOpera C255CMP"},"content":{"rendered":"<p>SpyOpera je kompaktn\u00e1 p\u00e1nska sklada\u010dka, ktor\u00e1 pon\u00faka komplexn\u00fd v\u00fdkon pri rezan\u00ed s v\u00fdnimo\u010dn\u00fdm \u0161t\u00fdlom. Na hlb\u0161ej \u00farovni predstavuje pozoruhodn\u00fa spolupr\u00e1cu medzi dvoma najvplyvnej\u0161\u00edmi spolo\u010dnos\u0165ami v no\u017eiarskom priemysle. Spyderco je na\u0148ho a na svoj vz\u0165ah s LionSteel nesmierne hrd\u00e9.<\/p>\n<p>\u0160pecifik\u00e1cia<br \/>\nD\u013a\u017eka \u010depele: 6.8 cm<br \/>\nD\u013a\u017eka v zatvorenom stave: 10.2 cm<br \/>\nCelkov\u00e1 d\u013a\u017eka: 17.5 cm<br \/>\nHr\u00fabka \u010depele: 0.3 cm<br \/>\nMateri\u00e1l \u010depele: M390 Nerezov\u00e1 oce\u013e<br \/>\n\u0160t\u00fdl \u010depele: Drop Point<br \/>\nBr\u00fasenie \u010depele: Plne ploch\u00e9<br \/>\nPovrchov\u00e1 \u00faprava \u010depele: sat\u00e9n<br \/>\nOstrie \u010depele: Hladk\u00e9<br \/>\nMateri\u00e1l rukov\u00e4te: Canvas Micarta<br \/>\nFarba rukov\u00e4te: Hned\u00e1<br \/>\nMateri\u00e1l vlo\u017eky: Titan<br \/>\nUzamykac\u00ed mechanizmus: Lockback<br \/>\nVreckov\u00e1 spona: dr\u00f4t (skl\u00e1pacie, prav\u00e9 nosenie)<br \/>\n\u010c\u00edslo modelu: C255CMP<br \/>\nN\u00e1zov modelu: SpyOpera<br \/>\nDizajn\u00e9r: Max<br \/>\nHmotnos\u0165: 2,7 oz. (77 g)<br \/>\nVyroben\u00e9 v Taliansku<\/p>\n","protected":false},"excerpt":{"rendered":"<p>SpyOpera od Spyderco je extr\u00e9mne schopn\u00fd zatv\u00e1rac\u00ed n\u00f4\u017e, ktor\u00fd sa m\u00f4\u017ee pochv\u00e1li\u0165 klasick\u00fdmi l\u00edniami a remeseln\u00fdm spracovan\u00edm zo starej \u0161koly. Je tie\u017e \u017eiv\u00fdm odrazom dlhodob\u00e9ho vz\u0165ahu Spyderco s jedn\u00fdm z popredn\u00fdch talianskych v\u00fdrobcov.<\/p>\n","protected":false},"featured_media":251646,"comment_status":"open","ping_status":"closed","template":"","meta":[],"pwb-brand":[3261],"product_brand":[],"product_cat":[3233,3186],"product_tag":[3668],"class_list":{"0":"post-251657","1":"product","2":"type-product","3":"status-publish","4":"has-post-thumbnail","6":"pwb-brand-zatvaraci-noz-spyderco-endura-flat-ground-gray-frn-c10fpgy","7":"product_cat-zatvaracie-noze","8":"product_cat-noze-sk","9":"product_tag-b2b-sk","11":"first","12":"instock","13":"sale","14":"taxable","15":"shipping-taxable","16":"purchasable","17":"product-type-simple"},"brands":[{"id":3261,"name":"Zatv\u00e1rac\u00ed N\u00f4\u017e Spyderco Endura Flat Ground Gray FRN C10FPGY","slug":"zatvaraci-noz-spyderco-endura-flat-ground-gray-frn-c10fpgy"}],"_links":{"self":[{"href":"https:\/\/www.moskito.cz\/sk\/wp-json\/wp\/v2\/product\/251657","targetHints":{"allow":["GET"]}}],"collection":[{"href":"https:\/\/www.moskito.cz\/sk\/wp-json\/wp\/v2\/product"}],"about":[{"href":"https:\/\/www.moskito.cz\/sk\/wp-json\/wp\/v2\/types\/product"}],"replies":[{"embeddable":true,"href":"https:\/\/www.moskito.cz\/sk\/wp-json\/wp\/v2\/comments?post=251657"}],"wp:featuredmedia":[{"embeddable":true,"href":"https:\/\/www.moskito.cz\/sk\/wp-json\/wp\/v2\/media\/251646"}],"wp:attachment":[{"href":"https:\/\/www.moskito.cz\/sk\/wp-json\/wp\/v2\/media?parent=251657"}],"wp:term":[{"taxonomy":"pwb-brand","embeddable":true,"href":"https:\/\/www.moskito.cz\/sk\/wp-json\/wp\/v2\/pwb-brand?post=251657"},{"taxonomy":"product_brand","embeddable":true,"href":"https:\/\/www.moskito.cz\/sk\/wp-json\/wp\/v2\/product_brand?post=251657"},{"taxonomy":"product_cat","embeddable":true,"href":"https:\/\/www.moskito.cz\/sk\/wp-json\/wp\/v2\/product_cat?post=251657"},{"taxonomy":"product_tag","embeddable":true,"href":"https:\/\/www.moskito.cz\/sk\/wp-json\/wp\/v2\/product_tag?post=251657"}],"curies":[{"name":"wp","href":"https:\/\/api.w.org\/{rel}","templated":true}]}}