{"id":251713,"date":"2023-07-01T21:07:17","date_gmt":"2023-07-01T20:07:17","guid":{"rendered":"https:\/\/www.moskito.cz\/produkt\/zatvaraci-noz-spyderco-nati-amor-subvert-c239gpor\/"},"modified":"2025-05-07T10:51:42","modified_gmt":"2025-05-07T09:51:42","slug":"zatvaraci-noz-spyderco-nati-amor-subvert-c239gpor","status":"publish","type":"product","link":"https:\/\/www.moskito.cz\/sk\/produkt\/zatvaraci-noz-spyderco-nati-amor-subvert-c239gpor\/","title":{"rendered":"Zatv\u00e1rac\u00ed N\u00f4\u017e Spyderco Nati Amor Subvert C239GPOR"},"content":{"rendered":"<p>Zatv\u00e1rac\u00ed N\u00f4\u017e Spyderco Nati Amor Subvert C239GPOR<\/p>\n<p>Niekedy je v\u00e4\u010d\u0161ia naozaj lep\u0161ia. Prv\u00fd Spyderco Collaboration izraelsk\u00e9ho v\u00fdrobcu no\u017eov Nati Amor je jedn\u00fdm z nich. Na z\u00e1klade jeho ru\u010dne vyroben\u00e9ho modelu &#8222;Sabotage&#8220; je Subvert vybaven\u00fd \u0161irokou \u010depe\u013eou CPM-S30V s plne ploch\u00fdm br\u00fasen\u00edm a plne pr\u00edstupn\u00fdm okr\u00fahlym otvorom pre ochrann\u00fa zn\u00e1mku. \u010cepe\u013e s hlbok\u00fdm bruchom sa ot\u00e1\u010da na podlo\u017ek\u00e1ch s guli\u010dkov\u00fdmi lo\u017eiskami s n\u00edzkym tren\u00edm ulo\u017een\u00fdm v hrub\u00fdch skeletovan\u00fdch tit\u00e1nov\u00fdch vlo\u017ek\u00e1ch, ktor\u00e9 tvoria z\u00e1klad pevn\u00e9ho mechanizmu z\u00e1mku vlo\u017eky no\u017ea. \u00dapln\u00e9 vlo\u017eky s hr\u00fabkou 3 mm (0,118 palca) s\u00fa pokryt\u00e9 zaoblen\u00fdmi, 3D texturovan\u00fdmi oran\u017eov\u00fdmi stupnicami G10 a tlmen\u00e9 \u010diasto\u010dnou zadnou medzerou G10. Zakriven\u00e1 spona na vrecko z nerezovej ocele umo\u017e\u0148uje nosenie na pravej strane a je doplnen\u00e1 unik\u00e1tnym otvorom pre \u0161n\u00farku pre \u013eahk\u00e9 pripevnenie pr\u00edveskov alebo \u0161n\u00farok.<\/p>\n<p>\u0160pecifik\u00e1cia<br \/>\nD\u013a\u017eka \u010depele: 10.35 cm<br \/>\nD\u013a\u017eka v zatvorenom stave: 12.75 cm<br \/>\nCelkov\u00e1 d\u013a\u017eka: 23.1 cm<br \/>\nHr\u00fabka \u010depele: 0.39 cm<br \/>\nMateri\u00e1l \u010depele: CPM-S30V Nerezov\u00e1 oce\u013e<br \/>\n\u0160t\u00fdl \u010depele: Drop Point<br \/>\nBr\u00fasenie \u010depele: Plne ploch\u00e9<br \/>\nPovrchov\u00e1 \u00faprava \u010depele: sat\u00e9n<br \/>\nOstrie \u010depele: Hladk\u00e9<br \/>\nMateri\u00e1l rukov\u00e4te: G10<br \/>\nFarba rukov\u00e4te: oran\u017eov\u00e1<br \/>\nUzamykac\u00ed mechanizmus: Vlo\u017eka<br \/>\nVreckov\u00fd klip: Vykl\u00e1pacie, prav\u00e9 nosenie<br \/>\n\u010c\u00edslo modelu: C239GPOR<br \/>\nN\u00e1zov modelu: Subvert<br \/>\nDizajn\u00e9r: Nati Amor<br \/>\nHmotnos\u0165: 6,2 oz.<\/p>\n","protected":false},"excerpt":{"rendered":"<p>Niekedy je v\u00e4\u010d\u0161ia naozaj lep\u0161ia. Prv\u00fd Spyderco Collaboration izraelsk\u00e9ho v\u00fdrobcu no\u017eov Nati Amor je jedn\u00fdm z nich.<\/p>\n","protected":false},"featured_media":251702,"comment_status":"open","ping_status":"closed","template":"","meta":[],"pwb-brand":[3261],"product_brand":[],"product_cat":[3233,3186],"product_tag":[3668],"class_list":{"0":"post-251713","1":"product","2":"type-product","3":"status-publish","4":"has-post-thumbnail","6":"pwb-brand-zatvaraci-noz-spyderco-endura-flat-ground-gray-frn-c10fpgy","7":"product_cat-zatvaracie-noze","8":"product_cat-noze-sk","9":"product_tag-b2b-sk","11":"first","12":"instock","13":"sale","14":"taxable","15":"shipping-taxable","16":"purchasable","17":"product-type-simple"},"brands":[{"id":3261,"name":"Zatv\u00e1rac\u00ed N\u00f4\u017e Spyderco Endura Flat Ground Gray FRN C10FPGY","slug":"zatvaraci-noz-spyderco-endura-flat-ground-gray-frn-c10fpgy"}],"_links":{"self":[{"href":"https:\/\/www.moskito.cz\/sk\/wp-json\/wp\/v2\/product\/251713","targetHints":{"allow":["GET"]}}],"collection":[{"href":"https:\/\/www.moskito.cz\/sk\/wp-json\/wp\/v2\/product"}],"about":[{"href":"https:\/\/www.moskito.cz\/sk\/wp-json\/wp\/v2\/types\/product"}],"replies":[{"embeddable":true,"href":"https:\/\/www.moskito.cz\/sk\/wp-json\/wp\/v2\/comments?post=251713"}],"wp:featuredmedia":[{"embeddable":true,"href":"https:\/\/www.moskito.cz\/sk\/wp-json\/wp\/v2\/media\/251702"}],"wp:attachment":[{"href":"https:\/\/www.moskito.cz\/sk\/wp-json\/wp\/v2\/media?parent=251713"}],"wp:term":[{"taxonomy":"pwb-brand","embeddable":true,"href":"https:\/\/www.moskito.cz\/sk\/wp-json\/wp\/v2\/pwb-brand?post=251713"},{"taxonomy":"product_brand","embeddable":true,"href":"https:\/\/www.moskito.cz\/sk\/wp-json\/wp\/v2\/product_brand?post=251713"},{"taxonomy":"product_cat","embeddable":true,"href":"https:\/\/www.moskito.cz\/sk\/wp-json\/wp\/v2\/product_cat?post=251713"},{"taxonomy":"product_tag","embeddable":true,"href":"https:\/\/www.moskito.cz\/sk\/wp-json\/wp\/v2\/product_tag?post=251713"}],"curies":[{"name":"wp","href":"https:\/\/api.w.org\/{rel}","templated":true}]}}