{"id":251790,"date":"2023-07-01T22:51:34","date_gmt":"2023-07-01T21:51:34","guid":{"rendered":"https:\/\/www.moskito.cz\/produkt\/zatvaraci-noz-spyderco-endela-lightweight-wharncliffe-c243fpwk390\/"},"modified":"2025-05-07T10:51:44","modified_gmt":"2025-05-07T09:51:44","slug":"zatvaraci-noz-spyderco-endela-lightweight-wharncliffe-c243fpwk390","status":"publish","type":"product","link":"https:\/\/www.moskito.cz\/sk\/produkt\/zatvaraci-noz-spyderco-endela-lightweight-wharncliffe-c243fpwk390\/","title":{"rendered":"Zatv\u00e1rac\u00ed N\u00f4\u017e Spyderco Endela Lightweight Wharncliffe C243FPWK390"},"content":{"rendered":"<p>Zatv\u00e1rac\u00ed N\u00f4\u017e Spyderco Endela Lightweight Wharncliffe C243FPWK390<\/p>\n<p>Endela Wharncliffe prin\u00e1\u0161a v\u0161estrannos\u0165 tohto v\u00fdrazn\u00e9ho tvaru \u010depele v perfektnom form\u00e1te strednej ve\u013ekosti. Najnov\u0161ia od\u013eah\u010den\u00e1 verzia tohto dizajnu e\u0161te viac zvy\u0161uje jeho v\u00fdkon pridan\u00edm \u010depe\u013eovej ocele K390 MICROCLEAN. T\u00e1to najmodernej\u0161ia n\u00e1strojov\u00e1 oce\u013e pre \u010dasticov\u00fa metalurgiu bola vyvinut\u00e1 tak, aby poskytovala extr\u00e9mnu odolnos\u0165 proti opotrebovaniu, h\u00fa\u017eevnatos\u0165 a vysok\u00fa pevnos\u0165 v tlaku potrebn\u00fa v najn\u00e1ro\u010dnej\u0161\u00edch priemyseln\u00fdch aplik\u00e1ci\u00e1ch. \u010cepe\u013e Wharncliffe s rovn\u00fdm ostr\u00edm tejto elitnej zna\u010dky Endela Lightweight plne vyu\u017e\u00edva tieto vlastnosti a pon\u00faka v\u00fdnimo\u010dn\u00fd rezn\u00fd v\u00fdkon, zachovanie ostrie a h\u00fa\u017eevnatos\u0165. Plne ploch\u00fd povrch pre optim\u00e1lny rezn\u00fd v\u00fdkon je ulo\u017een\u00fd v rukov\u00e4ti z obojsmerne text\u00farovan\u00e9ho nylonu vystu\u017een\u00e9ho sklenen\u00fdmi vl\u00e1knami (FRN) lisovanej v typickej modrej farbe na\u0161ej rodiny no\u017eov K390.<\/p>\n<p>Pozn\u00e1mka: K390 je vysoko v\u00fdkonn\u00e1 nerezov\u00e1 oce\u013e, ktor\u00e1 m\u00f4\u017ee pri nespr\u00e1vnej starostlivosti hrdzavie\u0165. Po pou\u017eit\u00ed \u010depe\u013e v\u017edy o\u010distite a osu\u0161te av pr\u00edpade potreby naneste olej alebo in\u00e9 pr\u00edpravky zabra\u0148uj\u00face kor\u00f3zii.<\/p>\n<p>\u0160pecifik\u00e1cia<br \/>\nD\u013a\u017eka \u010depele: 8.7 cm<br \/>\nRezn\u00e1 hrana: 7.6 cm<br \/>\nD\u013a\u017eka v zatvorenom stave: 11.9 cm<br \/>\nCelkov\u00e1 d\u013a\u017eka: 20.4 cm<br \/>\nMateri\u00e1l \u010depele: N\u00e1strojov\u00e1 oce\u013e Bohler K390<br \/>\nHr\u00fabka \u010depele: 0,118&#8243; (3,0 mm)<br \/>\n\u0160t\u00fdl \u010depele: Wharncliffe<br \/>\nBr\u00fasenie \u010depele: Plne ploch\u00e9<br \/>\nPovrchov\u00e1 \u00faprava \u010depele: sat\u00e9n<br \/>\nMateri\u00e1l rukov\u00e4te: Modr\u00e1 FRN<br \/>\nMateri\u00e1l vlo\u017eky: Nerezov\u00e1 oce\u013e<br \/>\nUzamykac\u00ed mechanizmus: Lockback<br \/>\nVreckov\u00e1 spona: \u010cierna nerezov\u00e1 oce\u013e (Tip-Up\/Down, Right\/Left carry)<br \/>\nHmotnos\u0165: 3,21 oz. (91 g)<br \/>\nVyroben\u00e9 v Japonsku<\/p>\n","protected":false},"excerpt":{"rendered":"<p>Endela Wharncliffe prin\u00e1\u0161a v\u0161estrannos\u0165 tohto v\u00fdrazn\u00e9ho tvaru \u010depele v perfektnom form\u00e1te strednej ve\u013ekosti.<\/p>\n","protected":false},"featured_media":251779,"comment_status":"open","ping_status":"closed","template":"","meta":[],"pwb-brand":[3261],"product_brand":[],"product_cat":[3186,3233],"product_tag":[3668],"class_list":{"0":"post-251790","1":"product","2":"type-product","3":"status-publish","4":"has-post-thumbnail","6":"pwb-brand-zatvaraci-noz-spyderco-endura-flat-ground-gray-frn-c10fpgy","7":"product_cat-noze-sk","8":"product_cat-zatvaracie-noze","9":"product_tag-b2b-sk","11":"first","12":"outofstock","13":"taxable","14":"shipping-taxable","15":"purchasable","16":"product-type-simple"},"brands":[{"id":3261,"name":"Zatv\u00e1rac\u00ed N\u00f4\u017e Spyderco Endura Flat Ground Gray FRN C10FPGY","slug":"zatvaraci-noz-spyderco-endura-flat-ground-gray-frn-c10fpgy"}],"_links":{"self":[{"href":"https:\/\/www.moskito.cz\/sk\/wp-json\/wp\/v2\/product\/251790","targetHints":{"allow":["GET"]}}],"collection":[{"href":"https:\/\/www.moskito.cz\/sk\/wp-json\/wp\/v2\/product"}],"about":[{"href":"https:\/\/www.moskito.cz\/sk\/wp-json\/wp\/v2\/types\/product"}],"replies":[{"embeddable":true,"href":"https:\/\/www.moskito.cz\/sk\/wp-json\/wp\/v2\/comments?post=251790"}],"wp:featuredmedia":[{"embeddable":true,"href":"https:\/\/www.moskito.cz\/sk\/wp-json\/wp\/v2\/media\/251779"}],"wp:attachment":[{"href":"https:\/\/www.moskito.cz\/sk\/wp-json\/wp\/v2\/media?parent=251790"}],"wp:term":[{"taxonomy":"pwb-brand","embeddable":true,"href":"https:\/\/www.moskito.cz\/sk\/wp-json\/wp\/v2\/pwb-brand?post=251790"},{"taxonomy":"product_brand","embeddable":true,"href":"https:\/\/www.moskito.cz\/sk\/wp-json\/wp\/v2\/product_brand?post=251790"},{"taxonomy":"product_cat","embeddable":true,"href":"https:\/\/www.moskito.cz\/sk\/wp-json\/wp\/v2\/product_cat?post=251790"},{"taxonomy":"product_tag","embeddable":true,"href":"https:\/\/www.moskito.cz\/sk\/wp-json\/wp\/v2\/product_tag?post=251790"}],"curies":[{"name":"wp","href":"https:\/\/api.w.org\/{rel}","templated":true}]}}