{"id":251820,"date":"2023-07-02T07:57:02","date_gmt":"2023-07-02T06:57:02","guid":{"rendered":"https:\/\/www.moskito.cz\/produkt\/zatvaraci-noz-spyderco-lil-native-compression-lock-c230gp\/"},"modified":"2023-11-20T17:34:54","modified_gmt":"2023-11-20T16:34:54","slug":"zatvaraci-noz-spyderco-lil-native-compression-lock-c230gp","status":"publish","type":"product","link":"https:\/\/www.moskito.cz\/sk\/produkt\/zatvaraci-noz-spyderco-lil-native-compression-lock-c230gp\/","title":{"rendered":"Zatv\u00e1rac\u00ed N\u00f4\u017e Spyderco Lil&#8216; Native Compression Lock C230GP"},"content":{"rendered":"<p>Zatv\u00e1rac\u00ed N\u00f4\u017e Spyderco Lil&#8216; Native Compression Lock C230GP<\/p>\n<p>Ikonick\u00fd Native bol po desa\u0165ro\u010dia hlavnou oporou americkej v\u00fdrobnej linky Spyderco. Teraz boli v\u0161etky vysoko vyvinut\u00e9 v\u00fdkonov\u00e9 vlastnosti tohto neuverite\u013ene ob\u013e\u00faben\u00e9ho designu. Jej celoplo\u0161ne br\u00fasen\u00e1 \u010depe\u013e z nerezovej ocele CPM-S30V obsahuje prominentn\u00fd ukazov\u00e1k, ktor\u00fd plynule zatek\u00e1 do \u010depele. obrysy \u0161trukt\u00farovan\u00fdch v\u00e1h rukov\u00e4te G10. V\u00fdsledkom je kompaktn\u00fd, ergonomick\u00fd bal\u00ed\u010dek, ktor\u00fd st\u00e1le pon\u00faka pln\u00fd, \u0161tvorprst\u00fd \u00fachop a vynikaj\u00face ovl\u00e1danie. T\u00e1to verzia Lil&#8216; Native ide o krok \u010falej pridan\u00edm vysoko pevn\u00e9ho mechanizmu Compression Lock a n\u00edzkoprofilov\u00e1 dr\u00f4ten\u00e1 spona s hlbok\u00fdm vreckom, ktor\u00e9 je obojstrann\u00e9 pre nosenie na \u013eavej alebo pravej strane so sklopen\u00edm.<\/p>\n<p>\u0160pecifik\u00e1cia<br \/>\nD\u013a\u017eka \u010depele: 6.3 cm<br \/>\nRezn\u00e1 hrana: 5.3 cm<br \/>\nD\u013a\u017eka v zatvorenom stave: 8.8 cm<br \/>\nCelkov\u00e1 d\u013a\u017eka: 15.1 cm<br \/>\nMateri\u00e1l \u010depele: CPM-S30V Nerezov\u00e1 oce\u013e<br \/>\nHr\u00fabka \u010depele: 0,125&#8243; (3,7 mm)<br \/>\n\u0160t\u00fdl \u010depele: v tvare listu<br \/>\nBr\u00fasenie \u010depele: Plne ploch\u00e9<br \/>\nPovrchov\u00e1 \u00faprava \u010depele: sat\u00e9n<br \/>\nMateri\u00e1l rukov\u00e4te: Texturovan\u00fd G10<br \/>\nUzamykac\u00ed mechanizmus: Kompresn\u00fd z\u00e1mok<br \/>\nVreckov\u00e1 spona: Vykl\u00e1pacie, prav\u00e9\/\u013eav\u00e9 nosenie<br \/>\nHmotnos\u0165: 2,4 oz. (68 g)<br \/>\nVyroben\u00e9 v USA<\/p>\n","protected":false},"excerpt":{"rendered":"<p>Ikonick\u00fd Native bol po desa\u0165ro\u010dia hlavnou oporou americkej v\u00fdrobnej linky Spyderco.<\/p>\n","protected":false},"featured_media":251809,"comment_status":"open","ping_status":"closed","template":"","meta":[],"pwb-brand":[3261],"product_brand":[],"product_cat":[3233,3186],"product_tag":[3668],"class_list":{"0":"post-251820","1":"product","2":"type-product","3":"status-publish","4":"has-post-thumbnail","6":"pwb-brand-zatvaraci-noz-spyderco-endura-flat-ground-gray-frn-c10fpgy","7":"product_cat-zatvaracie-noze","8":"product_cat-noze-sk","9":"product_tag-b2b-sk","11":"first","12":"instock","13":"taxable","14":"shipping-taxable","15":"purchasable","16":"product-type-simple"},"brands":[{"id":3261,"name":"Zatv\u00e1rac\u00ed N\u00f4\u017e Spyderco Endura Flat Ground Gray FRN C10FPGY","slug":"zatvaraci-noz-spyderco-endura-flat-ground-gray-frn-c10fpgy"}],"_links":{"self":[{"href":"https:\/\/www.moskito.cz\/sk\/wp-json\/wp\/v2\/product\/251820","targetHints":{"allow":["GET"]}}],"collection":[{"href":"https:\/\/www.moskito.cz\/sk\/wp-json\/wp\/v2\/product"}],"about":[{"href":"https:\/\/www.moskito.cz\/sk\/wp-json\/wp\/v2\/types\/product"}],"replies":[{"embeddable":true,"href":"https:\/\/www.moskito.cz\/sk\/wp-json\/wp\/v2\/comments?post=251820"}],"wp:featuredmedia":[{"embeddable":true,"href":"https:\/\/www.moskito.cz\/sk\/wp-json\/wp\/v2\/media\/251809"}],"wp:attachment":[{"href":"https:\/\/www.moskito.cz\/sk\/wp-json\/wp\/v2\/media?parent=251820"}],"wp:term":[{"taxonomy":"pwb-brand","embeddable":true,"href":"https:\/\/www.moskito.cz\/sk\/wp-json\/wp\/v2\/pwb-brand?post=251820"},{"taxonomy":"product_brand","embeddable":true,"href":"https:\/\/www.moskito.cz\/sk\/wp-json\/wp\/v2\/product_brand?post=251820"},{"taxonomy":"product_cat","embeddable":true,"href":"https:\/\/www.moskito.cz\/sk\/wp-json\/wp\/v2\/product_cat?post=251820"},{"taxonomy":"product_tag","embeddable":true,"href":"https:\/\/www.moskito.cz\/sk\/wp-json\/wp\/v2\/product_tag?post=251820"}],"curies":[{"name":"wp","href":"https:\/\/api.w.org\/{rel}","templated":true}]}}