{"id":251835,"date":"2023-07-02T08:16:30","date_gmt":"2023-07-02T07:16:30","guid":{"rendered":"https:\/\/www.moskito.cz\/produkt\/zatvaraci-noz-spyderco-jonathan-mcnees-mcbee-c236tip\/"},"modified":"2023-07-02T08:16:30","modified_gmt":"2023-07-02T07:16:30","slug":"zatvaraci-noz-spyderco-jonathan-mcnees-mcbee-c236tip","status":"publish","type":"product","link":"https:\/\/www.moskito.cz\/sk\/produkt\/zatvaraci-noz-spyderco-jonathan-mcnees-mcbee-c236tip\/","title":{"rendered":"Zatv\u00e1rac\u00ed N\u00f4\u017e Spyderco Jonathan McNees McBee C236TIP"},"content":{"rendered":"<p>Zatv\u00e1rac\u00ed N\u00f4\u017e Spyderco Jonathan McNees McBee C236TIP<\/p>\n<p>Jonathan McNees je veter\u00e1nom americkej n\u00e1mornej pechoty a v\u00e1\u0161niv\u00fdm outdoorsmanom, ktor\u00e9ho skuto\u010dn\u00e9 sk\u00fasenosti s pou\u017e\u00edvan\u00edm no\u017ea presvitaj\u00fa vo v\u0161etk\u00fdch jeho z\u00e1kazkov\u00fdch n\u00e1vrhoch. Jeho ultrakompaktn\u00e1 zlo\u017eka McNees vych\u00e1dzaj\u00faca z jeho ob\u013e\u00faben\u00e9ho modelu \u201eKiller B\u201c dokazuje, \u017ee funkcia je vecou dizajnu, nie ve\u013ekosti. Jeho \u010depe\u013e Wharncliffe, vyroben\u00e1 z CTS-XHP, pon\u00faka presnos\u0165 podobn\u00fa skalpelu a p\u00f4sobiv\u00fd rezn\u00fd v\u00fdkon, rovnako ako skuto\u010dn\u00fa mo\u017enos\u0165 otvorenia jednou rukou prostredn\u00edctvom okr\u00fahleho otvoru s ochrannou zn\u00e1mkou. Kamenn\u00e1 \u010depe\u013e je zladen\u00e1 s robustn\u00fdm z\u00e1mkom Reeve Integral Lock (RIL) zabudovan\u00fdm do jednej z mas\u00edvnych tit\u00e1nov\u00fdch stupn\u00edc rukov\u00e4te. Vreckov\u00e1 spona na pravej strane a lemovan\u00fd otvor na \u0161n\u00farku zaru\u010duj\u00fa pohodln\u00e9 nosenie, zatia\u013e \u010do bodkovan\u00e9 akcenty na oto\u010dn\u00fdch skrutk\u00e1ch a rukov\u00e4ti kop\u00edruj\u00fa McNeesov charakteristick\u00fd \u0161t\u00fdl.<\/p>\n<p>\u0160pecifik\u00e1cia<br \/>\nD\u013a\u017eka \u010depele: 4 cm<br \/>\nD\u013a\u017eka v zatvorenom stave: 6 cm<br \/>\nCelkov\u00e1 d\u013a\u017eka: 10 cm<br \/>\nHr\u00fabka \u010depele: 0,118&#8243;<br \/>\nMateri\u00e1l \u010depele: CTS-XHP Nerezov\u00e1 oce\u013e<br \/>\n\u0160t\u00fdl \u010depele: Wharncliffe<br \/>\nBr\u00fasenie \u010depele: \u0160able<br \/>\nPovrchov\u00e1 \u00faprava \u010depele: Stonewash<br \/>\nOstrie \u010depele: Hladk\u00e9<br \/>\nMateri\u00e1l rukov\u00e4te: Titan<br \/>\nFarba rukov\u00e4te: \u0161ed\u00e1<br \/>\nUzamykac\u00ed mechanizmus: R\u00e1m<br \/>\nVreckov\u00fd klip: Vykl\u00e1pacie, prav\u00e9 nosenie<br \/>\n\u010c\u00edslo modelu: C236TIP<br \/>\nMeno modelu: McBee<br \/>\nDizajn\u00e9r: Jonathan McNees<br \/>\nHmotnos\u0165: 1,7 oz.<\/p>\n","protected":false},"excerpt":{"rendered":"<p>Zatv\u00e1rac\u00ed N\u00f4\u017e Spyderco Jonathan McNees McBee C236TIP<\/p>\n<p>Jonathan McNees je veter\u00e1nom americkej n\u00e1mornej p\u011bchoty a v\u00e1\u0161niv\u00fdm outdoorsmanom, ktor\u00e9ho skuto\u010dn\u00e9 sk\u00fasenosti s pou\u017e\u00edvan\u00edm no\u017ea presvitaj\u00fa vo v\u0161etk\u00fdch jeho z\u00e1kazkov\u00fdch n\u00e1vrhoch. Jeho ultrakompaktn\u00e1 zlo\u017eka McNees vych\u00e1dzaj\u00faca z jeho ob\u013e\u00faben\u00e9ho modelu \u201eKiller B\u201c dokazuje, \u017ee funkcia je vecou dizajnu, nie ve\u013ekosti. Jeho \u010depe\u013e Wharncliffe, vyroben\u00e1 z CTS-XHP, pon\u00faka presnos\u0165 podobn\u00fa skalpelu a p\u00f4sobiv\u00fd rezn\u00fd v\u00fdkon, rovnako ako skuto\u010dn\u00fa mo\u017enos\u0165 otvorenia jednou rukou prostredn\u00edctvom okr\u00fahleho otvoru s ochrannou zn\u00e1mkou. Kamenn\u00e1 \u010depe\u013e je zladen\u00e1 s robustn\u00fdm z\u00e1mkom Reeve Integral Lock (RIL) zabudovan\u00fdm do jednej z mas\u00edvnych tit\u00e1nov\u00fdch stupn\u00edc rukov\u00e4te. Kapesn\u00e1 spona na pravej strane a lemovan\u00fd otvor na \u0161n\u00farku zaru\u010duj\u00fa pohodln\u00e9 nosenie, zatia\u013e \u010do te\u010dkovan\u00e9 akcenty na oto\u010dn\u00fdch skrutk\u00e1ch a rukov\u00e4ti kop\u00edruj\u00fa McNeesov charakteristick\u00fd \u0161t\u00fdl.<\/p>\n<p>\u0160pecifik\u00e1cia<br \/>\nD\u013a\u017eka \u010depele: 4 cm<br \/>\nD\u013a\u017eka v zavretom stave: 6 cm<br \/>\nCelkov\u00e1 d\u013a\u017eka: 10 cm<br \/>\nHr\u00fabka \u010depele: 0,118&#8243;<br \/>\nMateri\u00e1l \u010depele: CTS-XHP Nerezov\u00e1 ocel<br \/>\nStyl \u010depele: Wharncliffe<br \/>\nBr\u00fasenie \u010depele: \u0160able<br \/>\nPovrchov\u00e1 \u00faprava \u010depele: Stonewash<br \/>\nOstrie \u010depele: Hladk\u00e9<br \/>\nMateri\u00e1l rukov\u00e4te: Titan<br \/>\nFarba rukov\u00e4te: \u0161ed\u00e1<br \/>\nUzamykac\u00ed mechanizmus: R\u00e1m<br \/>\nVreckov\u00fd klip: Vykl\u00e1pacie, prav\u00e9 nosenie<br \/>\n\u010c\u00edslo modelu: C236TIP<br \/>\nMeno modelu: McBee<br \/>\nDesign\u00e9r: Jonathan McNees<br \/>\nHmotnos\u0165: 1,7 oz.<\/p>\n","protected":false},"featured_media":251824,"comment_status":"open","ping_status":"closed","template":"","meta":[],"pwb-brand":[3261],"product_brand":[],"product_cat":[3233,3186],"product_tag":[3668],"class_list":{"0":"post-251835","1":"product","2":"type-product","3":"status-publish","4":"has-post-thumbnail","6":"pwb-brand-zatvaraci-noz-spyderco-endura-flat-ground-gray-frn-c10fpgy","7":"product_cat-zatvaracie-noze","8":"product_cat-noze-sk","9":"product_tag-b2b-sk","11":"first","12":"instock","13":"taxable","14":"shipping-taxable","15":"purchasable","16":"product-type-simple"},"brands":[{"id":3261,"name":"Zatv\u00e1rac\u00ed N\u00f4\u017e Spyderco Endura Flat Ground Gray FRN C10FPGY","slug":"zatvaraci-noz-spyderco-endura-flat-ground-gray-frn-c10fpgy"}],"_links":{"self":[{"href":"https:\/\/www.moskito.cz\/sk\/wp-json\/wp\/v2\/product\/251835","targetHints":{"allow":["GET"]}}],"collection":[{"href":"https:\/\/www.moskito.cz\/sk\/wp-json\/wp\/v2\/product"}],"about":[{"href":"https:\/\/www.moskito.cz\/sk\/wp-json\/wp\/v2\/types\/product"}],"replies":[{"embeddable":true,"href":"https:\/\/www.moskito.cz\/sk\/wp-json\/wp\/v2\/comments?post=251835"}],"wp:featuredmedia":[{"embeddable":true,"href":"https:\/\/www.moskito.cz\/sk\/wp-json\/wp\/v2\/media\/251824"}],"wp:attachment":[{"href":"https:\/\/www.moskito.cz\/sk\/wp-json\/wp\/v2\/media?parent=251835"}],"wp:term":[{"taxonomy":"pwb-brand","embeddable":true,"href":"https:\/\/www.moskito.cz\/sk\/wp-json\/wp\/v2\/pwb-brand?post=251835"},{"taxonomy":"product_brand","embeddable":true,"href":"https:\/\/www.moskito.cz\/sk\/wp-json\/wp\/v2\/product_brand?post=251835"},{"taxonomy":"product_cat","embeddable":true,"href":"https:\/\/www.moskito.cz\/sk\/wp-json\/wp\/v2\/product_cat?post=251835"},{"taxonomy":"product_tag","embeddable":true,"href":"https:\/\/www.moskito.cz\/sk\/wp-json\/wp\/v2\/product_tag?post=251835"}],"curies":[{"name":"wp","href":"https:\/\/api.w.org\/{rel}","templated":true}]}}