{"id":251850,"date":"2023-07-02T08:58:32","date_gmt":"2023-07-02T07:58:32","guid":{"rendered":"https:\/\/www.moskito.cz\/produkt\/zatvaraci-noz-spyderco-urban-lightweight-slipjoint-c127pbk\/"},"modified":"2025-05-07T10:51:45","modified_gmt":"2025-05-07T09:51:45","slug":"zatvaraci-noz-spyderco-urban-lightweight-slipjoint-c127pbk","status":"publish","type":"product","link":"https:\/\/www.moskito.cz\/sk\/produkt\/zatvaraci-noz-spyderco-urban-lightweight-slipjoint-c127pbk\/","title":{"rendered":"Zatv\u00e1rac\u00ed N\u00f4\u017e Spyderco Urban Lightweight Slipjoint C127PBK"},"content":{"rendered":"<p>Zatv\u00e1rac\u00ed N\u00f4\u017e Spyderco Urban Lightweight Slipjoint C127PBK<\/p>\n<p>Urban Lightweight, perfektn\u00fd spolo\u010dn\u00edk je najnov\u0161ou evol\u00faciou p\u00f4vodn\u00e9ho Urbana. Ako \u010dlen rodiny SLIPIT poskytuje v\u00fdhody nosenia klipom a otv\u00e1rania jednou rukou, ale so spolo\u010densky pr\u00edvetiv\u00fdm bezzamykac\u00edm mechanizmom. Jeho \u010depe\u013e v tvare listu je \u00faplne ploch\u00e1 z nerezovej ocele N690CO pre vynikaj\u00facu geometriu ostria a je vybaven\u00e1 ukazov\u00e1kom, ktor\u00fd pom\u00e1ha zabr\u00e1ni\u0165 ne\u00famyseln\u00e9mu uzavretiu po\u010das pou\u017e\u00edvania. Vern\u00fd svojmu menu, Urban Lightweight m\u00e1 text\u00farovan\u00fa, sklen\u00fdm vl\u00e1knom vystu\u017een\u00fa nylonovou rukov\u00e4\u0165ou, ktor\u00e1 ju udr\u017euje ako \u013eahk\u00fa ako pierko a z\u00e1rove\u0148 poskytuje pln\u00e9 a bezpe\u010dn\u00e9 uchopenie. Bal\u00ed\u010dek dop\u013a\u0148a obojstrann\u00e1 dr\u00f4ten\u00e1 spona s hlbok\u00fdm vreckom, ktor\u00e9 pon\u00faka pohodln\u00e9 nosenie na oboch stran\u00e1ch tela. N\u00f4\u017e sa nezamyk\u00e1 z d\u00f4vodu ob\u00e1v o leg\u00e1lnos\u0165, ale st\u00e1le m\u00e1 siln\u00fd polovi\u010dn\u00fd dorazov\u00fd mechanizmus na bezpe\u010dn\u00e9 uzavretie \u010depele.<\/p>\n<p>\u0160pecifik\u00e1cia<br \/>\nD\u013a\u017eka \u010depele: 6.6 cm<br \/>\nRezn\u00e1 hrana: 5.9 cm<br \/>\nCelkov\u00e1 d\u013a\u017eka: 15.4 cm<br \/>\nD\u013a\u017eka v zatvorenom stave: 8.8 cm<br \/>\nHr\u00fabka \u010depele: 0.3 cm<br \/>\nOce\u013e \u010depele: Nerezov\u00e1 oce\u013e N690CO<br \/>\nHmotnos\u0165: 2,0 oz. (57 g)<br \/>\nMateri\u00e1l rukov\u00e4te: FRN<br \/>\nUzamykac\u00ed mechanizmus: Klzn\u00fd k\u013ab (bez aret\u00e1cie)<br \/>\nBr\u00fasenie: Plne ploch\u00e9<br \/>\nVyroben\u00e9 v Taliansku<\/p>\n","protected":false},"excerpt":{"rendered":"<p>Urban Lightweight, perfektn\u00fd spolo\u010dn\u00edk je najnov\u0161ou evol\u00faciou p\u00f4vodn\u00e9ho Urbana.<\/p>\n","protected":false},"featured_media":251839,"comment_status":"open","ping_status":"closed","template":"","meta":[],"pwb-brand":[3261],"product_brand":[],"product_cat":[3186,3233],"product_tag":[3668],"class_list":{"0":"post-251850","1":"product","2":"type-product","3":"status-publish","4":"has-post-thumbnail","6":"pwb-brand-zatvaraci-noz-spyderco-endura-flat-ground-gray-frn-c10fpgy","7":"product_cat-noze-sk","8":"product_cat-zatvaracie-noze","9":"product_tag-b2b-sk","11":"first","12":"instock","13":"taxable","14":"shipping-taxable","15":"purchasable","16":"product-type-simple"},"brands":[{"id":3261,"name":"Zatv\u00e1rac\u00ed N\u00f4\u017e Spyderco Endura Flat Ground Gray FRN C10FPGY","slug":"zatvaraci-noz-spyderco-endura-flat-ground-gray-frn-c10fpgy"}],"_links":{"self":[{"href":"https:\/\/www.moskito.cz\/sk\/wp-json\/wp\/v2\/product\/251850","targetHints":{"allow":["GET"]}}],"collection":[{"href":"https:\/\/www.moskito.cz\/sk\/wp-json\/wp\/v2\/product"}],"about":[{"href":"https:\/\/www.moskito.cz\/sk\/wp-json\/wp\/v2\/types\/product"}],"replies":[{"embeddable":true,"href":"https:\/\/www.moskito.cz\/sk\/wp-json\/wp\/v2\/comments?post=251850"}],"wp:featuredmedia":[{"embeddable":true,"href":"https:\/\/www.moskito.cz\/sk\/wp-json\/wp\/v2\/media\/251839"}],"wp:attachment":[{"href":"https:\/\/www.moskito.cz\/sk\/wp-json\/wp\/v2\/media?parent=251850"}],"wp:term":[{"taxonomy":"pwb-brand","embeddable":true,"href":"https:\/\/www.moskito.cz\/sk\/wp-json\/wp\/v2\/pwb-brand?post=251850"},{"taxonomy":"product_brand","embeddable":true,"href":"https:\/\/www.moskito.cz\/sk\/wp-json\/wp\/v2\/product_brand?post=251850"},{"taxonomy":"product_cat","embeddable":true,"href":"https:\/\/www.moskito.cz\/sk\/wp-json\/wp\/v2\/product_cat?post=251850"},{"taxonomy":"product_tag","embeddable":true,"href":"https:\/\/www.moskito.cz\/sk\/wp-json\/wp\/v2\/product_tag?post=251850"}],"curies":[{"name":"wp","href":"https:\/\/api.w.org\/{rel}","templated":true}]}}