{"id":251880,"date":"2023-07-02T11:13:38","date_gmt":"2023-07-02T10:13:38","guid":{"rendered":"https:\/\/www.moskito.cz\/produkt\/zatvaraci-noz-spyderco-dragonfly-2-salt-c28syl2\/"},"modified":"2023-11-20T17:35:00","modified_gmt":"2023-11-20T16:35:00","slug":"zatvaraci-noz-spyderco-dragonfly-2-salt-c28syl2","status":"publish","type":"product","link":"https:\/\/www.moskito.cz\/sk\/produkt\/zatvaraci-noz-spyderco-dragonfly-2-salt-c28syl2\/","title":{"rendered":"Zatv\u00e1rac\u00ed N\u00f4\u017e Spyderco Dragonfly 2 Salt C28SYL2"},"content":{"rendered":"<p>Zatv\u00e1rac\u00ed N\u00f4\u017e Spyderco Dragonfly 2 Salt C28SYL2<\/p>\n<p>Spyderco Dragonfly 2 je teraz pon\u00fakan\u00fd s mo\u017enos\u0165ou \u010depele H2 ultra odolnej proti kor\u00f3zii, nazvan\u00fa Dragonfly 2 Salt. To, \u010do rob\u00ed Dragonfly bestsellerom, je jej stredne ve\u013ek\u00e1 \u010depe\u013e, ergonomick\u00e1 rukov\u00e4\u0165 s v\u00fdrezom na predn\u00fd prst a chrbtov\u00fd hrbol\u010dek. Jeho geometria medzi \u010depe\u013eou a rukov\u00e4\u0165ou a p\u00e1kov\u00e9 body vyp\u013a\u0148aj\u00fa zvieraj\u00facu ruku, tak\u017ee m\u00e1te pocit, \u017ee re\u017eete ove\u013ea v\u00e4\u010d\u0161\u00edm no\u017eom. Rukov\u00e4\u0165 FRN (nylon vystu\u017een\u00fd sklenen\u00fdmi vl\u00e1knami) je tvarovan\u00e1 so vzorom \u00fachopu naz\u00fdvan\u00fdm Bi-Directional Texturing, ktor\u00fd ergonomicky vyp\u013a\u0148a ruku radom uhlov a p\u00e1kov\u00fdch bodov a je k dispoz\u00edcii v morskej \u017eltej.<\/p>\n<p>Pridanie texturovan\u00e9ho lemovania na choil, chrbte a kon\u0161trukcii rukov\u00e4te so skrutkami a \u013eav\u00e1\/prav\u00e1 sklopn\u00e1 dr\u00f4ten\u00e1 spona umo\u017e\u0148uje \u013eahk\u00e9 a pohodln\u00e9 nosenie vo vrecku. Presn\u00e9 umiestnenie roz\u0161\u00edren\u00e9ho okr\u00fahleho otvoru Spyderco vzh\u013eadom k \u010dapu umo\u017e\u0148uje hladk\u00e9 otv\u00e1ranie\/zatv\u00e1ranie. Kot\u00fa\u010d s dut\u00fdm br\u00fasen\u00edm pre vysok\u00fd rezn\u00fd v\u00fdkon sa dod\u00e1va v konfigur\u00e1cii PlainEdge alebo SpyderEdge.<\/p>\n<p>Funkcia<br \/>\n\u013dav\u00e1\/prav\u00e1, vykl\u00e1pacia dr\u00f4ten\u00e1 spona<br \/>\nDavid Boye Dent<br \/>\n11mm okr\u00fahly otvor Spyderco<br \/>\nObojsmern\u00e9 rukov\u00e4te s text\u00farou FRN<br \/>\nChrbtica, choil a rukov\u00e4\u0165 imping<br \/>\nPloch\u00e1 br\u00fasen\u00e1 \u010depe\u013e v tvare listu<\/p>\n<p>\u0160pecifik\u00e1cia<br \/>\nD\u013a\u017eka \u010depele: 6 cm<br \/>\nD\u013a\u017eka v zatvorenom stave: 8.27 cm<br \/>\nCelkov\u00e1 d\u013a\u017eka: 14.5 cm<br \/>\nOce\u013e: H2 ultra-kor\u00f3zii odoln\u00e1 oce\u013e<br \/>\nHmotnos\u0165: 1,2 oz. (34 g)<br \/>\nVyroben\u00e9 v Japonsku<\/p>\n","protected":false},"excerpt":{"rendered":"<p>Spyderco Dragonfly 2 je teraz pon\u00fakan\u00fd s mo\u017enos\u0165ou \u010depele H2 ultra odolnej proti kor\u00f3zii, nazvan\u00fa Dragonfly 2 Salt.<\/p>\n","protected":false},"featured_media":251869,"comment_status":"open","ping_status":"closed","template":"","meta":[],"pwb-brand":[3261],"product_brand":[],"product_cat":[3233,3186],"product_tag":[3668],"class_list":{"0":"post-251880","1":"product","2":"type-product","3":"status-publish","4":"has-post-thumbnail","6":"pwb-brand-zatvaraci-noz-spyderco-endura-flat-ground-gray-frn-c10fpgy","7":"product_cat-zatvaracie-noze","8":"product_cat-noze-sk","9":"product_tag-b2b-sk","11":"first","12":"instock","13":"sale","14":"taxable","15":"shipping-taxable","16":"purchasable","17":"product-type-simple"},"brands":[{"id":3261,"name":"Zatv\u00e1rac\u00ed N\u00f4\u017e Spyderco Endura Flat Ground Gray FRN C10FPGY","slug":"zatvaraci-noz-spyderco-endura-flat-ground-gray-frn-c10fpgy"}],"_links":{"self":[{"href":"https:\/\/www.moskito.cz\/sk\/wp-json\/wp\/v2\/product\/251880","targetHints":{"allow":["GET"]}}],"collection":[{"href":"https:\/\/www.moskito.cz\/sk\/wp-json\/wp\/v2\/product"}],"about":[{"href":"https:\/\/www.moskito.cz\/sk\/wp-json\/wp\/v2\/types\/product"}],"replies":[{"embeddable":true,"href":"https:\/\/www.moskito.cz\/sk\/wp-json\/wp\/v2\/comments?post=251880"}],"wp:featuredmedia":[{"embeddable":true,"href":"https:\/\/www.moskito.cz\/sk\/wp-json\/wp\/v2\/media\/251869"}],"wp:attachment":[{"href":"https:\/\/www.moskito.cz\/sk\/wp-json\/wp\/v2\/media?parent=251880"}],"wp:term":[{"taxonomy":"pwb-brand","embeddable":true,"href":"https:\/\/www.moskito.cz\/sk\/wp-json\/wp\/v2\/pwb-brand?post=251880"},{"taxonomy":"product_brand","embeddable":true,"href":"https:\/\/www.moskito.cz\/sk\/wp-json\/wp\/v2\/product_brand?post=251880"},{"taxonomy":"product_cat","embeddable":true,"href":"https:\/\/www.moskito.cz\/sk\/wp-json\/wp\/v2\/product_cat?post=251880"},{"taxonomy":"product_tag","embeddable":true,"href":"https:\/\/www.moskito.cz\/sk\/wp-json\/wp\/v2\/product_tag?post=251880"}],"curies":[{"name":"wp","href":"https:\/\/api.w.org\/{rel}","templated":true}]}}