{"id":251914,"date":"2023-07-02T19:16:16","date_gmt":"2023-07-02T18:16:16","guid":{"rendered":"https:\/\/www.moskito.cz\/produkt\/zatvaraci-noz-spyderco-dragonfly-2-hawkbill-salt-c28syl2hb\/"},"modified":"2025-05-07T10:51:47","modified_gmt":"2025-05-07T09:51:47","slug":"zatvaraci-noz-spyderco-dragonfly-2-hawkbill-salt-c28syl2hb","status":"publish","type":"product","link":"https:\/\/www.moskito.cz\/sk\/produkt\/zatvaraci-noz-spyderco-dragonfly-2-hawkbill-salt-c28syl2hb\/","title":{"rendered":"Zatv\u00e1rac\u00ed N\u00f4\u017e Spyderco Dragonfly 2 Hawkbill Salt C28SYL2HB"},"content":{"rendered":"<p>Zatv\u00e1rac\u00ed N\u00f4\u017e Spyderco Dragonfly 2 Hawkbill Salt C28SYL2HB<\/p>\n<p>T\u00e1to verzia nesmierne popul\u00e1rny Dragonfly 2 Lightweight od Spyderca m\u00e1 v\u0161etko. Tento pozoruhodn\u00fd n\u00f4\u017e kombinuje osved\u010den\u00fd dizajn platformy Dragonfly 2, ultra-kor\u00f3ziu odoln\u00fa oce\u013e H2 a extr\u00e9mnu rezn\u00fa silu \u010depele. Ako zvierac\u00ed paz\u00far sa \u010depele jastraba zabodn\u00fa \u0161pi\u010dkou a zbieraj\u00fa strihan\u00fd predmet, v\u0165ahuj\u00fa ho do konk\u00e1vneho okraja a vytv\u00e1raj\u00fa vysoko s\u00fastreden\u00fd rezn\u00fd v\u00fdkon. To z nich rob\u00ed perfektn\u00e9 n\u00e1stroje na rezanie sie\u0165oviny, vlo\u017eky a \u010fal\u0161\u00edch vl\u00e1knit\u00fdch materi\u00e1lov. Ke\u010f je vyroben\u00e1 z ocele H2 \u2013 pokro\u010dil\u00e1 technol\u00f3gia na b\u00e1ze dus\u00edka, ktor\u00e1 je neuverite\u013ene odoln\u00e1 vo\u010di hrdzi \u2013 a prepl\u0148ovan\u00e1 agres\u00edvne plne z\u00fabkovan\u00fdm SpyderEdge, \u010depe\u013e Dragonfly 2 Hawkbill re\u017ee s autoritou \u010faleko presahuj\u00facou jej kompaktn\u00fa ve\u013ekos\u0165.<\/p>\n<p>\u0160pecifik\u00e1cia<br \/>\nD\u013a\u017eka \u010depele: 5.8 cm<br \/>\nD\u013a\u017eka v zatvorenom stave: 8.5 cm<br \/>\nCelkov\u00e1 d\u013a\u017eka: 13.9 cm<br \/>\nOce\u013e: H2 ultra-kor\u00f3zii odoln\u00e1 oce\u013e<br \/>\nHr\u00fabka \u010depele: 0.25 cm<br \/>\nHmotnos\u0165: 1,3 oz. (37 g)<br \/>\nVyroben\u00e9 v Japonsku<\/p>\n","protected":false},"excerpt":{"rendered":"<p>T\u00e1to verzia nesmierne popul\u00e1rny Dragonfly 2 Lightweight od Spyderca m\u00e1 v\u0161etko. Tento pozoruhodn\u00fd n\u00f4\u017e kombinuje osved\u010den\u00fd dizajn platformy Dragonfly 2, ultra-kor\u00f3ziu odoln\u00fa oce\u013e H2 a extr\u00e9mnu rezn\u00fa silu \u010depele.<\/p>\n","protected":false},"featured_media":251900,"comment_status":"open","ping_status":"closed","template":"","meta":[],"pwb-brand":[3261],"product_brand":[],"product_cat":[3233,3186],"product_tag":[3668],"class_list":{"0":"post-251914","1":"product","2":"type-product","3":"status-publish","4":"has-post-thumbnail","6":"pwb-brand-zatvaraci-noz-spyderco-endura-flat-ground-gray-frn-c10fpgy","7":"product_cat-zatvaracie-noze","8":"product_cat-noze-sk","9":"product_tag-b2b-sk","11":"first","12":"outofstock","13":"taxable","14":"shipping-taxable","15":"purchasable","16":"product-type-simple"},"brands":[{"id":3261,"name":"Zatv\u00e1rac\u00ed N\u00f4\u017e Spyderco Endura Flat Ground Gray FRN C10FPGY","slug":"zatvaraci-noz-spyderco-endura-flat-ground-gray-frn-c10fpgy"}],"_links":{"self":[{"href":"https:\/\/www.moskito.cz\/sk\/wp-json\/wp\/v2\/product\/251914","targetHints":{"allow":["GET"]}}],"collection":[{"href":"https:\/\/www.moskito.cz\/sk\/wp-json\/wp\/v2\/product"}],"about":[{"href":"https:\/\/www.moskito.cz\/sk\/wp-json\/wp\/v2\/types\/product"}],"replies":[{"embeddable":true,"href":"https:\/\/www.moskito.cz\/sk\/wp-json\/wp\/v2\/comments?post=251914"}],"wp:featuredmedia":[{"embeddable":true,"href":"https:\/\/www.moskito.cz\/sk\/wp-json\/wp\/v2\/media\/251900"}],"wp:attachment":[{"href":"https:\/\/www.moskito.cz\/sk\/wp-json\/wp\/v2\/media?parent=251914"}],"wp:term":[{"taxonomy":"pwb-brand","embeddable":true,"href":"https:\/\/www.moskito.cz\/sk\/wp-json\/wp\/v2\/pwb-brand?post=251914"},{"taxonomy":"product_brand","embeddable":true,"href":"https:\/\/www.moskito.cz\/sk\/wp-json\/wp\/v2\/product_brand?post=251914"},{"taxonomy":"product_cat","embeddable":true,"href":"https:\/\/www.moskito.cz\/sk\/wp-json\/wp\/v2\/product_cat?post=251914"},{"taxonomy":"product_tag","embeddable":true,"href":"https:\/\/www.moskito.cz\/sk\/wp-json\/wp\/v2\/product_tag?post=251914"}],"curies":[{"name":"wp","href":"https:\/\/api.w.org\/{rel}","templated":true}]}}