{"id":251944,"date":"2023-07-02T19:49:33","date_gmt":"2023-07-02T18:49:33","guid":{"rendered":"https:\/\/www.moskito.cz\/produkt\/zatvaraci-noz-spyderco-cricket-c29p\/"},"modified":"2023-11-20T17:35:04","modified_gmt":"2023-11-20T16:35:04","slug":"zatvaraci-noz-spyderco-cricket-c29p","status":"publish","type":"product","link":"https:\/\/www.moskito.cz\/sk\/produkt\/zatvaraci-noz-spyderco-cricket-c29p\/","title":{"rendered":"Zatv\u00e1rac\u00ed N\u00f4\u017e Spyderco Cricket C29P"},"content":{"rendered":"<p>Zatv\u00e1rac\u00ed N\u00f4\u017e Spyderco Cricket C29P<\/p>\n<p>Tenk\u00fd je dovn\u00fatra. N\u00e1\u0161 dlho ob\u013e\u00faben\u00fd model Cricket sme e\u0161te sten\u010dili integr\u00e1ciou rukov\u00e4te a z\u00e1mku. Z\u00e1kazkov\u00fd no\u017eiar Chris Reeve vymyslel my\u0161lienku vyrobi\u0165 vlo\u017eku linerlock zo zadnej strany rukov\u00e4te. T\u00fdm sa z rukov\u00e4te odstr\u00e1ni hr\u00fabka a objem a vznikne ultratenk\u00e1 zlo\u017eka, ktor\u00e1 sa spo\u013eahlivo uzamkne s men\u0161\u00edm po\u010dtom pohybliv\u00fdch \u010dast\u00ed z\u00e1mku.<\/p>\n<p>Tento dizajn sme zakomponovali do zaoblenej rukov\u00e4te s \u010depe\u013eou v tvare obr\u00e1ten\u00e9ho &#8222;S&#8220;. Charakteristick\u00fd tvar \u010depele sa zakrivuje do ostrej a presnej \u0161pi\u010dky pre zlo\u017eit\u00e9\/detailn\u00e9 rezanie. \u010cepe\u013e je vyroben\u00e1 z nerezovej ocele VG-10 a je duto br\u00fasen\u00e1 a po zlo\u017een\u00ed vytv\u00e1ra zaoblen\u00fd obal, ktor\u00fd sa vo vrecku pohybuje takmer nevidite\u013ene. Vreckov\u00e1 spona nesie pravostrann\u00fd tip dole, ale tie\u017e sa pripevn\u00ed na kravatu alebo vytvor\u00ed m\u00f3dnu sponu na peniaze. Vytvorte si svoj vlastn\u00fd jedine\u010dn\u00fd kriket s rytinou, firemn\u00fdmi logami alebo osobn\u00fdm odkazom.<\/p>\n<p>\u0160pecifik\u00e1cia<br \/>\nCelkov\u00e1 d\u013a\u017eka: 11.7 cm<br \/>\nD\u013a\u017eka v zatvorenom stave: 7 cm<br \/>\nD\u013a\u017eka \u010depele: 4.8 cm<br \/>\nHr\u00fabka \u010depele: 0.2 cm<br \/>\nOce\u013e \u010depele: VG-10<br \/>\nHmotnos\u0165: 1,75 oz. (49 g)<br \/>\nMateri\u00e1l rukov\u00e4te: Nerezov\u00e1 oce\u013e<br \/>\nVreckov\u00e1 spona z nerezovej ocele<br \/>\nVyroben\u00e9 v Seki-City, Japonsko<\/p>\n","protected":false},"excerpt":{"rendered":"<p>Tento dizajn sme zakomponovali do zaoblenej rukov\u00e4te s \u010depe\u013eou v tvare obr\u00e1ten\u00e9ho &#8222;S&#8220;. Charakteristick\u00fd tvar \u010depele sa zakrivuje do ostrej a presnej \u0161pi\u010dky pre zlo\u017eit\u00e9\/detailn\u00e9 rezanie.<\/p>\n","protected":false},"featured_media":251933,"comment_status":"open","ping_status":"closed","template":"","meta":[],"pwb-brand":[3261],"product_brand":[],"product_cat":[3233,3186],"product_tag":[3668],"class_list":{"0":"post-251944","1":"product","2":"type-product","3":"status-publish","4":"has-post-thumbnail","6":"pwb-brand-zatvaraci-noz-spyderco-endura-flat-ground-gray-frn-c10fpgy","7":"product_cat-zatvaracie-noze","8":"product_cat-noze-sk","9":"product_tag-b2b-sk","11":"first","12":"instock","13":"taxable","14":"shipping-taxable","15":"purchasable","16":"product-type-simple"},"brands":[{"id":3261,"name":"Zatv\u00e1rac\u00ed N\u00f4\u017e Spyderco Endura Flat Ground Gray FRN C10FPGY","slug":"zatvaraci-noz-spyderco-endura-flat-ground-gray-frn-c10fpgy"}],"_links":{"self":[{"href":"https:\/\/www.moskito.cz\/sk\/wp-json\/wp\/v2\/product\/251944","targetHints":{"allow":["GET"]}}],"collection":[{"href":"https:\/\/www.moskito.cz\/sk\/wp-json\/wp\/v2\/product"}],"about":[{"href":"https:\/\/www.moskito.cz\/sk\/wp-json\/wp\/v2\/types\/product"}],"replies":[{"embeddable":true,"href":"https:\/\/www.moskito.cz\/sk\/wp-json\/wp\/v2\/comments?post=251944"}],"wp:featuredmedia":[{"embeddable":true,"href":"https:\/\/www.moskito.cz\/sk\/wp-json\/wp\/v2\/media\/251933"}],"wp:attachment":[{"href":"https:\/\/www.moskito.cz\/sk\/wp-json\/wp\/v2\/media?parent=251944"}],"wp:term":[{"taxonomy":"pwb-brand","embeddable":true,"href":"https:\/\/www.moskito.cz\/sk\/wp-json\/wp\/v2\/pwb-brand?post=251944"},{"taxonomy":"product_brand","embeddable":true,"href":"https:\/\/www.moskito.cz\/sk\/wp-json\/wp\/v2\/product_brand?post=251944"},{"taxonomy":"product_cat","embeddable":true,"href":"https:\/\/www.moskito.cz\/sk\/wp-json\/wp\/v2\/product_cat?post=251944"},{"taxonomy":"product_tag","embeddable":true,"href":"https:\/\/www.moskito.cz\/sk\/wp-json\/wp\/v2\/product_tag?post=251944"}],"curies":[{"name":"wp","href":"https:\/\/api.w.org\/{rel}","templated":true}]}}