{"id":251956,"date":"2023-07-02T20:07:28","date_gmt":"2023-07-02T19:07:28","guid":{"rendered":"https:\/\/www.moskito.cz\/produkt\/zatvaraci-noz-spyderco-dragonfly-c28p\/"},"modified":"2023-11-20T17:35:05","modified_gmt":"2023-11-20T16:35:05","slug":"zatvaraci-noz-spyderco-dragonfly-c28p","status":"publish","type":"product","link":"https:\/\/www.moskito.cz\/sk\/produkt\/zatvaraci-noz-spyderco-dragonfly-c28p\/","title":{"rendered":"Zatv\u00e1rac\u00ed N\u00f4\u017e Spyderco Dragonfly C28P"},"content":{"rendered":"<p>Zatv\u00e1rac\u00ed N\u00f4\u017e Spyderco Dragonfly C28P<\/p>\n<p>Je mal\u00fd, kompletne nerezov\u00fd, \u010dak\u00e1 len na vyrytie alebo personaliz\u00e1ciu. Nerezov\u00e1 v\u00e1\u017eka je ve\u013emi premyslen\u00fdm dar\u010dekom pre \u010dloveka, ktor\u00fd si mysl\u00ed, \u017ee m\u00e1 v\u0161etko. Ploch\u00fd a hladk\u00fd povrch rukov\u00e4te je ide\u00e1lny na grav\u00edrovanie mien ml\u00e1denca alebo na po\u010fakovanie otcovi na De\u0148 otcov.<\/p>\n<p>\u010cepe\u013e v tvare listu je vyroben\u00e1 z prvotriednej nerezovej ocele VG-10 a je naplocho br\u00fasen\u00e1 s tenk\u00fdm br\u00fasen\u00fdm ostr\u00edm. Nad okr\u00fahlym otvorom Spyderco je umiestnen\u00fd bod na nastavenie palca, ktor\u00fd poskytuje n\u00e1kup a kontrolu pri rezan\u00ed. Kovov\u00e1 vreckov\u00e1 spona s tromi skrutkami umiest\u0148uje zlo\u017eku na pren\u00e1\u0161anie vykl\u00e1pan\u00edm.<\/p>\n<p>\u0160pecifik\u00e1cia<br \/>\nCelkov\u00e1 d\u013a\u017eka: 13.8 cm<br \/>\nD\u013a\u017eka v zatvorenom stave: 8.2 cm<br \/>\nD\u013a\u017eka \u010depele: 5.8 cm<br \/>\nHr\u00fabka \u010depele: 0.25 cm<br \/>\nOce\u013e \u010depele: VG-10<br \/>\nHmotnos\u0165: 2,6 oz. (73 g)<br \/>\nMateri\u00e1l rukov\u00e4te: Nerezov\u00e1 oce\u013e<br \/>\nVyroben\u00e9 v Seki-City, Japonsko<\/p>\n","protected":false},"excerpt":{"rendered":"<p>Je mal\u00fd, kompletne nerezov\u00fd, \u010dak\u00e1 len na vyrytie alebo personaliz\u00e1ciu.<\/p>\n","protected":false},"featured_media":251948,"comment_status":"open","ping_status":"closed","template":"","meta":[],"pwb-brand":[3261],"product_brand":[],"product_cat":[3233,3186],"product_tag":[3668],"class_list":{"0":"post-251956","1":"product","2":"type-product","3":"status-publish","4":"has-post-thumbnail","6":"pwb-brand-zatvaraci-noz-spyderco-endura-flat-ground-gray-frn-c10fpgy","7":"product_cat-zatvaracie-noze","8":"product_cat-noze-sk","9":"product_tag-b2b-sk","11":"first","12":"instock","13":"taxable","14":"shipping-taxable","15":"purchasable","16":"product-type-simple"},"brands":[{"id":3261,"name":"Zatv\u00e1rac\u00ed N\u00f4\u017e Spyderco Endura Flat Ground Gray FRN C10FPGY","slug":"zatvaraci-noz-spyderco-endura-flat-ground-gray-frn-c10fpgy"}],"_links":{"self":[{"href":"https:\/\/www.moskito.cz\/sk\/wp-json\/wp\/v2\/product\/251956","targetHints":{"allow":["GET"]}}],"collection":[{"href":"https:\/\/www.moskito.cz\/sk\/wp-json\/wp\/v2\/product"}],"about":[{"href":"https:\/\/www.moskito.cz\/sk\/wp-json\/wp\/v2\/types\/product"}],"replies":[{"embeddable":true,"href":"https:\/\/www.moskito.cz\/sk\/wp-json\/wp\/v2\/comments?post=251956"}],"wp:featuredmedia":[{"embeddable":true,"href":"https:\/\/www.moskito.cz\/sk\/wp-json\/wp\/v2\/media\/251948"}],"wp:attachment":[{"href":"https:\/\/www.moskito.cz\/sk\/wp-json\/wp\/v2\/media?parent=251956"}],"wp:term":[{"taxonomy":"pwb-brand","embeddable":true,"href":"https:\/\/www.moskito.cz\/sk\/wp-json\/wp\/v2\/pwb-brand?post=251956"},{"taxonomy":"product_brand","embeddable":true,"href":"https:\/\/www.moskito.cz\/sk\/wp-json\/wp\/v2\/product_brand?post=251956"},{"taxonomy":"product_cat","embeddable":true,"href":"https:\/\/www.moskito.cz\/sk\/wp-json\/wp\/v2\/product_cat?post=251956"},{"taxonomy":"product_tag","embeddable":true,"href":"https:\/\/www.moskito.cz\/sk\/wp-json\/wp\/v2\/product_tag?post=251956"}],"curies":[{"name":"wp","href":"https:\/\/api.w.org\/{rel}","templated":true}]}}